{"id":729077,"date":"2025-08-27T20:49:53","date_gmt":"2025-08-27T17:49:53","guid":{"rendered":"https:\/\/roveyayinevi.com.tr\/index.php\/urun\/dugumlere-bitisik\/"},"modified":"2026-04-16T02:36:44","modified_gmt":"2026-04-15T23:36:44","slug":"dugumlere-bitisik","status":"publish","type":"product","link":"https:\/\/roveyayinevi.com.tr\/index.php\/urun\/dugumlere-bitisik\/","title":{"rendered":"D\u00fc\u011f\u00fcmlere Biti\u015fik"},"content":{"rendered":"<p>Son tren kalkal\u0131 hayli olmu\u015f. Sessizlik b\u00fcy\u00fcd\u00fck\u00e7e b\u00fcy\u00fcyor. \u0130stasyon sa\u00e7aklar\u0131n\u0131n alt\u0131ndaki bankta, yan yana oturuyoruz. Art arda istifli kara vagonlar, az ileride karanl\u0131\u011fa ulan\u0131yor. G\u00f6vdelerinden y\u00fckselen pas tad\u0131, as\u0131l\u0131 kalm\u0131\u015f havada. Dilimi de\u011fdiriversem diye ge\u00e7iriyorum. Solu\u011fumun s\u0131ca\u011f\u0131yla \u00e7\u00f6z\u00fclen s\u0131rdan, g\u00f6zlerim \u00fcrk\u00fcyor. Sekerek vagonlar\u0131n aras\u0131na kar\u0131\u015f\u0131yor. Zifiri karanl\u0131\u011fa kar\u0131\u015fmadan narin boynunu \u00e7evirip bak\u0131yor. \u201cKalk pe\u015fime d\u00fc\u015f!\u201d \u00e7a\u011fr\u0131s\u0131 bu. Cesur de\u011filim. Beriden \u00f6teye uzanan bir \u015fey var. \u0130\u00e7eriden d\u0131\u015far\u0131ya. Ellerime, ayaklar\u0131ma dolanan bir \u015fey. Ellerime dolan\u0131yor. S\u0131ms\u0131k\u0131 sar\u0131yor. Belki keskin. So\u011fuk mu \u0131slak m\u0131? Dola\u015f\u0131k. Ellerimi savuruyorum. Daha h\u0131zl\u0131. S\u0131y\u0131r\u0131p at! Uzaktan bir tren d\u00fcd\u00fc\u011f\u00fc \u00e7al\u0131n\u0131yor kulaklar\u0131m\u0131za. Ellerim ne kadar umutsuz, o kadar dermans\u0131z d\u00fc\u015f\u00fcyor kuca\u011f\u0131ma. Raylar \u015favk\u0131yor. Kar ba\u015fl\u0131yor.\u201cPosta treni g\u00f6rd\u00fcn m\u00fc hi\u00e7?\u201d<\/p>\n","protected":false},"excerpt":{"rendered":"<p>Son tren kalkal\u0131 hayli olmu\u015f. Sessizlik b\u00fcy\u00fcd\u00fck\u00e7e b\u00fcy\u00fcyor. \u0130stasyon sa\u00e7aklar\u0131n\u0131n alt\u0131ndaki bankta, yan yana oturuyoruz. Art arda istifli kara vagonlar, az ileride karanl\u0131\u011fa ulan\u0131yor. G\u00f6vdelerinden y\u00fckselen<span class=\"excerpt-hellip\"> [\u2026]<\/span><\/p>\n","protected":false},"featured_media":0,"template":"","meta":{"_monsterinsights_skip_tracking":false,"_monsterinsights_sitenote_active":false,"_monsterinsights_sitenote_note":"","_monsterinsights_sitenote_category":0},"product_brand":[],"product_cat":[12291,18202],"product_tag":[],"class_list":{"0":"post-729077","1":"product","2":"type-product","3":"status-publish","5":"product_cat-edebiyat","6":"product_cat-hikaye","7":"pa_cilt-ciltsiz","8":"pa_tur-kitap","9":"pa_yayinevi-otuken-nesriyat","10":"pa_yazar-merve-sevde-selvi","12":"first","13":"instock","14":"sale","15":"shipping-taxable","16":"purchasable","17":"product-type-simple"},"_links":{"self":[{"href":"https:\/\/roveyayinevi.com.tr\/index.php\/wp-json\/wp\/v2\/product\/729077","targetHints":{"allow":["GET"]}}],"collection":[{"href":"https:\/\/roveyayinevi.com.tr\/index.php\/wp-json\/wp\/v2\/product"}],"about":[{"href":"https:\/\/roveyayinevi.com.tr\/index.php\/wp-json\/wp\/v2\/types\/product"}],"wp:attachment":[{"href":"https:\/\/roveyayinevi.com.tr\/index.php\/wp-json\/wp\/v2\/media?parent=729077"}],"wp:term":[{"taxonomy":"product_brand","embeddable":true,"href":"https:\/\/roveyayinevi.com.tr\/index.php\/wp-json\/wp\/v2\/product_brand?post=729077"},{"taxonomy":"product_cat","embeddable":true,"href":"https:\/\/roveyayinevi.com.tr\/index.php\/wp-json\/wp\/v2\/product_cat?post=729077"},{"taxonomy":"product_tag","embeddable":true,"href":"https:\/\/roveyayinevi.com.tr\/index.php\/wp-json\/wp\/v2\/product_tag?post=729077"}],"curies":[{"name":"wp","href":"https:\/\/api.w.org\/{rel}","templated":true}]}}