{"id":729073,"date":"2025-08-27T20:49:49","date_gmt":"2025-08-27T17:49:49","guid":{"rendered":"https:\/\/roveyayinevi.com.tr\/index.php\/urun\/okul-oncesi-seti-4-kitap-takim\/"},"modified":"2026-04-16T02:36:44","modified_gmt":"2026-04-15T23:36:44","slug":"okul-oncesi-seti-4-kitap-takim","status":"publish","type":"product","link":"https:\/\/roveyayinevi.com.tr\/index.php\/urun\/okul-oncesi-seti-4-kitap-takim\/","title":{"rendered":"Okul \u00d6ncesi Seti (4 Kitap Tak\u0131m)"},"content":{"rendered":"<p>Komik Hayvan \u0130simleri Bakanl\u0131\u011f\u0131Sahanda Yumurta Denizanas\u0131, Diken S\u0131rtl\u0131 Maymun Surat Bal\u0131\u011f\u0131, Pembe Peri Armadillo. \u0130nanmayacaks\u0131n ama bu hayvanlar\u0131n hepsi ger\u00e7ekten var!Komik Hayvan \u0130simleri Bakanl\u0131\u011f\u0131\u2019na ho\u015f geldin! Buradaki hayvanlar\u0131n bir ortak noktas\u0131 var, hepsi isimlerini de\u011fi\u015ftirmek istiyor.B\u00fcy\u00fcleyici hayvanlar ve onlar\u0131n bitmeyen kahkahalar\u0131yla dolu, \u00e7\u0131lg\u0131ncas\u0131na e\u011flenceli bir kitap bu. Peki ya sen, hayat\u0131nda hi\u00e7 P\u00fcsk\u00fcll\u00fc Hal\u0131 K\u00f6pekbal\u0131\u011f\u0131 g\u00f6rd\u00fcn m\u00fc?Not: H\u00e2l\u00e2 bu isimlere inanam\u0131yorsan, kitab\u0131n son sayfas\u0131na bir g\u00f6z at. KrokodaliKrokodali d\u00fcnyan\u0131n en iyi ressam\u0131! Ama birazc\u0131k yard\u0131ma ihtiyac\u0131 olabilir&#8230;Onun birlikte bir ba\u015fyap\u0131t yaratabilir misin?Haydi kollar\u0131 s\u0131va ve elindeki kitab\u0131 e\u011ferek, sallayarak ve ovu\u015fturarak bu komik \u00f6yk\u00fcye sen de ortak ol! Sak\u0131n unutma, Krokodali ne derse onu yapmal\u0131s\u0131n. En k\u00f6t\u00fc ne mi olabilir? Sayfay\u0131 \u00e7evir de g\u00f6r! Bu Kitab\u0131n Ortas\u0131nda Duvar varBir varm\u0131\u015f, bir yokmu\u015f. Bir zamanlar, resimli bir \u00e7ocuk kitab\u0131n\u0131n i\u00e7inde herkes bir taraftan \u00f6teki tarafa gezip dola\u015f\u0131rm\u0131\u015f. Ve hepsi \u00e7ok mutluymu\u015f&#8230; Sonra bir g\u00fcn, biri kitab\u0131n ortas\u0131na bir duvar \u00f6rm\u00fc\u015f. Art\u0131k hi\u00e7biri bir taraftan \u00f6teki tarafa ko\u015fturup duramaz olmu\u015f. Kimse bu durumdan mutlu de\u011filmi\u015f, bir ki\u015fi d\u0131\u015f\u0131nda&#8230; K\u00fc\u00e7\u00fck bir \u015f\u00f6valye. O, kitab\u0131n ortas\u0131ndaki duvar\u0131 \u00e7ok sevmi\u015f. Kendi bulundu\u011fu taraf\u0131n g\u00fcvenli, \u00f6teki taraf\u0131n ise tehlikeli oldu\u011funu d\u00fc\u015f\u00fcn\u00fcyormu\u015f. Ama zamanla anla\u015f\u0131lm\u0131\u015f ki durum pek de \u00f6yle de\u011fil. Peki \u015fimdi ne olacak? K\u00fc\u00e7\u00fck \u015f\u00f6valye oradan nas\u0131l kurtulacak? Duvar\u0131n di\u011fer taraf\u0131ndanki dev d\u00fc\u015f\u00fcnd\u00fc\u011f\u00fc kadar tehlikeli olmayabilir mi?\u00dcnl\u00fc \u00e7ocuk yazar\u0131 Jon Agee\u2019den, \u00e7ocuklara \u00f6nyarg\u0131lar\u0131n ne kadar aldat\u0131c\u0131 olabilece\u011fini g\u00f6steren basit ama b\u00fcy\u00fcl\u00fc bir kitap.\u201cYILIN EN \u0130Y\u0130 \u00c7OCUK K\u0130TABI\u201d Se\u00e7kilerinde- Boston Globe Chicago Tribune Publishers Weekly New York Times Book Review &#8211; \u0130yi GecelerKaranl\u0131kta parlayan ay ve y\u0131ld\u0131z \u00e7\u0131kartmalar\u0131 ileBu bir hik\u00e2ye i\u00e7inde hik\u00e2ye i\u00e7inde hik\u00e2ye i\u00e7inde hik\u00e2ye&#8230; Tam da iyi geceler demeden \u00f6nce, Tav\u015fan Tata, yavrular\u0131na Fil Jumbo\u2019nun, Fil Jumbo, yavrular\u0131na Penguen Pena\u2019n\u0131n, Penguen Pena, yavrular\u0131na Yunus Ege\u2019nin, Yunus Ege de yavrular\u0131na Tav\u015fan Tata\u2019n\u0131n hik\u00e2yesini anlat\u0131yor.Uyku \u00f6ncesi al\u0131\u015fkanl\u0131klar\u0131n\u0131n asl\u0131nda ne kadar evrensel oldu\u011funu g\u00f6steren, ritornello periyodik tekrar tekni\u011fiyle kaleme al\u0131nm\u0131\u015f tatl\u0131 bir iyi geceler hik\u00e2yesi.<\/p>\n","protected":false},"excerpt":{"rendered":"<p>Komik Hayvan \u0130simleri Bakanl\u0131\u011f\u0131Sahanda Yumurta Denizanas\u0131, Diken S\u0131rtl\u0131 Maymun Surat Bal\u0131\u011f\u0131, Pembe Peri Armadillo. \u0130nanmayacaks\u0131n ama bu hayvanlar\u0131n hepsi ger\u00e7ekten var!Komik Hayvan \u0130simleri Bakanl\u0131\u011f\u0131\u2019na ho\u015f geldin!<span class=\"excerpt-hellip\"> [\u2026]<\/span><\/p>\n","protected":false},"featured_media":0,"template":"","meta":{"_monsterinsights_skip_tracking":false,"_monsterinsights_sitenote_active":false,"_monsterinsights_sitenote_note":"","_monsterinsights_sitenote_category":0},"product_brand":[],"product_cat":[12274,12518],"product_tag":[],"class_list":{"0":"post-729073","1":"product","2":"type-product","3":"status-publish","5":"product_cat-cocuk-ve-genclik-kitaplari","6":"product_cat-okul-oncesi-kitaplar","7":"pa_cilt-takim","8":"pa_tur-kitap","9":"pa_yayinevi-domingo-yayinevi","10":"pa_yazar-domingo-yayinevi-kolektif","12":"first","13":"instock","14":"sale","15":"shipping-taxable","16":"purchasable","17":"product-type-simple"},"_links":{"self":[{"href":"https:\/\/roveyayinevi.com.tr\/index.php\/wp-json\/wp\/v2\/product\/729073","targetHints":{"allow":["GET"]}}],"collection":[{"href":"https:\/\/roveyayinevi.com.tr\/index.php\/wp-json\/wp\/v2\/product"}],"about":[{"href":"https:\/\/roveyayinevi.com.tr\/index.php\/wp-json\/wp\/v2\/types\/product"}],"wp:attachment":[{"href":"https:\/\/roveyayinevi.com.tr\/index.php\/wp-json\/wp\/v2\/media?parent=729073"}],"wp:term":[{"taxonomy":"product_brand","embeddable":true,"href":"https:\/\/roveyayinevi.com.tr\/index.php\/wp-json\/wp\/v2\/product_brand?post=729073"},{"taxonomy":"product_cat","embeddable":true,"href":"https:\/\/roveyayinevi.com.tr\/index.php\/wp-json\/wp\/v2\/product_cat?post=729073"},{"taxonomy":"product_tag","embeddable":true,"href":"https:\/\/roveyayinevi.com.tr\/index.php\/wp-json\/wp\/v2\/product_tag?post=729073"}],"curies":[{"name":"wp","href":"https:\/\/api.w.org\/{rel}","templated":true}]}}