{"id":729072,"date":"2025-08-27T20:49:48","date_gmt":"2025-08-27T17:49:48","guid":{"rendered":"https:\/\/roveyayinevi.com.tr\/index.php\/urun\/kargalar-buyucusu\/"},"modified":"2026-04-16T02:36:44","modified_gmt":"2026-04-15T23:36:44","slug":"kargalar-buyucusu","status":"publish","type":"product","link":"https:\/\/roveyayinevi.com.tr\/index.php\/urun\/kargalar-buyucusu\/","title":{"rendered":"Kargalar B\u00fcy\u00fcc\u00fcs\u00fc"},"content":{"rendered":"<p>H\u00fck\u00fcmdar\u2019\u0131n kahkahas\u0131 ans\u0131z\u0131n kesiliverirdi. Sizi lanet olas\u0131 pi\u00e7ler, kendi a\u00e7g\u00f6zl\u00fcl\u00fc\u011f\u00fcn\u00fcz ve s\u0131n\u0131rs\u0131z h\u0131rslar\u0131n\u0131z y\u00fcz\u00fcnden buray\u0131 boylad\u0131n\u0131z! Ger\u00e7ekten beni devirebilece\u011finizi mi sand\u0131n\u0131z? Size s\u00f6yleyeyim. Buna c\u00fcret edecek adam anas\u0131n\u0131n karn\u0131ndan do\u011fmad\u0131 daha, do\u011fduysa bile kendisini bir ruha d\u00f6n\u00fc\u015ft\u00fcrmek, sakal b\u0131rakmak ve ayaklar\u0131ndan da insan k\u0131llar\u0131 \u00e7\u0131kmak zorunda. Asas\u0131n\u0131 tehditk\u00e2r bi\u00e7imde onlara do\u011frultup, \u00f6fkeden a\u011fz\u0131ndan k\u00f6p\u00fckler sa\u00e7arak bunu bilmiyordunuz tabii de\u011fil mi diye eklerdi.   Hayali bir Afrika \u00fclkesi: Aburirya. Bir diktat\u00f6rl\u00fck. Ba\u011f\u0131ms\u0131zl\u0131k sava\u015f\u0131 verilmi\u015f, s\u00f6m\u00fcrge d\u00f6nemi son bulmu\u015f ama halk\u0131n \u00e7ilesi bitmemi\u015ftir. Emperyalist g\u00fc\u00e7lerin \u201cadam\u0131\u201d H\u00fck\u00fcmdar ve dalkavuklar\u0131 i\u015fba\u015f\u0131ndad\u0131r. So\u011fuk Sava\u015f d\u00f6neminde Bat\u0131\u2019n\u0131n el \u00fcst\u00fcnde tuttu\u011fu H\u00fck\u00fcmdar, So\u011fuk Sava\u015f\u2019\u0131n bitimiyle Bat\u0131\u2019n\u0131n g\u00f6z\u00fcndeki itibar\u0131n\u0131 yitirmi\u015f haldedir. Emperyalizm bi\u00e7im de\u011fi\u015ftirmi\u015f ve yeni d\u00fcnya d\u00fczeni ad\u0131n\u0131 alm\u0131\u015ft\u0131r. Fakat oyunun kurallar\u0131 farkl\u0131d\u0131r bu kez: D\u00f6nem s\u00f6zde demokrasiler d\u00f6nemi, k\u00fcresel olmak ge\u00e7er ak\u00e7e. H\u00fck\u00fcmdar ve \u015f\u00fcrek\u00e2s\u0131 bu d\u00f6n\u00fc\u015f\u00fcm\u00fc kavrayamam\u0131\u015flard\u0131r sanki. D\u0131\u015far\u0131da bariz bir itibar kayb\u0131, i\u00e7erideyse gizemli muhalif sesler&#8230; Kad\u0131nlar\u0131n aktif rol oynad\u0131\u011f\u0131 bir halk hareketi, kuyruklar, protestolar, dayak yiyen kocalar, cinler ve t\u00fcm bu ke\u015fmeke\u015fin ortas\u0131nda esrarengiz bir b\u00fcy\u00fcc\u00fc: Kargalar B\u00fcy\u00fcc\u00fcs\u00fc. Afrika edebiyat\u0131n\u0131n en b\u00fcy\u00fck yazarlar\u0131ndan Ng\u0169g\u0129 wa Thiong\u2019o bu kez komik mi komik, fantastik bir hik\u00e2ye anlat\u0131yor. Ancak ger\u00e7ekler kara mizaha b\u00fcr\u00fcn\u00fcp k\u0131l\u0131k de\u011fi\u015ftirse de \u00e7\u0131\u011fl\u0131k de\u011fi\u015fmiyor: A Luta Continua m\u00fccadele S\u00fcr\u00fcyor&#8230; <\/p>\n","protected":false},"excerpt":{"rendered":"<p>H\u00fck\u00fcmdar\u2019\u0131n kahkahas\u0131 ans\u0131z\u0131n kesiliverirdi. Sizi lanet olas\u0131 pi\u00e7ler, kendi a\u00e7g\u00f6zl\u00fcl\u00fc\u011f\u00fcn\u00fcz ve s\u0131n\u0131rs\u0131z h\u0131rslar\u0131n\u0131z y\u00fcz\u00fcnden buray\u0131 boylad\u0131n\u0131z! Ger\u00e7ekten beni devirebilece\u011finizi mi sand\u0131n\u0131z? Size s\u00f6yleyeyim. Buna c\u00fcret edecek<span class=\"excerpt-hellip\"> [\u2026]<\/span><\/p>\n","protected":false},"featured_media":0,"template":"","meta":{"_monsterinsights_skip_tracking":false,"_monsterinsights_sitenote_active":false,"_monsterinsights_sitenote_note":"","_monsterinsights_sitenote_category":0},"product_brand":[],"product_cat":[13590,12337],"product_tag":[],"class_list":{"0":"post-729072","1":"product","2":"type-product","3":"status-publish","5":"product_cat-arastirma-inceleme-politika-siyaset","6":"product_cat-politika-siyaset","7":"pa_cilt-ciltsiz","8":"pa_tur-kitap","9":"pa_yayinevi-ayrinti-yayinlari","10":"pa_yazar-ngugi-wa-thiongo","12":"first","13":"instock","14":"sale","15":"shipping-taxable","16":"purchasable","17":"product-type-simple"},"_links":{"self":[{"href":"https:\/\/roveyayinevi.com.tr\/index.php\/wp-json\/wp\/v2\/product\/729072","targetHints":{"allow":["GET"]}}],"collection":[{"href":"https:\/\/roveyayinevi.com.tr\/index.php\/wp-json\/wp\/v2\/product"}],"about":[{"href":"https:\/\/roveyayinevi.com.tr\/index.php\/wp-json\/wp\/v2\/types\/product"}],"wp:attachment":[{"href":"https:\/\/roveyayinevi.com.tr\/index.php\/wp-json\/wp\/v2\/media?parent=729072"}],"wp:term":[{"taxonomy":"product_brand","embeddable":true,"href":"https:\/\/roveyayinevi.com.tr\/index.php\/wp-json\/wp\/v2\/product_brand?post=729072"},{"taxonomy":"product_cat","embeddable":true,"href":"https:\/\/roveyayinevi.com.tr\/index.php\/wp-json\/wp\/v2\/product_cat?post=729072"},{"taxonomy":"product_tag","embeddable":true,"href":"https:\/\/roveyayinevi.com.tr\/index.php\/wp-json\/wp\/v2\/product_tag?post=729072"}],"curies":[{"name":"wp","href":"https:\/\/api.w.org\/{rel}","templated":true}]}}