{"id":729071,"date":"2025-08-27T20:49:47","date_gmt":"2025-08-27T17:49:47","guid":{"rendered":"https:\/\/roveyayinevi.com.tr\/index.php\/urun\/ibni-sina-ve-ibni-rusd\/"},"modified":"2026-04-16T02:36:44","modified_gmt":"2026-04-15T23:36:44","slug":"ibni-sina-ve-ibni-rusd","status":"publish","type":"product","link":"https:\/\/roveyayinevi.com.tr\/index.php\/urun\/ibni-sina-ve-ibni-rusd\/","title":{"rendered":"\u0130bni Sina Ve \u0130bni R\u00fc\u015fd"},"content":{"rendered":"<p>Bu \u00e7al\u0131\u015fma \u0130slam R\u00f6nesans\u0131\u2019n\u0131n iki \u00f6nemli d\u00fc\u015f\u00fcn\u00fcr\u00fc \u0130bni Sina\u2019n\u0131n (980-1037) ve \u0130bni R\u00fc\u015fd\u2019\u00fcn (1126-1198) felsefelerinin belirlenimci olup olmad\u0131\u011f\u0131n\u0131 ara\u015ft\u0131rmaktad\u0131r. \u0130slam ve Avrupa R\u00f6nesanslar\u0131n\u0131 \u015fekillendirmi\u015f bu iki d\u00fc\u015f\u00fcn\u00fcr\u00fcn fizik ve metafizik g\u00f6r\u00fc\u015flerini inceleyerek do\u011fadaki rastlant\u0131sal olaylar\u0131n yan\u0131 s\u0131ra, maddeye ve ilahi takdire dair fikirlerini tetkik eder. Bunun yan\u0131nda \u0130slam d\u00fc\u015f\u00fcncesindeki Aristoteles\u00e7i ve Yeni Platoncu felsefeler ve kelam gibi ilahiyat gelenekleri \u00fczerindeki etkilerini ve bu d\u00fc\u015f\u00fcnce okullar\u0131 ve gelenekler ve genel felsefe tarihi i\u00e7indeki yerlerini ortaya koymaktad\u0131r. B\u00f6ylece hem \u0130bni Sina hem de \u0130bni R\u00fc\u015fd felsefelerinin, kadim zamanlardan beri d\u00fc\u015f\u00fcn\u00fcrlerin ilgisini \u00e7ekmi\u015f belirlenimcilik sorununa verdikleri \u00f6zg\u00fcn cevaplar\u0131 kar\u015f\u0131la\u015ft\u0131r\u0131rken Antik Yunan\u2019dan g\u00fcn\u00fcm\u00fcze felsefe tarihini de g\u00f6zden ge\u00e7irme olana\u011f\u0131 sunar. <\/p>\n","protected":false},"excerpt":{"rendered":"<p>Bu \u00e7al\u0131\u015fma \u0130slam R\u00f6nesans\u0131\u2019n\u0131n iki \u00f6nemli d\u00fc\u015f\u00fcn\u00fcr\u00fc \u0130bni Sina\u2019n\u0131n (980-1037) ve \u0130bni R\u00fc\u015fd\u2019\u00fcn (1126-1198) felsefelerinin belirlenimci olup olmad\u0131\u011f\u0131n\u0131 ara\u015ft\u0131rmaktad\u0131r. \u0130slam ve Avrupa R\u00f6nesanslar\u0131n\u0131 \u015fekillendirmi\u015f bu iki<span class=\"excerpt-hellip\"> [\u2026]<\/span><\/p>\n","protected":false},"featured_media":0,"template":"","meta":{"_monsterinsights_skip_tracking":false,"_monsterinsights_sitenote_active":false,"_monsterinsights_sitenote_note":"","_monsterinsights_sitenote_category":0},"product_brand":[],"product_cat":[18094,12718,12719],"product_tag":[],"class_list":{"0":"post-729071","1":"product","2":"type-product","3":"status-publish","5":"product_cat-biyografi-otobiyografi-islam","6":"product_cat-din","7":"product_cat-islam","8":"pa_cilt-ciltsiz","9":"pa_tur-kitap","10":"pa_yayinevi-ayrinti-yayinlari","11":"pa_yazar-catarina-belo","13":"first","14":"instock","15":"sale","16":"shipping-taxable","17":"purchasable","18":"product-type-simple"},"_links":{"self":[{"href":"https:\/\/roveyayinevi.com.tr\/index.php\/wp-json\/wp\/v2\/product\/729071","targetHints":{"allow":["GET"]}}],"collection":[{"href":"https:\/\/roveyayinevi.com.tr\/index.php\/wp-json\/wp\/v2\/product"}],"about":[{"href":"https:\/\/roveyayinevi.com.tr\/index.php\/wp-json\/wp\/v2\/types\/product"}],"wp:attachment":[{"href":"https:\/\/roveyayinevi.com.tr\/index.php\/wp-json\/wp\/v2\/media?parent=729071"}],"wp:term":[{"taxonomy":"product_brand","embeddable":true,"href":"https:\/\/roveyayinevi.com.tr\/index.php\/wp-json\/wp\/v2\/product_brand?post=729071"},{"taxonomy":"product_cat","embeddable":true,"href":"https:\/\/roveyayinevi.com.tr\/index.php\/wp-json\/wp\/v2\/product_cat?post=729071"},{"taxonomy":"product_tag","embeddable":true,"href":"https:\/\/roveyayinevi.com.tr\/index.php\/wp-json\/wp\/v2\/product_tag?post=729071"}],"curies":[{"name":"wp","href":"https:\/\/api.w.org\/{rel}","templated":true}]}}