{"id":729069,"date":"2025-08-27T20:49:46","date_gmt":"2025-08-27T17:49:46","guid":{"rendered":"https:\/\/roveyayinevi.com.tr\/index.php\/urun\/sosyoloji-ne-ise-yarar\/"},"modified":"2026-04-16T02:36:44","modified_gmt":"2026-04-15T23:36:44","slug":"sosyoloji-ne-ise-yarar","status":"publish","type":"product","link":"https:\/\/roveyayinevi.com.tr\/index.php\/urun\/sosyoloji-ne-ise-yarar\/","title":{"rendered":"Sosyoloji Ne \u0130\u015fe Yarar"},"content":{"rendered":"<p>Sosyoloji (\u2026) \u015feylerin, eylemlerin, e\u011filimlerin ve s\u00fcre\u00e7lerin \u201czorunlulu\u011fu\u201d ve \u201cdo\u011fall\u0131\u011f\u0131na\u201d duyulan pop\u00fcler inan\u00e7lar\u0131n alt\u0131ndaki temelleri baltalamaya mahk\u00fbmdur. Onlar\u0131n olu\u015fumu ve devaml\u0131l\u0131\u011f\u0131na katk\u0131 yapan mant\u0131ks\u0131zl\u0131klar\u0131n maskesini d\u00fc\u015f\u00fcr\u00fcr. Zahiri kurallar ve normlar\u0131n arkas\u0131nda yatan durumsall\u0131klarla s\u00f6zde tek olma iddias\u0131 ta\u015f\u0131yan (yani di\u011ferlerinin pahas\u0131na se\u00e7ilen) olas\u0131l\u0131klar\u0131n etraf\u0131na k\u00fcmelenmi\u015f alternatifleri a\u00e7\u0131\u011fa serer. Sonu\u00e7ta sosyolojinin i\u015fi, Milan Kundera\u2019n\u0131n alegorisini kullan\u0131rsak, onlar\u0131 sahte temsillerle \u00f6rterek ger\u00e7eklikleri g\u00f6zlerden saklayan \u201cperdeleri y\u0131rtmakt\u0131r\u201d.   Sosyoloji ne i\u015fe yarar? sorusu uzun zamand\u0131r tekrarlansa da zihinlerdeki \u015f\u00fcpheler ortadan kalkm\u0131\u015f de\u011fil. Bauman ile yap\u0131lan s\u00f6yle\u015fi, yak\u0131n tarihe damgas\u0131n\u0131 vurmu\u015f bir sosyolo\u011fun g\u00f6z\u00fcnden bu soruya doyurucu ve ele\u015ftirel bir yan\u0131t veriyor. \u0130nsan deneyimi ile s\u00fcrekli etkile\u015fim i\u00e7inde olan bir sosyoloji tarifi yapan Bauman, beslendi\u011fi kaynaklar\u0131n ve ba\u015fta ak\u0131\u015fkan modernite olmak \u00fczere kulland\u0131\u011f\u0131 kavram ve metaforlar\u0131n \u00f6yk\u00fcs\u00fcn\u00fc c\u00f6mert\u00e7e anlat\u0131yor. B\u00fct\u00fcnl\u00fckl\u00fc bir bak\u0131\u015f a\u00e7\u0131s\u0131yla hem mesleki ya\u015fam\u0131ndan hem de sosyolojinin ge\u00e7irdi\u011fi evrimden bahsediyor. Bauman, sosyolojinin y\u00f6ntem bilime sad\u0131k olup olmamas\u0131 \u00fczerinden de\u011fil, deneyimle ve insanlar\u0131n ya\u015fam sorunlar\u0131yla y\u00fcr\u00fctt\u00fc\u011f\u00fc m\u00fccadeleyle kurdu\u011fu ili\u015fki \u00fczerinden yarg\u0131lanmas\u0131 gerekti\u011fini vurguluyor. Ona g\u00f6re be\u015fer\u00ee ya\u015fam\u0131 tam manas\u0131yla deneyimlemek ve anlamland\u0131rmak i\u00e7in sosyolojiye ihtiyac\u0131m\u0131z var. Bu kitap yaln\u0131zca Bauman sosyolojisini anlamak i\u00e7in bir rehber de\u011fil, ayn\u0131 zamanda i\u00e7inde ya\u015fad\u0131\u011f\u0131m\u0131z d\u00fcnyay\u0131 sorgulamam\u0131z ve kendi tarihimizi kendimiz yazmam\u0131z i\u00e7in de bir \u00e7a\u011fr\u0131\u2026 <\/p>\n","protected":false},"excerpt":{"rendered":"<p>Sosyoloji (\u2026) \u015feylerin, eylemlerin, e\u011filimlerin ve s\u00fcre\u00e7lerin \u201czorunlulu\u011fu\u201d ve \u201cdo\u011fall\u0131\u011f\u0131na\u201d duyulan pop\u00fcler inan\u00e7lar\u0131n alt\u0131ndaki temelleri baltalamaya mahk\u00fbmdur. Onlar\u0131n olu\u015fumu ve devaml\u0131l\u0131\u011f\u0131na katk\u0131 yapan mant\u0131ks\u0131zl\u0131klar\u0131n maskesini d\u00fc\u015f\u00fcr\u00fcr.<span class=\"excerpt-hellip\"> [\u2026]<\/span><\/p>\n","protected":false},"featured_media":0,"template":"","meta":{"_monsterinsights_skip_tracking":false,"_monsterinsights_sitenote_active":false,"_monsterinsights_sitenote_note":"","_monsterinsights_sitenote_category":0},"product_brand":[],"product_cat":[12324,27533],"product_tag":[],"class_list":{"0":"post-729069","1":"product","2":"type-product","3":"status-publish","5":"product_cat-sosyoloji","6":"product_cat-sosyolojiye-giris","7":"pa_cilt-ciltsiz","8":"pa_tur-kitap","9":"pa_yayinevi-ayrinti-yayinlari","10":"pa_yazar-zygmunt-bauman","12":"first","13":"instock","14":"sale","15":"shipping-taxable","16":"purchasable","17":"product-type-simple"},"_links":{"self":[{"href":"https:\/\/roveyayinevi.com.tr\/index.php\/wp-json\/wp\/v2\/product\/729069","targetHints":{"allow":["GET"]}}],"collection":[{"href":"https:\/\/roveyayinevi.com.tr\/index.php\/wp-json\/wp\/v2\/product"}],"about":[{"href":"https:\/\/roveyayinevi.com.tr\/index.php\/wp-json\/wp\/v2\/types\/product"}],"wp:attachment":[{"href":"https:\/\/roveyayinevi.com.tr\/index.php\/wp-json\/wp\/v2\/media?parent=729069"}],"wp:term":[{"taxonomy":"product_brand","embeddable":true,"href":"https:\/\/roveyayinevi.com.tr\/index.php\/wp-json\/wp\/v2\/product_brand?post=729069"},{"taxonomy":"product_cat","embeddable":true,"href":"https:\/\/roveyayinevi.com.tr\/index.php\/wp-json\/wp\/v2\/product_cat?post=729069"},{"taxonomy":"product_tag","embeddable":true,"href":"https:\/\/roveyayinevi.com.tr\/index.php\/wp-json\/wp\/v2\/product_tag?post=729069"}],"curies":[{"name":"wp","href":"https:\/\/api.w.org\/{rel}","templated":true}]}}