{"id":729067,"date":"2025-08-27T20:49:44","date_gmt":"2025-08-27T17:49:44","guid":{"rendered":"https:\/\/roveyayinevi.com.tr\/index.php\/urun\/sen-ben-ve-elma-agaci\/"},"modified":"2026-04-16T02:36:44","modified_gmt":"2026-04-15T23:36:44","slug":"sen-ben-ve-elma-agaci","status":"publish","type":"product","link":"https:\/\/roveyayinevi.com.tr\/index.php\/urun\/sen-ben-ve-elma-agaci\/","title":{"rendered":"Sen, Ben ve Elma A\u011fac\u0131"},"content":{"rendered":"<p>\u201cKap\u0131m\u0131 r\u00fczg\u00e2ra, \u00e7at\u0131m\u0131 bulutlara a\u00e7t\u0131m. Haber gelsin, bana u\u011framadan gitmesin.\u201d   Bilgin\u2019in en b\u00fcy\u00fck k\u00e2busuydu say\u0131lar. Say\u0131lar ve kendisinden s\u00fcrekli \u2018ad\u0131na yak\u0131\u015f\u0131r\u2019 ba\u015far\u0131lar bekleyen bak\u0131\u015flar. O bak\u0131\u015flar\u0131n kar\u015f\u0131s\u0131nda silikle\u015fmek, bir salyangoz gibi kabu\u011funa \u00e7ekilmek isterdi Bilgin. Hislerini sadece babaannesi anl\u0131yordu sanki. Bir g\u00fcn, s\u0131n\u0131f\u0131na yeni bir \u00e7ocuk geldi. Sava\u015f\u0131 ya\u015fam\u0131\u015f, evinden ve ailesinden uzaklara d\u00fc\u015fm\u00fc\u015f, bak\u0131\u015flar\u0131yla hayat dolu Musa. Yan\u0131 ba\u015f\u0131ndaki ailesinden bile kendini uzakta hisseden Bilgin ile nerede oldu\u011funu bilmedi\u011fi ailesini her an yan\u0131nda ta\u015f\u0131yabilen Musa\u2019n\u0131n dostlu\u011fu, hayatlar\u0131na bir denge getirebilecek miydi? \u00c7ocuk edebiyat\u0131n\u0131n en sevilen yazarlar\u0131ndan Sevim Ak, kendimizi tan\u0131maya ve sevebilmeye olanak sa\u011flayan s\u0131ms\u0131cak arkada\u015fl\u0131klar\u0131n \u00f6yk\u00fcs\u00fcn\u00fc anlat\u0131yor roman\u0131nda. Bir yanda insanlar\u0131 yuvalar\u0131ndan eden sava\u015f ger\u00e7e\u011fi, di\u011fer yanda ailelerinden gelen beklentilerle yorgun d\u00fc\u015fen \u00e7ocuklar ve nesiller aras\u0131 k\u0131rg\u0131nl\u0131klar&#8230; \u0130htiya\u00e7 duyulan yak\u0131nl\u0131k sohbetlerde, sorularda, d\u00fcn\u00fc bug\u00fcnle bulu\u015fturan hik\u00e2yelerde sakl\u0131. <\/p>\n","protected":false},"excerpt":{"rendered":"<p>\u201cKap\u0131m\u0131 r\u00fczg\u00e2ra, \u00e7at\u0131m\u0131 bulutlara a\u00e7t\u0131m. Haber gelsin, bana u\u011framadan gitmesin.\u201d Bilgin\u2019in en b\u00fcy\u00fck k\u00e2busuydu say\u0131lar. Say\u0131lar ve kendisinden s\u00fcrekli \u2018ad\u0131na yak\u0131\u015f\u0131r\u2019 ba\u015far\u0131lar bekleyen bak\u0131\u015flar. O bak\u0131\u015flar\u0131n<span class=\"excerpt-hellip\"> [\u2026]<\/span><\/p>\n","protected":false},"featured_media":0,"template":"","meta":{"_monsterinsights_skip_tracking":false,"_monsterinsights_sitenote_active":false,"_monsterinsights_sitenote_note":"","_monsterinsights_sitenote_category":0},"product_brand":[],"product_cat":[12275,12274],"product_tag":[],"class_list":{"0":"post-729067","1":"product","2":"type-product","3":"status-publish","5":"product_cat-6-12-yas-kitaplari","6":"product_cat-cocuk-ve-genclik-kitaplari","7":"pa_cilt-ciltsiz","8":"pa_tur-kitap","9":"pa_yayinevi-can-cocuk-yayinlari","10":"pa_yazar-sevim-ak","12":"first","13":"instock","14":"sale","15":"shipping-taxable","16":"purchasable","17":"product-type-simple"},"_links":{"self":[{"href":"https:\/\/roveyayinevi.com.tr\/index.php\/wp-json\/wp\/v2\/product\/729067","targetHints":{"allow":["GET"]}}],"collection":[{"href":"https:\/\/roveyayinevi.com.tr\/index.php\/wp-json\/wp\/v2\/product"}],"about":[{"href":"https:\/\/roveyayinevi.com.tr\/index.php\/wp-json\/wp\/v2\/types\/product"}],"wp:attachment":[{"href":"https:\/\/roveyayinevi.com.tr\/index.php\/wp-json\/wp\/v2\/media?parent=729067"}],"wp:term":[{"taxonomy":"product_brand","embeddable":true,"href":"https:\/\/roveyayinevi.com.tr\/index.php\/wp-json\/wp\/v2\/product_brand?post=729067"},{"taxonomy":"product_cat","embeddable":true,"href":"https:\/\/roveyayinevi.com.tr\/index.php\/wp-json\/wp\/v2\/product_cat?post=729067"},{"taxonomy":"product_tag","embeddable":true,"href":"https:\/\/roveyayinevi.com.tr\/index.php\/wp-json\/wp\/v2\/product_tag?post=729067"}],"curies":[{"name":"wp","href":"https:\/\/api.w.org\/{rel}","templated":true}]}}