{"id":729066,"date":"2025-08-27T20:49:43","date_gmt":"2025-08-27T17:49:43","guid":{"rendered":"https:\/\/roveyayinevi.com.tr\/index.php\/urun\/muhteviyat-insan-haklari-ve-demokratiklesme\/"},"modified":"2026-04-16T02:36:44","modified_gmt":"2026-04-15T23:36:44","slug":"muhteviyat-insan-haklari-ve-demokratiklesme","status":"publish","type":"product","link":"https:\/\/roveyayinevi.com.tr\/index.php\/urun\/muhteviyat-insan-haklari-ve-demokratiklesme\/","title":{"rendered":"Muhteviyat \u0130nsan Haklar\u0131 ve Demokratikle\u015fme"},"content":{"rendered":"<p>\u0130\u00e7indekiler: Birinci K\u0131s\u0131m: Ulusal Kurumlar ve Mevzuatlar \u0130kinci K\u0131s\u0131m: \u0130nsan Haklar\u0131n\u0131n Uluslararas\u0131 Boyutu ve S\u00f6zle\u015fmeler \u00dc\u00e7\u00fcnc\u00fc K\u0131s\u0131m:  82\u2019Anayasas\u0131 ve Temel Haklar &#8211; \u00d6zg\u00fcrl\u00fckler<\/p>\n","protected":false},"excerpt":{"rendered":"<p>\u0130\u00e7indekiler: Birinci K\u0131s\u0131m: Ulusal Kurumlar ve Mevzuatlar \u0130kinci K\u0131s\u0131m: \u0130nsan Haklar\u0131n\u0131n Uluslararas\u0131 Boyutu ve S\u00f6zle\u015fmeler \u00dc\u00e7\u00fcnc\u00fc K\u0131s\u0131m: 82\u2019Anayasas\u0131 ve Temel Haklar &#8211; \u00d6zg\u00fcrl\u00fckler<\/p>\n","protected":false},"featured_media":0,"template":"","meta":{"_monsterinsights_skip_tracking":false,"_monsterinsights_sitenote_active":false,"_monsterinsights_sitenote_note":"","_monsterinsights_sitenote_category":0},"product_brand":[],"product_cat":[15351,15350],"product_tag":[],"class_list":{"0":"post-729066","1":"product","2":"type-product","3":"status-publish","5":"product_cat-ders-kitaplari","6":"product_cat-hukuk","7":"pa_cilt-ciltsiz","8":"pa_tur-kitap","9":"pa_yayinevi-gazi-kitabevi","10":"pa_yazar-mustafa-ilker-tekir","12":"first","13":"instock","14":"sale","15":"shipping-taxable","16":"purchasable","17":"product-type-simple"},"_links":{"self":[{"href":"https:\/\/roveyayinevi.com.tr\/index.php\/wp-json\/wp\/v2\/product\/729066","targetHints":{"allow":["GET"]}}],"collection":[{"href":"https:\/\/roveyayinevi.com.tr\/index.php\/wp-json\/wp\/v2\/product"}],"about":[{"href":"https:\/\/roveyayinevi.com.tr\/index.php\/wp-json\/wp\/v2\/types\/product"}],"wp:attachment":[{"href":"https:\/\/roveyayinevi.com.tr\/index.php\/wp-json\/wp\/v2\/media?parent=729066"}],"wp:term":[{"taxonomy":"product_brand","embeddable":true,"href":"https:\/\/roveyayinevi.com.tr\/index.php\/wp-json\/wp\/v2\/product_brand?post=729066"},{"taxonomy":"product_cat","embeddable":true,"href":"https:\/\/roveyayinevi.com.tr\/index.php\/wp-json\/wp\/v2\/product_cat?post=729066"},{"taxonomy":"product_tag","embeddable":true,"href":"https:\/\/roveyayinevi.com.tr\/index.php\/wp-json\/wp\/v2\/product_tag?post=729066"}],"curies":[{"name":"wp","href":"https:\/\/api.w.org\/{rel}","templated":true}]}}