{"id":729065,"date":"2025-08-27T20:49:42","date_gmt":"2025-08-27T17:49:42","guid":{"rendered":"https:\/\/roveyayinevi.com.tr\/index.php\/urun\/gecenin-ruhu\/"},"modified":"2026-04-16T02:36:44","modified_gmt":"2026-04-15T23:36:44","slug":"gecenin-ruhu","status":"publish","type":"product","link":"https:\/\/roveyayinevi.com.tr\/index.php\/urun\/gecenin-ruhu\/","title":{"rendered":"Gecenin Ruhu"},"content":{"rendered":"<p>Hat\u0131ralar\u0131n,  gecenin ruhunda kanat \u00e7\u0131rpmas\u0131\u2026   Ge\u00e7mi\u015fi silinmi\u015f, gelece\u011fi ise kimsesizli\u011fe teslim edilmi\u015f bir kad\u0131n\u0131n hayata tutunma m\u00fccadelesi\u2026   Y\u0131llarca sakl\u0131 tutulan ger\u00e7ekleri \u00f6\u011frenme yolunda ilerleyen Sare, kendini bir anda hi\u00e7 ummad\u0131\u011f\u0131 olaylar dizisinin i\u00e7inde bulur. Y\u0131llard\u0131r kapal\u0131 tuttu\u011fu kalbinin kap\u0131lar\u0131 aralan\u0131rken ge\u00e7mi\u015fiyle ilgili an\u0131lar da bir bir a\u00e7\u0131\u011fa \u00e7\u0131kmaya ba\u015flar.   Peki, \u00e7ocuklu\u011fu haf\u0131zas\u0131ndan silinmi\u015f biri, gelece\u011fe nas\u0131l umutla bakabilir?    A\u015fk, karanl\u0131kta kalan duygular\u0131 tamamen ayd\u0131nlatabilir mi?   Gecenin ruhunda ya\u015fanan bir hayat\u0131n a\u015fkla can bulan solu\u011fu\u2026   \u201cHepimizin hik\u00e2yesi, ruhunu kaybetmi\u015f canavarlar\u0131n elleriyle yaz\u0131lm\u0131\u015ft\u0131.\u201d <\/p>\n","protected":false},"excerpt":{"rendered":"<p>Hat\u0131ralar\u0131n, gecenin ruhunda kanat \u00e7\u0131rpmas\u0131\u2026 Ge\u00e7mi\u015fi silinmi\u015f, gelece\u011fi ise kimsesizli\u011fe teslim edilmi\u015f bir kad\u0131n\u0131n hayata tutunma m\u00fccadelesi\u2026 Y\u0131llarca sakl\u0131 tutulan ger\u00e7ekleri \u00f6\u011frenme yolunda ilerleyen Sare, kendini<span class=\"excerpt-hellip\"> [\u2026]<\/span><\/p>\n","protected":false},"featured_media":0,"template":"","meta":{"_monsterinsights_skip_tracking":false,"_monsterinsights_sitenote_active":false,"_monsterinsights_sitenote_note":"","_monsterinsights_sitenote_category":0},"product_brand":[],"product_cat":[12291,12711],"product_tag":[],"class_list":{"0":"post-729065","1":"product","2":"type-product","3":"status-publish","5":"product_cat-edebiyat","6":"product_cat-roman-oyku","7":"pa_cilt-ciltsiz","8":"pa_tur-kitap","9":"pa_yayinevi-ephesus-yayinlari","10":"pa_yazar-gulcin-ozbek-kuyumcu","12":"first","13":"instock","14":"sale","15":"shipping-taxable","16":"purchasable","17":"product-type-simple"},"_links":{"self":[{"href":"https:\/\/roveyayinevi.com.tr\/index.php\/wp-json\/wp\/v2\/product\/729065","targetHints":{"allow":["GET"]}}],"collection":[{"href":"https:\/\/roveyayinevi.com.tr\/index.php\/wp-json\/wp\/v2\/product"}],"about":[{"href":"https:\/\/roveyayinevi.com.tr\/index.php\/wp-json\/wp\/v2\/types\/product"}],"wp:attachment":[{"href":"https:\/\/roveyayinevi.com.tr\/index.php\/wp-json\/wp\/v2\/media?parent=729065"}],"wp:term":[{"taxonomy":"product_brand","embeddable":true,"href":"https:\/\/roveyayinevi.com.tr\/index.php\/wp-json\/wp\/v2\/product_brand?post=729065"},{"taxonomy":"product_cat","embeddable":true,"href":"https:\/\/roveyayinevi.com.tr\/index.php\/wp-json\/wp\/v2\/product_cat?post=729065"},{"taxonomy":"product_tag","embeddable":true,"href":"https:\/\/roveyayinevi.com.tr\/index.php\/wp-json\/wp\/v2\/product_tag?post=729065"}],"curies":[{"name":"wp","href":"https:\/\/api.w.org\/{rel}","templated":true}]}}