{"id":729062,"date":"2025-08-27T20:49:38","date_gmt":"2025-08-27T17:49:38","guid":{"rendered":"https:\/\/roveyayinevi.com.tr\/index.php\/urun\/ittifak\/"},"modified":"2026-04-16T02:36:44","modified_gmt":"2026-04-15T23:36:44","slug":"ittifak","status":"publish","type":"product","link":"https:\/\/roveyayinevi.com.tr\/index.php\/urun\/ittifak\/","title":{"rendered":"\u0130ttifak"},"content":{"rendered":"<p>Her s\u0131r, kendini if\u015fa edecek sonu i\u00e7inde bar\u0131nd\u0131r\u0131r. Her cinayet ise katilini ele verecek ipu\u00e7lar\u0131n\u0131\u2026 Altan\u2019\u0131n herkesten gizledi\u011fi projede birlikte \u00e7al\u0131\u015ft\u0131\u011f\u0131 arkada\u015f\u0131, \u015f\u00fcpheli bir kaza sonucu \u00f6l\u00fcr. Kendi hayat\u0131n\u0131n da tehlikede oldu\u011funu d\u00fc\u015f\u00fcnerek bildi\u011fi her \u015feyi en yak\u0131n arkada\u015f\u0131 Faruk\u2019a anlatmak niyetinde olan Altan da Faruk\u2019un g\u00f6z\u00fc \u00f6n\u00fcnde \u00f6ld\u00fcr\u00fcl\u00fcr. Fakat \u00f6lmeden \u00f6nce ona bir zarf b\u0131rakm\u0131\u015ft\u0131r ve Faruk, bu zarf\u0131n ard\u0131nda gizlenen ger\u00e7eklerin pe\u015fine d\u00fc\u015fer. Altan t\u00fcm ipu\u00e7lar\u0131n\u0131 \u0130stanbul\u2019un \u00e7e\u015fitli tarih\u00ee mek\u00e2nlar\u0131na b\u0131rakm\u0131\u015ft\u0131r. Faruk\u2019un bu mek\u00e2nlardaki iz s\u00fcr\u00fc\u015f\u00fc, onu hi\u00e7 de beklemedi\u011fi ki\u015filerle kar\u015f\u0131 kar\u015f\u0131ya getirir.    Acaba s\u0131r gibi saklanan bir projenin ard\u0131ndaki cinayet ve kumpaslar hangi b\u00fcy\u00fck ger\u00e7e\u011fin bir par\u00e7as\u0131d\u0131r? \u00d6nemli olan nas\u0131l g\u00f6rd\u00fc\u011f\u00fcm\u00fcz m\u00fcd\u00fcr yoksa hangi a\u00e7\u0131dan bakt\u0131\u011f\u0131m\u0131z m\u0131?   \u201cT\u0131rt\u0131la bak\u0131p kelebe\u011fi g\u00f6rebilmek \u00e7ok \u00f6nemli. Bir de kelebek oldu\u011funda t\u0131rt\u0131l\u0131n g\u00f6z\u00fcyle g\u00f6rebilmek&#8230;\u201d <\/p>\n","protected":false},"excerpt":{"rendered":"<p>Her s\u0131r, kendini if\u015fa edecek sonu i\u00e7inde bar\u0131nd\u0131r\u0131r. Her cinayet ise katilini ele verecek ipu\u00e7lar\u0131n\u0131\u2026 Altan\u2019\u0131n herkesten gizledi\u011fi projede birlikte \u00e7al\u0131\u015ft\u0131\u011f\u0131 arkada\u015f\u0131, \u015f\u00fcpheli bir kaza sonucu<span class=\"excerpt-hellip\"> [\u2026]<\/span><\/p>\n","protected":false},"featured_media":0,"template":"","meta":{"_monsterinsights_skip_tracking":false,"_monsterinsights_sitenote_active":false,"_monsterinsights_sitenote_note":"","_monsterinsights_sitenote_category":0},"product_brand":[],"product_cat":[12291,12711],"product_tag":[],"class_list":{"0":"post-729062","1":"product","2":"type-product","3":"status-publish","5":"product_cat-edebiyat","6":"product_cat-roman-oyku","7":"pa_cilt-ciltsiz","8":"pa_tur-kitap","9":"pa_yayinevi-ephesus-yayinlari","10":"pa_yazar-erdogan-eyrik","12":"first","13":"instock","14":"sale","15":"shipping-taxable","16":"purchasable","17":"product-type-simple"},"_links":{"self":[{"href":"https:\/\/roveyayinevi.com.tr\/index.php\/wp-json\/wp\/v2\/product\/729062","targetHints":{"allow":["GET"]}}],"collection":[{"href":"https:\/\/roveyayinevi.com.tr\/index.php\/wp-json\/wp\/v2\/product"}],"about":[{"href":"https:\/\/roveyayinevi.com.tr\/index.php\/wp-json\/wp\/v2\/types\/product"}],"wp:attachment":[{"href":"https:\/\/roveyayinevi.com.tr\/index.php\/wp-json\/wp\/v2\/media?parent=729062"}],"wp:term":[{"taxonomy":"product_brand","embeddable":true,"href":"https:\/\/roveyayinevi.com.tr\/index.php\/wp-json\/wp\/v2\/product_brand?post=729062"},{"taxonomy":"product_cat","embeddable":true,"href":"https:\/\/roveyayinevi.com.tr\/index.php\/wp-json\/wp\/v2\/product_cat?post=729062"},{"taxonomy":"product_tag","embeddable":true,"href":"https:\/\/roveyayinevi.com.tr\/index.php\/wp-json\/wp\/v2\/product_tag?post=729062"}],"curies":[{"name":"wp","href":"https:\/\/api.w.org\/{rel}","templated":true}]}}