{"id":729060,"date":"2025-08-27T20:49:36","date_gmt":"2025-08-27T17:49:36","guid":{"rendered":"https:\/\/roveyayinevi.com.tr\/index.php\/urun\/aklimizi-yitirdigimiz-gun\/"},"modified":"2026-04-16T02:36:44","modified_gmt":"2026-04-15T23:36:44","slug":"aklimizi-yitirdigimiz-gun","status":"publish","type":"product","link":"https:\/\/roveyayinevi.com.tr\/index.php\/urun\/aklimizi-yitirdigimiz-gun\/","title":{"rendered":"Akl\u0131m\u0131z\u0131 Yitirdi\u011fimiz G\u00fcn"},"content":{"rendered":"<p>Akl\u0131m\u0131z\u0131 Yitirdi\u011fimiz G\u00fcn Javier Castillo \u201cKader bazen kendini g\u00f6stermek i\u00e7in bizi s\u0131nar.\u201d 24 Aral\u0131k, Boston \u015fehir merkezi. Bir kad\u0131n\u0131n g\u00f6vdesinden ayr\u0131lm\u0131\u015f ba\u015f\u0131n\u0131 elinde ta\u015f\u0131yan \u00e7\u0131r\u0131l\u00e7\u0131plak bir adam. Ve g\u00f6lgelerin aras\u0131ndan g\u00fcn \u0131\u015f\u0131\u011f\u0131na \u00e7\u0131kan kanlar i\u00e7indeki silueti&#8230; Bu korkun\u00e7 sahnenin ba\u015frol\u00fcndeki \u015f\u00fcpheli, psikolojik analiz i\u00e7in psikiyatri klini\u011fine nakledilir. Analizi yapacak olan FBI ajan\u0131 Stella Hyden ile klini\u011fin m\u00fcd\u00fcr\u00fc Doktor Jenkis, hayatlar\u0131 boyunca bu an\u0131 beklediklerinden habersizlerdir. Akli dengesinin yerinde olmad\u0131\u011f\u0131 d\u00fc\u015f\u00fcn\u00fclen \u015f\u00fcpheli onlar\u0131n akl\u0131n\u0131 s\u0131nayacak ve yalan s\u00f6yledi\u011fini d\u00fc\u015f\u00fcnenleri ger\u00e7eklerle bir bir y\u00fczle\u015ftirecektir. Ajan Hyden ve Doktor Jenkins, kendilerini, hayatlar\u0131n\u0131 tehlikeye atacak ve ak\u0131l sa\u011fl\u0131klar\u0131n\u0131 u\u00e7urumun k\u0131y\u0131s\u0131na ta\u015f\u0131yacak bir soru\u015fturman\u0131n ortas\u0131nda bulurlar. Kader onlar\u0131 se\u00e7mi\u015ftir ve g\u00f6steri vakti gelmi\u015ftir! Javier Castillo, polisiye-gerilim t\u00fcr\u00fcn\u00fcn d\u00f6rt duvar\u0131n\u0131 yerle bir etti\u011fi Akl\u0131m\u0131z\u0131 Yitirdi\u011fimiz G\u00fcn ile sizi s\u0131n\u0131rlar\u0131n\u0131z\u0131 a\u015fmaya zorluyor.  \u201cM\u00fcthi\u015f bir tempo, kalp \u00e7arp\u0131nt\u0131s\u0131 yap\u0131yor&#8230; Saf adrenalin!\u201d   El Mundo   \u201cTitizlikle yaz\u0131lm\u0131\u015f \u00e7\u0131lg\u0131n bir polisiye-gerilim.\u201d Eldiario.es \u201c\u015eoka u\u011fratan bir g\u00f6r\u00fcnt\u00fcyle a\u00e7\u0131lan bu etkileyici ve h\u0131zl\u0131 tempolu polisiye-gerilimle Javier Castillo turnay\u0131 g\u00f6z\u00fcnden vuruyor.\u201d Diario Sur <\/p>\n","protected":false},"excerpt":{"rendered":"<p>Akl\u0131m\u0131z\u0131 Yitirdi\u011fimiz G\u00fcn Javier Castillo \u201cKader bazen kendini g\u00f6stermek i\u00e7in bizi s\u0131nar.\u201d 24 Aral\u0131k, Boston \u015fehir merkezi. Bir kad\u0131n\u0131n g\u00f6vdesinden ayr\u0131lm\u0131\u015f ba\u015f\u0131n\u0131 elinde ta\u015f\u0131yan \u00e7\u0131r\u0131l\u00e7\u0131plak bir<span class=\"excerpt-hellip\"> [\u2026]<\/span><\/p>\n","protected":false},"featured_media":0,"template":"","meta":{"_monsterinsights_skip_tracking":false,"_monsterinsights_sitenote_active":false,"_monsterinsights_sitenote_note":"","_monsterinsights_sitenote_category":0},"product_brand":[],"product_cat":[12291,50487],"product_tag":[],"class_list":{"0":"post-729060","1":"product","2":"type-product","3":"status-publish","5":"product_cat-edebiyat","6":"product_cat-kurgu","7":"pa_cilt-ciltsiz","8":"pa_tur-kitap","9":"pa_yayinevi-epsilon-yayinlari","10":"pa_yazar-javier-castillo","12":"first","13":"instock","14":"sale","15":"shipping-taxable","16":"purchasable","17":"product-type-simple"},"_links":{"self":[{"href":"https:\/\/roveyayinevi.com.tr\/index.php\/wp-json\/wp\/v2\/product\/729060","targetHints":{"allow":["GET"]}}],"collection":[{"href":"https:\/\/roveyayinevi.com.tr\/index.php\/wp-json\/wp\/v2\/product"}],"about":[{"href":"https:\/\/roveyayinevi.com.tr\/index.php\/wp-json\/wp\/v2\/types\/product"}],"wp:attachment":[{"href":"https:\/\/roveyayinevi.com.tr\/index.php\/wp-json\/wp\/v2\/media?parent=729060"}],"wp:term":[{"taxonomy":"product_brand","embeddable":true,"href":"https:\/\/roveyayinevi.com.tr\/index.php\/wp-json\/wp\/v2\/product_brand?post=729060"},{"taxonomy":"product_cat","embeddable":true,"href":"https:\/\/roveyayinevi.com.tr\/index.php\/wp-json\/wp\/v2\/product_cat?post=729060"},{"taxonomy":"product_tag","embeddable":true,"href":"https:\/\/roveyayinevi.com.tr\/index.php\/wp-json\/wp\/v2\/product_tag?post=729060"}],"curies":[{"name":"wp","href":"https:\/\/api.w.org\/{rel}","templated":true}]}}