{"id":729058,"date":"2025-08-27T20:49:34","date_gmt":"2025-08-27T17:49:34","guid":{"rendered":"https:\/\/roveyayinevi.com.tr\/index.php\/urun\/cma-ile-meta-analiz-uygulamalari\/"},"modified":"2026-04-16T02:36:44","modified_gmt":"2026-04-15T23:36:44","slug":"cma-ile-meta-analiz-uygulamalari","status":"publish","type":"product","link":"https:\/\/roveyayinevi.com.tr\/index.php\/urun\/cma-ile-meta-analiz-uygulamalari\/","title":{"rendered":"Cma \u0130le Meta Analiz Uygulamalar\u0131"},"content":{"rendered":"<p>Bilimsel geli\u015fmeler birbiri \u00fczerine bina edilme ve y\u0131\u011f\u0131lmal\u0131 olarak ilerleme e\u011filimindedir. Her ara\u015ft\u0131rmac\u0131 kendinden \u00f6nceki ara\u015ft\u0131rmac\u0131n\u0131n b\u0131rakt\u0131\u011f\u0131 yerden bayra\u011f\u0131 al\u0131r ve daha ileriye ta\u015f\u0131maya gayret eder. Nitekim bu duruma en iyi \u00f6rnek Isaac Newton\u2019un ba\u015far\u0131s\u0131n\u0131 al\u00e7akg\u00f6n\u00fcll\u00fcl\u00fckle a\u00e7\u0131klad\u0131\u011f\u0131 c\u00fcmlesi ile verilebilir: \u201cDaha fazlas\u0131n\u0131 g\u00f6rm\u00fc\u015fsem, devlerin omuzlar\u0131nda durmamdand\u0131r\u201d. Bilimsel anlamda yap\u0131lan her ara\u015ft\u0131rma \u00f6ncekinin \u00fczerine yeni \u015feyler ekleyerek yeni bilgilere kap\u0131 a\u00e7maktad\u0131r. Fakat bu \u00e7al\u0131\u015fmalar kimi zaman farkl\u0131 bulgular elde edebilmektedirler. Belirli bir konuda yap\u0131lm\u0131\u015f olan bu ara\u015ft\u0131rmalara topyek\u00fbn bakt\u0131\u011f\u0131m\u0131zda uygulanan ya da geli\u015ftirilen y\u00f6ntemlerin ger\u00e7ekten de etkili olup olmad\u0131\u011f\u0131n\u0131 g\u00f6remeyebiliriz. Bu konuda bize yard\u0131mc\u0131 olabilecek y\u00f6ntemlerin ba\u015f\u0131nda meta-analiz gelmektedir. Meta-analiz belirli bir konuda yap\u0131lm\u0131\u015f bireysel \u00e7al\u0131\u015fmalar\u0131n bulgular\u0131n\u0131 istatistiksel olarak birle\u015ftirerek \u00f6zet bulgular sunan bir y\u00f6ntemdir. Ortaya \u00e7\u0131kt\u0131\u011f\u0131 ilk y\u0131llarda hak etti\u011fi ilgiyi g\u00f6rmemi\u015f olsa da meta-analize verilen \u00f6nem y\u0131llar i\u00e7inde art\u0131\u015f g\u00f6stermi\u015ftir. Bu da meta-analizin g\u00fcn\u00fcm\u00fcz ara\u015ft\u0131rmac\u0131lar\u0131 taraf\u0131ndan en \u00e7ok uygulanan metodolojiler aras\u0131nda yerini almas\u0131n\u0131 sa\u011flam\u0131\u015ft\u0131r. Meta-analiz bir nevi ara\u015ft\u0131rmalar\u0131n ara\u015ft\u0131rmas\u0131 oldu\u011fu i\u00e7in bireysel \u00e7al\u0131\u015fmalardan farkl\u0131 yanlar\u0131 bulunmaktad\u0131r. Bu da ara\u015ft\u0131rmac\u0131lar\u0131n bu metodolojiyi anlamas\u0131n\u0131 ilk etapta zorla\u015ft\u0131rabilmektedir. Meta-analiz \u00fczerine yaz\u0131lan teorik kaynaklar bu metodolojinin istatistiksel \u00f6zelliklerinin anla\u015f\u0131lmas\u0131nda \u00f6nemli bir g\u00f6revi yerine getirmi\u015f olsa da uygulamaya d\u00f6n\u00fck kitaplar\u0131n azl\u0131\u011f\u0131 dikkat \u00e7ekmektedir. Bu da ara\u015ft\u0131rmac\u0131lar\u0131n yararlanaca\u011f\u0131 bir uygulama kitab\u0131 yazma ihtiyac\u0131 do\u011furmu\u015ftur.<\/p>\n","protected":false},"excerpt":{"rendered":"<p>Bilimsel geli\u015fmeler birbiri \u00fczerine bina edilme ve y\u0131\u011f\u0131lmal\u0131 olarak ilerleme e\u011filimindedir. Her ara\u015ft\u0131rmac\u0131 kendinden \u00f6nceki ara\u015ft\u0131rmac\u0131n\u0131n b\u0131rakt\u0131\u011f\u0131 yerden bayra\u011f\u0131 al\u0131r ve daha ileriye ta\u015f\u0131maya gayret eder.<span class=\"excerpt-hellip\"> [\u2026]<\/span><\/p>\n","protected":false},"featured_media":0,"template":"","meta":{"_monsterinsights_skip_tracking":false,"_monsterinsights_sitenote_active":false,"_monsterinsights_sitenote_note":"","_monsterinsights_sitenote_category":0},"product_brand":[],"product_cat":[13005,13006],"product_tag":[],"class_list":{"0":"post-729058","1":"product","2":"type-product","3":"status-publish","5":"product_cat-bilim-muhendislik","6":"product_cat-populer-bilim","7":"pa_cilt-ciltsiz","8":"pa_tur-kitap","9":"pa_yayinevi-ani-yayincilik","10":"pa_yazar-sedat-sen-ibrahim-yildirim","12":"first","13":"instock","14":"sale","15":"shipping-taxable","16":"purchasable","17":"product-type-simple"},"_links":{"self":[{"href":"https:\/\/roveyayinevi.com.tr\/index.php\/wp-json\/wp\/v2\/product\/729058","targetHints":{"allow":["GET"]}}],"collection":[{"href":"https:\/\/roveyayinevi.com.tr\/index.php\/wp-json\/wp\/v2\/product"}],"about":[{"href":"https:\/\/roveyayinevi.com.tr\/index.php\/wp-json\/wp\/v2\/types\/product"}],"wp:attachment":[{"href":"https:\/\/roveyayinevi.com.tr\/index.php\/wp-json\/wp\/v2\/media?parent=729058"}],"wp:term":[{"taxonomy":"product_brand","embeddable":true,"href":"https:\/\/roveyayinevi.com.tr\/index.php\/wp-json\/wp\/v2\/product_brand?post=729058"},{"taxonomy":"product_cat","embeddable":true,"href":"https:\/\/roveyayinevi.com.tr\/index.php\/wp-json\/wp\/v2\/product_cat?post=729058"},{"taxonomy":"product_tag","embeddable":true,"href":"https:\/\/roveyayinevi.com.tr\/index.php\/wp-json\/wp\/v2\/product_tag?post=729058"}],"curies":[{"name":"wp","href":"https:\/\/api.w.org\/{rel}","templated":true}]}}