{"id":729057,"date":"2025-08-27T20:49:33","date_gmt":"2025-08-27T17:49:33","guid":{"rendered":"https:\/\/roveyayinevi.com.tr\/index.php\/urun\/hareketli-astronotlar\/"},"modified":"2025-08-31T17:04:31","modified_gmt":"2025-08-31T14:04:31","slug":"hareketli-astronotlar","status":"publish","type":"product","link":"https:\/\/roveyayinevi.com.tr\/index.php\/urun\/hareketli-astronotlar\/","title":{"rendered":"Hareketli Astronotlar"},"content":{"rendered":"<p>Uluslararas\u0131 Uzay \u0130stasyonu\u2019na do\u011fru bir yolculu\u011fa \u00e7\u0131k! \u0130LK KE\u015e\u0130FLER-Astronotlar, hareketli sahneleri, aray\u0131p bulma oyunlar\u0131 ve verdi\u011fi e\u011flenceli bilgilerle, temel bilim ba\u015fl\u0131klar\u0131yla tan\u0131\u015fma konusunda harika bir ilk kitap<\/p>\n","protected":false},"excerpt":{"rendered":"<p>Uluslararas\u0131 Uzay \u0130stasyonu\u2019na do\u011fru bir yolculu\u011fa \u00e7\u0131k! \u0130LK KE\u015e\u0130FLER-Astronotlar, hareketli sahneleri, aray\u0131p bulma oyunlar\u0131 ve verdi\u011fi e\u011flenceli bilgilerle, temel bilim ba\u015fl\u0131klar\u0131yla tan\u0131\u015fma konusunda harika bir ilk<span class=\"excerpt-hellip\"> [\u2026]<\/span><\/p>\n","protected":false},"featured_media":0,"template":"","meta":{"_monsterinsights_skip_tracking":false,"_monsterinsights_sitenote_active":false,"_monsterinsights_sitenote_note":"","_monsterinsights_sitenote_category":0},"product_brand":[],"product_cat":[12274,12518],"product_tag":[],"class_list":{"0":"post-729057","1":"product","2":"type-product","3":"status-publish","5":"product_cat-cocuk-ve-genclik-kitaplari","6":"product_cat-okul-oncesi-kitaplar","7":"pa_cilt-ciltli","8":"pa_tur-kitap","9":"pa_yayinevi-is-bankasi-kultur-yayinlari","10":"pa_yazar-is-bankasi-kollektif","12":"first","13":"instock","14":"sale","15":"shipping-taxable","16":"purchasable","17":"product-type-simple"},"_links":{"self":[{"href":"https:\/\/roveyayinevi.com.tr\/index.php\/wp-json\/wp\/v2\/product\/729057","targetHints":{"allow":["GET"]}}],"collection":[{"href":"https:\/\/roveyayinevi.com.tr\/index.php\/wp-json\/wp\/v2\/product"}],"about":[{"href":"https:\/\/roveyayinevi.com.tr\/index.php\/wp-json\/wp\/v2\/types\/product"}],"wp:attachment":[{"href":"https:\/\/roveyayinevi.com.tr\/index.php\/wp-json\/wp\/v2\/media?parent=729057"}],"wp:term":[{"taxonomy":"product_brand","embeddable":true,"href":"https:\/\/roveyayinevi.com.tr\/index.php\/wp-json\/wp\/v2\/product_brand?post=729057"},{"taxonomy":"product_cat","embeddable":true,"href":"https:\/\/roveyayinevi.com.tr\/index.php\/wp-json\/wp\/v2\/product_cat?post=729057"},{"taxonomy":"product_tag","embeddable":true,"href":"https:\/\/roveyayinevi.com.tr\/index.php\/wp-json\/wp\/v2\/product_tag?post=729057"}],"curies":[{"name":"wp","href":"https:\/\/api.w.org\/{rel}","templated":true}]}}