{"id":729056,"date":"2025-08-27T20:49:33","date_gmt":"2025-08-27T17:49:33","guid":{"rendered":"https:\/\/roveyayinevi.com.tr\/index.php\/urun\/cok-partili-doneme-gecisin-yerel-basina-etkisi\/"},"modified":"2026-04-16T02:36:44","modified_gmt":"2026-04-15T23:36:44","slug":"cok-partili-doneme-gecisin-yerel-basina-etkisi","status":"publish","type":"product","link":"https:\/\/roveyayinevi.com.tr\/index.php\/urun\/cok-partili-doneme-gecisin-yerel-basina-etkisi\/","title":{"rendered":"\u00c7ok Partili D\u00f6neme Ge\u00e7i\u015fin Yerel Bas\u0131na Etkisi"},"content":{"rendered":"<p>Elinizde bulunan bu \u00e7al\u0131\u015fman\u0131n amac\u0131, \u00e7ok partili hayata ge\u00e7i\u015fin Mardin yerel bas\u0131n\u0131na etkisini ara\u015ft\u0131rmakt\u0131r. Mardin bas\u0131n\u0131yla ilgili birka\u00e7 makale ve baz\u0131 eserlerdeki k\u0131sa bilgiler haricinde herhangi bir bilgi bulunmamaktad\u0131r. \u00c7al\u0131\u015fmam\u0131zda elde edilen bilgilerin bilimsel metotlarla toplanarak akademik de\u011ferlendirmelerde kullan\u0131labilecek hale getirilmesi ve bu ba\u011flamda tarihsel bulgular\u0131n ortaya konulmas\u0131, amac\u0131n tamamlay\u0131c\u0131 halkas\u0131n\u0131 olu\u015fturmaktad\u0131r. Bununla birlikte Mardin bas\u0131n\u0131n\u0131n \u00e7o\u011fulcu yap\u0131s\u0131n\u0131 olu\u015fturan ve g\u00fcn\u00fcm\u00fcz bas\u0131n\u0131n\u0131n da bu anlamda reflekslerinin olu\u015fmas\u0131na rol oynayan 1950-1960 y\u0131llar\u0131ndaki yerel bas\u0131n\u0131n yap\u0131sal bir de\u011ferlendirmesini yapmakt\u0131r. Bu d\u00f6nemdeki Demokrat Parti iktidar\u0131n\u0131n etkisiyle olu\u015fan siyasal iklimin Mardin bas\u0131n\u0131nda yaratt\u0131\u011f\u0131 farkl\u0131la\u015fma, s\u00f6zl\u00fc tarih verileri ile de peki\u015ftirilmi\u015ftir. Bu da konunun ya\u015fama d\u00f6n\u00fck taraflar\u0131n\u0131 ortaya koyacakt\u0131r. <\/p>\n","protected":false},"excerpt":{"rendered":"<p>Elinizde bulunan bu \u00e7al\u0131\u015fman\u0131n amac\u0131, \u00e7ok partili hayata ge\u00e7i\u015fin Mardin yerel bas\u0131n\u0131na etkisini ara\u015ft\u0131rmakt\u0131r. Mardin bas\u0131n\u0131yla ilgili birka\u00e7 makale ve baz\u0131 eserlerdeki k\u0131sa bilgiler haricinde herhangi<span class=\"excerpt-hellip\"> [\u2026]<\/span><\/p>\n","protected":false},"featured_media":0,"template":"","meta":{"_monsterinsights_skip_tracking":false,"_monsterinsights_sitenote_active":false,"_monsterinsights_sitenote_note":"","_monsterinsights_sitenote_category":0},"product_brand":[],"product_cat":[13590,12337],"product_tag":[],"class_list":{"0":"post-729056","1":"product","2":"type-product","3":"status-publish","5":"product_cat-arastirma-inceleme-politika-siyaset","6":"product_cat-politika-siyaset","7":"pa_cilt-ciltsiz","8":"pa_tur-kitap","9":"pa_yayinevi-toz-yayinlari","10":"pa_yazar-farac-cobanoglu","12":"first","13":"instock","14":"sale","15":"shipping-taxable","16":"purchasable","17":"product-type-simple"},"_links":{"self":[{"href":"https:\/\/roveyayinevi.com.tr\/index.php\/wp-json\/wp\/v2\/product\/729056","targetHints":{"allow":["GET"]}}],"collection":[{"href":"https:\/\/roveyayinevi.com.tr\/index.php\/wp-json\/wp\/v2\/product"}],"about":[{"href":"https:\/\/roveyayinevi.com.tr\/index.php\/wp-json\/wp\/v2\/types\/product"}],"wp:attachment":[{"href":"https:\/\/roveyayinevi.com.tr\/index.php\/wp-json\/wp\/v2\/media?parent=729056"}],"wp:term":[{"taxonomy":"product_brand","embeddable":true,"href":"https:\/\/roveyayinevi.com.tr\/index.php\/wp-json\/wp\/v2\/product_brand?post=729056"},{"taxonomy":"product_cat","embeddable":true,"href":"https:\/\/roveyayinevi.com.tr\/index.php\/wp-json\/wp\/v2\/product_cat?post=729056"},{"taxonomy":"product_tag","embeddable":true,"href":"https:\/\/roveyayinevi.com.tr\/index.php\/wp-json\/wp\/v2\/product_tag?post=729056"}],"curies":[{"name":"wp","href":"https:\/\/api.w.org\/{rel}","templated":true}]}}