{"id":729054,"date":"2025-08-27T20:49:31","date_gmt":"2025-08-27T17:49:31","guid":{"rendered":"https:\/\/roveyayinevi.com.tr\/index.php\/urun\/trocki-2\/"},"modified":"2026-04-16T02:36:44","modified_gmt":"2026-04-15T23:36:44","slug":"trocki-2","status":"publish","type":"product","link":"https:\/\/roveyayinevi.com.tr\/index.php\/urun\/trocki-2\/","title":{"rendered":"Tro\u00e7ki"},"content":{"rendered":"<p>Tro\u00e7kistlerin tarihi \u201cya d\u00fcnya devrimi ya da B\u00f6ylesi radikalli\u011fe teslim olmayan gen\u00e7, gen\u00e7 say\u0131l\u0131r m\u0131? Tro\u00e7kistlerin, k\u0131smen olduk\u00e7a radikal sloganlar\u0131 \u00f6zellikle gen\u00e7lik ve ayd\u0131nlar aras\u0131nda yank\u0131 buluyordu. Di\u011fer bir \u00f6zellikleri de bizzat Tro\u00e7ki&#8217;nin burjuva \u00e7evreler taraf\u0131ndan \u201ciyi o\u011flanlar\u201ddan say\u0131lmas\u0131d\u0131r. Emperyalist burjuvazi onu \u201ckom\u00fcnist rejimin cinayetleri\u201dne kat\u0131lmam\u0131\u015f birisi olarak g\u00f6r\u00fcyor; \u201cTro\u00e7kizm kom\u00fcnizmin iyi vicdan\u0131d\u0131r. O, b\u00fct\u00fcn totaliter yozla\u015fmaya&#8230;ra\u011fmen i\u00e7 yap\u0131s\u0131 sa\u011flam kalan d\u00fc\u015f\u00fcnceye dayanmaktad\u0131r ve y\u0131k\u0131nt\u0131dan yeniden do\u011fu\u015fu m\u00fcmk\u00fcn k\u0131lmaktad\u0131r\u201d diye de\u011ferlendiriyordu. Bildi\u011fimiz Tro\u00e7ki&#8217;yi emperyalist burjuvazi \u201cZ\u00fcmr\u00fcd\u00fcanka\u201d ilan etmi\u015fti. Ger\u00e7ekten de \u00f6yle; hep \u00f6ld\u00fc denirken kendi k\u00fclleri i\u00e7inden yeniden dirilmi\u015ftir ama ye\u015ferip \u00e7\u0131nar olamam\u0131\u015ft\u0131r! <\/p>\n","protected":false},"excerpt":{"rendered":"<p>Tro\u00e7kistlerin tarihi \u201cya d\u00fcnya devrimi ya da B\u00f6ylesi radikalli\u011fe teslim olmayan gen\u00e7, gen\u00e7 say\u0131l\u0131r m\u0131? Tro\u00e7kistlerin, k\u0131smen olduk\u00e7a radikal sloganlar\u0131 \u00f6zellikle gen\u00e7lik ve ayd\u0131nlar aras\u0131nda yank\u0131<span class=\"excerpt-hellip\"> [\u2026]<\/span><\/p>\n","protected":false},"featured_media":0,"template":"","meta":{"_monsterinsights_skip_tracking":false,"_monsterinsights_sitenote_active":false,"_monsterinsights_sitenote_note":"","_monsterinsights_sitenote_category":0},"product_brand":[],"product_cat":[13072,12291],"product_tag":[],"class_list":{"0":"post-729054","1":"product","2":"type-product","3":"status-publish","5":"product_cat-arastirma-inceleme-referans","6":"product_cat-edebiyat","7":"pa_cilt-ciltsiz","8":"pa_tur-kitap","9":"pa_yayinevi-toz-yayinlari","10":"pa_yazar-ibrahim-okcuoglu","12":"first","13":"instock","14":"sale","15":"shipping-taxable","16":"purchasable","17":"product-type-simple"},"_links":{"self":[{"href":"https:\/\/roveyayinevi.com.tr\/index.php\/wp-json\/wp\/v2\/product\/729054","targetHints":{"allow":["GET"]}}],"collection":[{"href":"https:\/\/roveyayinevi.com.tr\/index.php\/wp-json\/wp\/v2\/product"}],"about":[{"href":"https:\/\/roveyayinevi.com.tr\/index.php\/wp-json\/wp\/v2\/types\/product"}],"wp:attachment":[{"href":"https:\/\/roveyayinevi.com.tr\/index.php\/wp-json\/wp\/v2\/media?parent=729054"}],"wp:term":[{"taxonomy":"product_brand","embeddable":true,"href":"https:\/\/roveyayinevi.com.tr\/index.php\/wp-json\/wp\/v2\/product_brand?post=729054"},{"taxonomy":"product_cat","embeddable":true,"href":"https:\/\/roveyayinevi.com.tr\/index.php\/wp-json\/wp\/v2\/product_cat?post=729054"},{"taxonomy":"product_tag","embeddable":true,"href":"https:\/\/roveyayinevi.com.tr\/index.php\/wp-json\/wp\/v2\/product_tag?post=729054"}],"curies":[{"name":"wp","href":"https:\/\/api.w.org\/{rel}","templated":true}]}}