{"id":729053,"date":"2025-08-27T20:49:30","date_gmt":"2025-08-27T17:49:30","guid":{"rendered":"https:\/\/roveyayinevi.com.tr\/index.php\/urun\/hayvan-ciftligi-13\/"},"modified":"2026-04-16T02:36:44","modified_gmt":"2026-04-15T23:36:44","slug":"hayvan-ciftligi-13","status":"publish","type":"product","link":"https:\/\/roveyayinevi.com.tr\/index.php\/urun\/hayvan-ciftligi-13\/","title":{"rendered":"Hayvan \u00c7iftli\u011fi"},"content":{"rendered":"<p>Beylik \u00c7iftli\u011fi hayvanlar\u0131n\u0131n kendilerini ezen, s\u00f6m\u00fcren ve ya\u015famlar\u0131n\u0131 katlan\u0131lmaz hale getiren \u00e7iftlik sahibi Bay Jones&#8217;a ve di\u011fer \u00e7iftlik \u00e7al\u0131\u015fanlar\u0131na kar\u015f\u0131 domuzlar\u0131n \u00f6nc\u00fcl\u00fc\u011f\u00fcnde isyan ederek, \u00e7iftli\u011fi ele ge\u00e7irip kendi kendilerini y\u00f6netmelerinin hik\u00e2yesidir bu kitap.\u00c7iftli\u011fi insanlardan temizledikten sonra ad\u0131n\u0131 de\u011fi\u015ftirerek &#8220;Hayvan \u00c7iftli\u011fi&#8221; koyarlar. Fakat bir s\u00fcre sonra i\u015fler umuldu\u011fu ya da hayal edildi\u011fi gibi gitmez. Bir arada ya\u015fam\u0131n, e\u015fitli\u011fin, \u00f6zg\u00fcrl\u00fc\u011f\u00fcn ve adaletin hakim k\u0131l\u0131nmaya \u00e7al\u0131\u015f\u0131ld\u0131\u011f\u0131 sistem; zamanla, yerini g\u00fcc\u00fcn ve iktidar\u0131n ki\u015fisel h\u0131rslar ve bencilliklerle birle\u015fti\u011fi, totaliter bir sisteme b\u0131rakm\u0131\u015ft\u0131r. <\/p>\n","protected":false},"excerpt":{"rendered":"<p>Beylik \u00c7iftli\u011fi hayvanlar\u0131n\u0131n kendilerini ezen, s\u00f6m\u00fcren ve ya\u015famlar\u0131n\u0131 katlan\u0131lmaz hale getiren \u00e7iftlik sahibi Bay Jones&#8217;a ve di\u011fer \u00e7iftlik \u00e7al\u0131\u015fanlar\u0131na kar\u015f\u0131 domuzlar\u0131n \u00f6nc\u00fcl\u00fc\u011f\u00fcnde isyan ederek, \u00e7iftli\u011fi ele<span class=\"excerpt-hellip\"> [\u2026]<\/span><\/p>\n","protected":false},"featured_media":0,"template":"","meta":{"_monsterinsights_skip_tracking":false,"_monsterinsights_sitenote_active":false,"_monsterinsights_sitenote_note":"","_monsterinsights_sitenote_category":0},"product_brand":[],"product_cat":[12291,12711],"product_tag":[],"class_list":{"0":"post-729053","1":"product","2":"type-product","3":"status-publish","5":"product_cat-edebiyat","6":"product_cat-roman-oyku","7":"pa_cilt-ciltsiz","8":"pa_tur-kitap","9":"pa_yayinevi-toz-yayinlari","10":"pa_yazar-george-orwell","12":"first","13":"instock","14":"sale","15":"shipping-taxable","16":"purchasable","17":"product-type-simple"},"_links":{"self":[{"href":"https:\/\/roveyayinevi.com.tr\/index.php\/wp-json\/wp\/v2\/product\/729053","targetHints":{"allow":["GET"]}}],"collection":[{"href":"https:\/\/roveyayinevi.com.tr\/index.php\/wp-json\/wp\/v2\/product"}],"about":[{"href":"https:\/\/roveyayinevi.com.tr\/index.php\/wp-json\/wp\/v2\/types\/product"}],"wp:attachment":[{"href":"https:\/\/roveyayinevi.com.tr\/index.php\/wp-json\/wp\/v2\/media?parent=729053"}],"wp:term":[{"taxonomy":"product_brand","embeddable":true,"href":"https:\/\/roveyayinevi.com.tr\/index.php\/wp-json\/wp\/v2\/product_brand?post=729053"},{"taxonomy":"product_cat","embeddable":true,"href":"https:\/\/roveyayinevi.com.tr\/index.php\/wp-json\/wp\/v2\/product_cat?post=729053"},{"taxonomy":"product_tag","embeddable":true,"href":"https:\/\/roveyayinevi.com.tr\/index.php\/wp-json\/wp\/v2\/product_tag?post=729053"}],"curies":[{"name":"wp","href":"https:\/\/api.w.org\/{rel}","templated":true}]}}