{"id":729052,"date":"2025-08-27T20:49:28","date_gmt":"2025-08-27T17:49:28","guid":{"rendered":"https:\/\/roveyayinevi.com.tr\/index.php\/urun\/atlikarincalari-affediyorum\/"},"modified":"2026-04-16T02:36:44","modified_gmt":"2026-04-15T23:36:44","slug":"atlikarincalari-affediyorum","status":"publish","type":"product","link":"https:\/\/roveyayinevi.com.tr\/index.php\/urun\/atlikarincalari-affediyorum\/","title":{"rendered":"Atl\u0131kar\u0131ncalar\u0131 Affediyorum"},"content":{"rendered":"<p>\u0130nsan\u0131 eksilten kaybedi\u015fleri de\u011fil, zannedi\u015fleridir.   Do\u011fdu\u011funda zihninde tek bir oda vard\u0131; yaln\u0131zl\u0131\u011f\u0131n\u0131n odas\u0131, t\u0131pk\u0131 senin gibi. Zamanla annesine, babas\u0131na, sevdiklerine, hatta sevmediklerine; sesini duyan, onu g\u00f6ren, hisseden herkese ayr\u0131 ayr\u0131 odalar in\u015fa etti\u2026 T\u0131pk\u0131 senin gibi. Her odan\u0131n i\u00e7ine an\u0131lar\u0131n\u0131 s\u0131\u011fd\u0131rd\u0131; e\u015fyalar\u0131, anlamlar\u0131, sevin\u00e7leri, h\u00fcz\u00fcnleri, ilkleri, sonlar\u0131\u2026 Ayn\u0131 senin gibi. \u0130nsanlar kaybolduk\u00e7a odalara girmeye \u00e7ekindi, ger\u00e7eklerle y\u00fczle\u015fmekten ka\u00e7\u0131nd\u0131, dehlizlerini kilitledi, yaln\u0131zl\u0131\u011f\u0131n\u0131n odas\u0131na \u00e7ekilerek unutmaya \u00e7abalad\u0131 ve belki de al\u0131\u015ft\u0131\u2026 Yine senin gibi.   Mevsimler&#8230; Mevsimler ge\u00e7ti&#8230;   G\u00fcn geldi, odalar\u0131n kap\u0131lar\u0131 kendi iradeleri d\u0131\u015f\u0131nda ans\u0131z\u0131n a\u00e7\u0131ld\u0131 ve unuttu\u011funu sand\u0131\u011f\u0131 ge\u00e7mi\u015fi y\u00fcz\u00fcnde, an\u0131lar\u0131 avu\u00e7lar\u0131nda, herkes kar\u015f\u0131s\u0131ndayd\u0131&#8230; Senin, benim, onun\u2026 herkesin elbet bir g\u00fcn ya\u015fayaca\u011f\u0131 o an gibi. Bu kitap i\u015fte o an\u0131m\u0131z\u0131n hik\u00e2yesidir.   \u0130nsan\u0131n yolu, cesareti kadard\u0131r.   G\u00fclnihal Han\u0131m&#8217;\u0131n Ezrak, Ferhunde, Dildade ve di\u011fer karakterler \u00fczerinden olu\u015fturdu\u011fu mistik yolculu\u011fu vas\u0131tas\u0131yla hi\u00e7 anlat\u0131lmam\u0131\u015f olan\u0131 g\u00f6zler \u00f6n\u00fcne seren eser, hayat\u0131n yan\u0131lg\u0131lardan ibaret oldu\u011funu anlayan herkese tatl\u0131 ama bir o kadar h\u00fcz\u00fcnl\u00fc bir cesaret veriyor.   Kafamdaki Fillerin Hepsi Mavi isimli eseriyle tan\u0131nan Murat G\u00fclen, Atl\u0131kar\u0131ncalar\u0131 Affediyorum roman\u0131yla bir kez daha okurlar\u0131n zihnine konuk oluyor. <\/p>\n","protected":false},"excerpt":{"rendered":"<p>\u0130nsan\u0131 eksilten kaybedi\u015fleri de\u011fil, zannedi\u015fleridir. Do\u011fdu\u011funda zihninde tek bir oda vard\u0131; yaln\u0131zl\u0131\u011f\u0131n\u0131n odas\u0131, t\u0131pk\u0131 senin gibi. Zamanla annesine, babas\u0131na, sevdiklerine, hatta sevmediklerine; sesini duyan, onu g\u00f6ren,<span class=\"excerpt-hellip\"> [\u2026]<\/span><\/p>\n","protected":false},"featured_media":0,"template":"","meta":{"_monsterinsights_skip_tracking":false,"_monsterinsights_sitenote_active":false,"_monsterinsights_sitenote_note":"","_monsterinsights_sitenote_category":0},"product_brand":[],"product_cat":[12291,12711],"product_tag":[],"class_list":{"0":"post-729052","1":"product","2":"type-product","3":"status-publish","5":"product_cat-edebiyat","6":"product_cat-roman-oyku","7":"pa_cilt-ciltsiz","8":"pa_tur-kitap","9":"pa_yayinevi-indigo-kitap","10":"pa_yazar-murat-gulen","12":"first","13":"instock","14":"sale","15":"shipping-taxable","16":"purchasable","17":"product-type-simple"},"_links":{"self":[{"href":"https:\/\/roveyayinevi.com.tr\/index.php\/wp-json\/wp\/v2\/product\/729052","targetHints":{"allow":["GET"]}}],"collection":[{"href":"https:\/\/roveyayinevi.com.tr\/index.php\/wp-json\/wp\/v2\/product"}],"about":[{"href":"https:\/\/roveyayinevi.com.tr\/index.php\/wp-json\/wp\/v2\/types\/product"}],"wp:attachment":[{"href":"https:\/\/roveyayinevi.com.tr\/index.php\/wp-json\/wp\/v2\/media?parent=729052"}],"wp:term":[{"taxonomy":"product_brand","embeddable":true,"href":"https:\/\/roveyayinevi.com.tr\/index.php\/wp-json\/wp\/v2\/product_brand?post=729052"},{"taxonomy":"product_cat","embeddable":true,"href":"https:\/\/roveyayinevi.com.tr\/index.php\/wp-json\/wp\/v2\/product_cat?post=729052"},{"taxonomy":"product_tag","embeddable":true,"href":"https:\/\/roveyayinevi.com.tr\/index.php\/wp-json\/wp\/v2\/product_tag?post=729052"}],"curies":[{"name":"wp","href":"https:\/\/api.w.org\/{rel}","templated":true}]}}