{"id":729051,"date":"2025-08-27T20:49:27","date_gmt":"2025-08-27T17:49:27","guid":{"rendered":"https:\/\/roveyayinevi.com.tr\/index.php\/urun\/oyun-2\/"},"modified":"2026-04-16T02:36:44","modified_gmt":"2026-04-15T23:36:44","slug":"oyun-2","status":"publish","type":"product","link":"https:\/\/roveyayinevi.com.tr\/index.php\/urun\/oyun-2\/","title":{"rendered":"Oyun"},"content":{"rendered":"<p>Ge\u00e7en sene ya\u015fananlardan sa\u011flam bir ders \u00e7\u0131karm\u0131\u015ft\u0131m: Hovarda gibi dolan\u0131p partilerde sabahlamak hayat\u0131m\u0131 k\u00f6t\u00fc etkiliyordu. Ancak bu sene her \u015fey farkl\u0131 olacakt\u0131, tak\u0131m\u0131n yeni kaptan\u0131 olarak kendime \u00e7ekid\u00fczen verecek, sadece hokeye  ve derslerime odaklanacak, kad\u0131nlara elimi bile s\u00fcrmeyecektim. Ben, yani Hunter Davenport, bir \u00e7e\u015fit bek\u00e2rl\u0131k yemini etmi\u015ftim  ve sonuna kadar bunun arkas\u0131nda duracakt\u0131m.   Ama kaptanl\u0131k elkitab\u0131nda bir kad\u0131nla \u201carkada\u015f\u201d olamazs\u0131n diye bir \u015fey yazm\u0131yordu. S\u0131n\u0131fa yeni gelen ukala, haz\u0131rcevap ve bir o kadar da \u00e7ekici olan Demi Davis\u2019le \u201csadece\u201d arkada\u015f olabilirdim. Onunla \u00e7ok iyi anla\u015f\u0131yorduk, ta ki bana \u00e7\u0131kma teklifi edene kadar\u2026 Bir projede partner oldu\u011fumuz i\u00e7in ondan ka\u00e7amazd\u0131m, ama yine de kendimi tutabilece\u011fime dair g\u00fcvenim tamd\u0131. Onun cazibesine kesinlikle kar\u015f\u0131 koyabilirdim. Zaten ailelerimiz \u00e7ok farkl\u0131yd\u0131, hayattaki ama\u00e7lar\u0131m\u0131z birbirine uymuyordu ve babas\u0131 benden \u00f6l\u00fcm\u00fcne nefret ediyordu.   K\u0131sacas\u0131 onunla tak\u0131lmak k\u00f6t\u00fc bir fikirdi. Tek yapmam gereken bu konuda bedenime\u2026 ve kalbime s\u00f6z ge\u00e7irmekti. <\/p>\n","protected":false},"excerpt":{"rendered":"<p>Ge\u00e7en sene ya\u015fananlardan sa\u011flam bir ders \u00e7\u0131karm\u0131\u015ft\u0131m: Hovarda gibi dolan\u0131p partilerde sabahlamak hayat\u0131m\u0131 k\u00f6t\u00fc etkiliyordu. Ancak bu sene her \u015fey farkl\u0131 olacakt\u0131, tak\u0131m\u0131n yeni kaptan\u0131 olarak<span class=\"excerpt-hellip\"> [\u2026]<\/span><\/p>\n","protected":false},"featured_media":0,"template":"","meta":{"_monsterinsights_skip_tracking":false,"_monsterinsights_sitenote_active":false,"_monsterinsights_sitenote_note":"","_monsterinsights_sitenote_category":0},"product_brand":[],"product_cat":[12291,50487],"product_tag":[],"class_list":{"0":"post-729051","1":"product","2":"type-product","3":"status-publish","5":"product_cat-edebiyat","6":"product_cat-kurgu","7":"pa_cilt-ciltsiz","8":"pa_tur-kitap","9":"pa_yayinevi-nemesis-kitap","10":"pa_yazar-elle-kennedy","12":"first","13":"instock","14":"sale","15":"shipping-taxable","16":"purchasable","17":"product-type-simple"},"_links":{"self":[{"href":"https:\/\/roveyayinevi.com.tr\/index.php\/wp-json\/wp\/v2\/product\/729051","targetHints":{"allow":["GET"]}}],"collection":[{"href":"https:\/\/roveyayinevi.com.tr\/index.php\/wp-json\/wp\/v2\/product"}],"about":[{"href":"https:\/\/roveyayinevi.com.tr\/index.php\/wp-json\/wp\/v2\/types\/product"}],"wp:attachment":[{"href":"https:\/\/roveyayinevi.com.tr\/index.php\/wp-json\/wp\/v2\/media?parent=729051"}],"wp:term":[{"taxonomy":"product_brand","embeddable":true,"href":"https:\/\/roveyayinevi.com.tr\/index.php\/wp-json\/wp\/v2\/product_brand?post=729051"},{"taxonomy":"product_cat","embeddable":true,"href":"https:\/\/roveyayinevi.com.tr\/index.php\/wp-json\/wp\/v2\/product_cat?post=729051"},{"taxonomy":"product_tag","embeddable":true,"href":"https:\/\/roveyayinevi.com.tr\/index.php\/wp-json\/wp\/v2\/product_tag?post=729051"}],"curies":[{"name":"wp","href":"https:\/\/api.w.org\/{rel}","templated":true}]}}