{"id":729050,"date":"2025-08-27T20:49:26","date_gmt":"2025-08-27T17:49:26","guid":{"rendered":"https:\/\/roveyayinevi.com.tr\/index.php\/urun\/sirlar-ormani\/"},"modified":"2026-04-16T02:36:44","modified_gmt":"2026-04-15T23:36:44","slug":"sirlar-ormani","status":"publish","type":"product","link":"https:\/\/roveyayinevi.com.tr\/index.php\/urun\/sirlar-ormani\/","title":{"rendered":"S\u0131rlar Orman\u0131"},"content":{"rendered":"<p>\u00d6yk\u00fc okulda tiyatro se\u00e7meleri olaca\u011f\u0131n\u0131 duydu\u011funda \u00e7ok heyecanlan\u0131r, kat\u0131lmak ister. Ancak sahneye \u00e7\u0131kmaktan ve biraz da arkada\u015flar\u0131ndan \u00e7ekinmektedir. Bu d\u00fc\u015f\u00fcncelerle uykuya dalarken hayat\u0131n\u0131 tamamen de\u011fi\u015ftirecek bir macera ya\u015fayaca\u011f\u0131ndan habersizdir. O gece uyan\u0131r ve ans\u0131z\u0131n kendini evden \u00e7ok uzakta, bir ormanda bulur. Buras\u0131 s\u0131rlarla dolu bir ormand\u0131r; cesaretin, dostlu\u011fun, bilgeli\u011fin ve en \u00f6nemlisi sevginin anahtar\u0131 bu orman\u0131n kalbindedir. \u00d6yk\u00fc, s\u0131rlarla \u00e7evrili bu ormanda cesaret gerektiren bir macerada ayn\u0131 zamanda kendi hik\u00e2yesini de bulmaya \u00e7al\u0131\u015facakt\u0131r. \u201cHer canl\u0131n\u0131n kalbi onun yuvas\u0131d\u0131r. \u00d6zg\u00fcrl\u00fck yuvam\u0131zda, cesaret yak\u0131n\u0131m\u0131zdad\u0131r.\u201d <\/p>\n","protected":false},"excerpt":{"rendered":"<p>\u00d6yk\u00fc okulda tiyatro se\u00e7meleri olaca\u011f\u0131n\u0131 duydu\u011funda \u00e7ok heyecanlan\u0131r, kat\u0131lmak ister. Ancak sahneye \u00e7\u0131kmaktan ve biraz da arkada\u015flar\u0131ndan \u00e7ekinmektedir. Bu d\u00fc\u015f\u00fcncelerle uykuya dalarken hayat\u0131n\u0131 tamamen de\u011fi\u015ftirecek bir<span class=\"excerpt-hellip\"> [\u2026]<\/span><\/p>\n","protected":false},"featured_media":0,"template":"","meta":{"_monsterinsights_skip_tracking":false,"_monsterinsights_sitenote_active":false,"_monsterinsights_sitenote_note":"","_monsterinsights_sitenote_category":0},"product_brand":[],"product_cat":[12275,12274],"product_tag":[],"class_list":{"0":"post-729050","1":"product","2":"type-product","3":"status-publish","5":"product_cat-6-12-yas-kitaplari","6":"product_cat-cocuk-ve-genclik-kitaplari","7":"pa_cilt-ciltsiz","8":"pa_tur-kitap","9":"pa_yayinevi-masalperest-ozel-urun","10":"pa_yazar-nermin-ferhan-karamuti","12":"first","13":"instock","14":"sale","15":"shipping-taxable","16":"purchasable","17":"product-type-simple"},"_links":{"self":[{"href":"https:\/\/roveyayinevi.com.tr\/index.php\/wp-json\/wp\/v2\/product\/729050","targetHints":{"allow":["GET"]}}],"collection":[{"href":"https:\/\/roveyayinevi.com.tr\/index.php\/wp-json\/wp\/v2\/product"}],"about":[{"href":"https:\/\/roveyayinevi.com.tr\/index.php\/wp-json\/wp\/v2\/types\/product"}],"wp:attachment":[{"href":"https:\/\/roveyayinevi.com.tr\/index.php\/wp-json\/wp\/v2\/media?parent=729050"}],"wp:term":[{"taxonomy":"product_brand","embeddable":true,"href":"https:\/\/roveyayinevi.com.tr\/index.php\/wp-json\/wp\/v2\/product_brand?post=729050"},{"taxonomy":"product_cat","embeddable":true,"href":"https:\/\/roveyayinevi.com.tr\/index.php\/wp-json\/wp\/v2\/product_cat?post=729050"},{"taxonomy":"product_tag","embeddable":true,"href":"https:\/\/roveyayinevi.com.tr\/index.php\/wp-json\/wp\/v2\/product_tag?post=729050"}],"curies":[{"name":"wp","href":"https:\/\/api.w.org\/{rel}","templated":true}]}}