{"id":729049,"date":"2025-08-27T20:49:25","date_gmt":"2025-08-27T17:49:25","guid":{"rendered":"https:\/\/roveyayinevi.com.tr\/index.php\/urun\/hayvan-ciftligi-12\/"},"modified":"2026-04-16T02:36:44","modified_gmt":"2026-04-15T23:36:44","slug":"hayvan-ciftligi-12","status":"publish","type":"product","link":"https:\/\/roveyayinevi.com.tr\/index.php\/urun\/hayvan-ciftligi-12\/","title":{"rendered":"Hayvan \u00c7iftli\u011fi"},"content":{"rendered":"<p>Her nas\u0131lsa \u00e7iftlik, hayvanlar zenginle\u015fmeden zenginle\u015fmi\u015f gibiydi.Squealer\u2019\u0131n izah etmekten hi\u00e7 yorulmad\u0131\u011f\u0131 gibi, \u00e7iftli\u011fin kontrol\u00fcnde ve \u00f6rg\u00fctlenmesinde bitmez t\u00fckenmez i\u015fler vard\u0131. Di\u011fer hayvanlar, bu i\u015flerin \u00e7o\u011funu anlayamayacak kadar cahildi. Onlar i\u00e7in hayat, bildikleri kadar\u0131yla, eskiden oldu\u011fu gibiydi. Kar\u0131nlar\u0131 umumiyetle a\u00e7t\u0131, saman \u00fcst\u00fcnde uyuyor, g\u00f6lden su i\u00e7iyor, tarlalarda \u00e7al\u0131\u015f\u0131yorlard\u0131. K\u0131\u015f\u0131n so\u011fuktan, yaz\u0131n sineklerden s\u0131k\u0131nt\u0131 \u00e7ekiyorlard\u0131.\u201cYedi Emir eskisi gibi mi, Benjamin?\u201d Duvarda art\u0131k tek kural vard\u0131<\/p>\n","protected":false},"excerpt":{"rendered":"<p>Her nas\u0131lsa \u00e7iftlik, hayvanlar zenginle\u015fmeden zenginle\u015fmi\u015f gibiydi.Squealer\u2019\u0131n izah etmekten hi\u00e7 yorulmad\u0131\u011f\u0131 gibi, \u00e7iftli\u011fin kontrol\u00fcnde ve \u00f6rg\u00fctlenmesinde bitmez t\u00fckenmez i\u015fler vard\u0131. Di\u011fer hayvanlar, bu i\u015flerin \u00e7o\u011funu anlayamayacak<span class=\"excerpt-hellip\"> [\u2026]<\/span><\/p>\n","protected":false},"featured_media":0,"template":"","meta":{"_monsterinsights_skip_tracking":false,"_monsterinsights_sitenote_active":false,"_monsterinsights_sitenote_note":"","_monsterinsights_sitenote_category":0},"product_brand":[],"product_cat":[12291,12711],"product_tag":[],"class_list":{"0":"post-729049","1":"product","2":"type-product","3":"status-publish","5":"product_cat-edebiyat","6":"product_cat-roman-oyku","7":"pa_cilt-ciltsiz","8":"pa_tur-kitap","9":"pa_yayinevi-liman-kitaplar","10":"pa_yazar-george-orwell","12":"first","13":"instock","14":"sale","15":"shipping-taxable","16":"purchasable","17":"product-type-simple"},"_links":{"self":[{"href":"https:\/\/roveyayinevi.com.tr\/index.php\/wp-json\/wp\/v2\/product\/729049","targetHints":{"allow":["GET"]}}],"collection":[{"href":"https:\/\/roveyayinevi.com.tr\/index.php\/wp-json\/wp\/v2\/product"}],"about":[{"href":"https:\/\/roveyayinevi.com.tr\/index.php\/wp-json\/wp\/v2\/types\/product"}],"wp:attachment":[{"href":"https:\/\/roveyayinevi.com.tr\/index.php\/wp-json\/wp\/v2\/media?parent=729049"}],"wp:term":[{"taxonomy":"product_brand","embeddable":true,"href":"https:\/\/roveyayinevi.com.tr\/index.php\/wp-json\/wp\/v2\/product_brand?post=729049"},{"taxonomy":"product_cat","embeddable":true,"href":"https:\/\/roveyayinevi.com.tr\/index.php\/wp-json\/wp\/v2\/product_cat?post=729049"},{"taxonomy":"product_tag","embeddable":true,"href":"https:\/\/roveyayinevi.com.tr\/index.php\/wp-json\/wp\/v2\/product_tag?post=729049"}],"curies":[{"name":"wp","href":"https:\/\/api.w.org\/{rel}","templated":true}]}}