{"id":729048,"date":"2025-08-27T20:49:24","date_gmt":"2025-08-27T17:49:24","guid":{"rendered":"https:\/\/roveyayinevi.com.tr\/index.php\/urun\/sempatizan-2\/"},"modified":"2026-04-16T02:36:44","modified_gmt":"2026-04-15T23:36:44","slug":"sempatizan-2","status":"publish","type":"product","link":"https:\/\/roveyayinevi.com.tr\/index.php\/urun\/sempatizan-2\/","title":{"rendered":"Sempatizan"},"content":{"rendered":"<p>\u201cSu\u00e7 kime yar\u0131yorsa as\u0131l su\u00e7lu odur!\u201d1960&#8217;lar, 1970&#8217;ler&#8230; T\u00fcrk siyasi tarihinde darbe ve muht\u0131ralar\u0131n ya\u015fand\u0131\u011f\u0131 bu d\u00f6nemin \u00f6nemli geli\u015fmelerini, yazar Mehmet Mez, o y\u0131llarda \u00f6\u011frenci olan kahraman\u0131m\u0131z\u0131n g\u00f6z\u00fcnden anlat\u0131r bizlere. O zamanlar\u0131n s\u0131n\u0131fsal ve ideolojik dayanaklar\u0131n\u0131n \u00f6\u011frenciler ve \u00f6zellikle solcu gen\u00e7lik \u00fczerinde olu\u015fan etkilerini irdeler. Birbirlerini hi\u00e7 tan\u0131mayan, farkl\u0131 d\u00fc\u015f\u00fcnce yap\u0131s\u0131na sahip insanlar\u0131n ilerleyen y\u0131llarda yollar\u0131n\u0131n kesi\u015fmesi ve ya\u015fanan \u00e7at\u0131\u015fmalar\u0131n insan \u00fczerinde b\u0131rakt\u0131\u011f\u0131 etkiyi g\u00f6zler \u00f6n\u00fcne seren bu kitab\u0131, Mehmet Mez&#8217;in etkili ve s\u00fcr\u00fckleyici anlat\u0131m\u0131yla sunuyoruz.<\/p>\n","protected":false},"excerpt":{"rendered":"<p>\u201cSu\u00e7 kime yar\u0131yorsa as\u0131l su\u00e7lu odur!\u201d1960&#8217;lar, 1970&#8217;ler&#8230; T\u00fcrk siyasi tarihinde darbe ve muht\u0131ralar\u0131n ya\u015fand\u0131\u011f\u0131 bu d\u00f6nemin \u00f6nemli geli\u015fmelerini, yazar Mehmet Mez, o y\u0131llarda \u00f6\u011frenci olan kahraman\u0131m\u0131z\u0131n<span class=\"excerpt-hellip\"> [\u2026]<\/span><\/p>\n","protected":false},"featured_media":0,"template":"","meta":{"_monsterinsights_skip_tracking":false,"_monsterinsights_sitenote_active":false,"_monsterinsights_sitenote_note":"","_monsterinsights_sitenote_category":0},"product_brand":[],"product_cat":[12291,14777],"product_tag":[],"class_list":{"0":"post-729048","1":"product","2":"type-product","3":"status-publish","5":"product_cat-edebiyat","6":"product_cat-fantastik","7":"pa_cilt-ciltsiz","8":"pa_tur-kitap","9":"pa_yayinevi-dark-istanbul-yayinlari","10":"pa_yazar-mehmet-mez","12":"first","13":"instock","14":"sale","15":"shipping-taxable","16":"purchasable","17":"product-type-simple"},"_links":{"self":[{"href":"https:\/\/roveyayinevi.com.tr\/index.php\/wp-json\/wp\/v2\/product\/729048","targetHints":{"allow":["GET"]}}],"collection":[{"href":"https:\/\/roveyayinevi.com.tr\/index.php\/wp-json\/wp\/v2\/product"}],"about":[{"href":"https:\/\/roveyayinevi.com.tr\/index.php\/wp-json\/wp\/v2\/types\/product"}],"wp:attachment":[{"href":"https:\/\/roveyayinevi.com.tr\/index.php\/wp-json\/wp\/v2\/media?parent=729048"}],"wp:term":[{"taxonomy":"product_brand","embeddable":true,"href":"https:\/\/roveyayinevi.com.tr\/index.php\/wp-json\/wp\/v2\/product_brand?post=729048"},{"taxonomy":"product_cat","embeddable":true,"href":"https:\/\/roveyayinevi.com.tr\/index.php\/wp-json\/wp\/v2\/product_cat?post=729048"},{"taxonomy":"product_tag","embeddable":true,"href":"https:\/\/roveyayinevi.com.tr\/index.php\/wp-json\/wp\/v2\/product_tag?post=729048"}],"curies":[{"name":"wp","href":"https:\/\/api.w.org\/{rel}","templated":true}]}}