{"id":729047,"date":"2025-08-27T20:49:22","date_gmt":"2025-08-27T17:49:22","guid":{"rendered":"https:\/\/roveyayinevi.com.tr\/index.php\/urun\/bize-bir-katil-lazim\/"},"modified":"2026-04-16T02:36:44","modified_gmt":"2026-04-15T23:36:44","slug":"bize-bir-katil-lazim","status":"publish","type":"product","link":"https:\/\/roveyayinevi.com.tr\/index.php\/urun\/bize-bir-katil-lazim\/","title":{"rendered":"Bize Bir Katil Laz\u0131m"},"content":{"rendered":"<p>\u201cOysa uyarm\u0131\u015ft\u0131 tanr\u0131;dayanamazs\u0131n!\u201dD\u00f6rt taraf\u0131n\u0131 aynalarla \u00e7evirmi\u015f insan. Her yerde ve herkeste kendini g\u00f6rmek istiyor. \u00dcstelik kendinden bile nefret ederken\u2026 \u00d6ld\u00fcrecek ve \u00f6ld\u00fcrd\u00fc\u011f\u00fcn\u00fc katil ilan edecek kadar da ac\u0131mas\u0131z\u2026 Hepiniz katilsiniz! Hem katil hem de yalanc\u0131\u2026 Hat\u0131rlamaya \u00e7al\u0131\u015f\u0131n, En son kimi \u00f6ld\u00fcrm\u00fc\u015ft\u00fcn\u00fcz? \u015eu andan itibaren, her d\u00fc\u015f\u00fcnceniz size kar\u015f\u0131 su\u00e7 te\u015fkil edebilir! Bir bilet l\u00fctfen!<\/p>\n","protected":false},"excerpt":{"rendered":"<p>\u201cOysa uyarm\u0131\u015ft\u0131 tanr\u0131;dayanamazs\u0131n!\u201dD\u00f6rt taraf\u0131n\u0131 aynalarla \u00e7evirmi\u015f insan. Her yerde ve herkeste kendini g\u00f6rmek istiyor. \u00dcstelik kendinden bile nefret ederken\u2026 \u00d6ld\u00fcrecek ve \u00f6ld\u00fcrd\u00fc\u011f\u00fcn\u00fc katil ilan edecek kadar<span class=\"excerpt-hellip\"> [\u2026]<\/span><\/p>\n","protected":false},"featured_media":0,"template":"","meta":{"_monsterinsights_skip_tracking":false,"_monsterinsights_sitenote_active":false,"_monsterinsights_sitenote_note":"","_monsterinsights_sitenote_category":0},"product_brand":[],"product_cat":[12291,14777],"product_tag":[],"class_list":{"0":"post-729047","1":"product","2":"type-product","3":"status-publish","5":"product_cat-edebiyat","6":"product_cat-fantastik","7":"pa_cilt-ciltsiz","8":"pa_tur-kitap","9":"pa_yayinevi-dark-istanbul-yayinlari","10":"pa_yazar-atilla-ate-athrntio","12":"first","13":"instock","14":"sale","15":"shipping-taxable","16":"purchasable","17":"product-type-simple"},"_links":{"self":[{"href":"https:\/\/roveyayinevi.com.tr\/index.php\/wp-json\/wp\/v2\/product\/729047","targetHints":{"allow":["GET"]}}],"collection":[{"href":"https:\/\/roveyayinevi.com.tr\/index.php\/wp-json\/wp\/v2\/product"}],"about":[{"href":"https:\/\/roveyayinevi.com.tr\/index.php\/wp-json\/wp\/v2\/types\/product"}],"wp:attachment":[{"href":"https:\/\/roveyayinevi.com.tr\/index.php\/wp-json\/wp\/v2\/media?parent=729047"}],"wp:term":[{"taxonomy":"product_brand","embeddable":true,"href":"https:\/\/roveyayinevi.com.tr\/index.php\/wp-json\/wp\/v2\/product_brand?post=729047"},{"taxonomy":"product_cat","embeddable":true,"href":"https:\/\/roveyayinevi.com.tr\/index.php\/wp-json\/wp\/v2\/product_cat?post=729047"},{"taxonomy":"product_tag","embeddable":true,"href":"https:\/\/roveyayinevi.com.tr\/index.php\/wp-json\/wp\/v2\/product_tag?post=729047"}],"curies":[{"name":"wp","href":"https:\/\/api.w.org\/{rel}","templated":true}]}}