{"id":729046,"date":"2025-08-27T20:49:21","date_gmt":"2025-08-27T17:49:21","guid":{"rendered":"https:\/\/roveyayinevi.com.tr\/index.php\/urun\/her-seyin-bittigi-yerden\/"},"modified":"2026-04-16T02:36:44","modified_gmt":"2026-04-15T23:36:44","slug":"her-seyin-bittigi-yerden","status":"publish","type":"product","link":"https:\/\/roveyayinevi.com.tr\/index.php\/urun\/her-seyin-bittigi-yerden\/","title":{"rendered":"Her \u015eeyin Bitti\u011fi Yerden"},"content":{"rendered":"<p>Yap\u0131mc\u0131 ve Organizat\u00f6r Sami D\u00fcndar, 16 A\u011fustos 1999&#8217;da &#8220;G\u00f6lc\u00fck Donanma Komutanl\u0131\u011f\u0131 Devir Teslim T\u00f6reni&#8221; organizasyonunu tamamlad\u0131ktan sonra, konaklad\u0131\u011f\u0131 Orduevi, gece 03.02 s\u0131ras\u0131nda fay hatt\u0131n\u0131n i\u00e7ine g\u00f6m\u00fcl\u00fcnce &#8220;27 saat g\u00f6\u00e7\u00fck alt\u0131nda kalarak can \u00e7eki\u015fti!&#8221; G\u00f6\u00e7\u00fckten \u00e7\u0131kar\u0131ld\u0131\u011f\u0131nda ise &#8220;\u00f6ld\u00fc san\u0131l\u0131p ceset torbas\u0131na konuldu.&#8221; Kald\u0131r\u0131ld\u0131\u011f\u0131 hastanenin morgunda g\u00f6m\u00fclme s\u0131ras\u0131 beklerken tesad\u00fcfen ya\u015fad\u0131\u011f\u0131 anla\u015f\u0131l\u0131nca, ailesi ve dostlar\u0131n\u0131n yard\u0131m\u0131yla \u0130stanbul&#8217;a getirildi. Uzun s\u00fcren yo\u011fun bak\u0131m d\u00f6neminde bile direnmekten vazge\u00e7medi ve &#8220;iki kez daha \u00f6l\u00fcm\u00fc yendi.&#8221; Sami D\u00fcndar \u2018ya\u015fama hakk\u0131\u2019n\u0131 kullanmakta kararl\u0131yd\u0131. Amans\u0131z ac\u0131lar i\u00e7indeydi. B\u00f6brekleri iflas etmi\u015f, belden a\u015fa\u011f\u0131s\u0131 neredeyse kullan\u0131lamaz durumdayd\u0131. \u00d6l\u00fcm ka\u00e7\u0131n\u0131lmaz g\u00f6r\u00fcn\u00fcyordu. Hayatta kalmas\u0131 \u00e7ok az bir ihtimal de olsa art\u0131k y\u00fcr\u00fcyemeyecekti&#8230; Hi\u00e7 de\u011filse b\u00f6brekleri \u00e7al\u0131\u015fs\u0131n diye herkes onun i\u00e7in dua ediyordu. B\u00f6brekleri k\u0131smen de olsa \u00e7al\u0131\u015fmaya ba\u015flad\u0131\u011f\u0131 an o g\u00fcn\u00fcn &#8220;geri kalan hayat\u0131n\u0131n ilk g\u00fcn\u00fc&#8221; oldu\u011funu anlam\u0131\u015ft\u0131. &#8220;Y\u00fcr\u00fcyemez&#8221; raporuyla taburcu edildikten &#8220;\u00fc\u00e7 ay sonra&#8221; bastonlar\u0131 ile doludizgin ya\u015fama kat\u0131ld\u0131.<\/p>\n","protected":false},"excerpt":{"rendered":"<p>Yap\u0131mc\u0131 ve Organizat\u00f6r Sami D\u00fcndar, 16 A\u011fustos 1999&#8217;da &#8220;G\u00f6lc\u00fck Donanma Komutanl\u0131\u011f\u0131 Devir Teslim T\u00f6reni&#8221; organizasyonunu tamamlad\u0131ktan sonra, konaklad\u0131\u011f\u0131 Orduevi, gece 03.02 s\u0131ras\u0131nda fay hatt\u0131n\u0131n i\u00e7ine g\u00f6m\u00fcl\u00fcnce<span class=\"excerpt-hellip\"> [\u2026]<\/span><\/p>\n","protected":false},"featured_media":0,"template":"","meta":{"_monsterinsights_skip_tracking":false,"_monsterinsights_sitenote_active":false,"_monsterinsights_sitenote_note":"","_monsterinsights_sitenote_category":0},"product_brand":[],"product_cat":[12291,14777],"product_tag":[],"class_list":{"0":"post-729046","1":"product","2":"type-product","3":"status-publish","5":"product_cat-edebiyat","6":"product_cat-fantastik","7":"pa_cilt-ciltsiz","8":"pa_tur-kitap","9":"pa_yayinevi-dark-istanbul-yayinlari","10":"pa_yazar-sami-dundar","12":"first","13":"instock","14":"sale","15":"shipping-taxable","16":"purchasable","17":"product-type-simple"},"_links":{"self":[{"href":"https:\/\/roveyayinevi.com.tr\/index.php\/wp-json\/wp\/v2\/product\/729046","targetHints":{"allow":["GET"]}}],"collection":[{"href":"https:\/\/roveyayinevi.com.tr\/index.php\/wp-json\/wp\/v2\/product"}],"about":[{"href":"https:\/\/roveyayinevi.com.tr\/index.php\/wp-json\/wp\/v2\/types\/product"}],"wp:attachment":[{"href":"https:\/\/roveyayinevi.com.tr\/index.php\/wp-json\/wp\/v2\/media?parent=729046"}],"wp:term":[{"taxonomy":"product_brand","embeddable":true,"href":"https:\/\/roveyayinevi.com.tr\/index.php\/wp-json\/wp\/v2\/product_brand?post=729046"},{"taxonomy":"product_cat","embeddable":true,"href":"https:\/\/roveyayinevi.com.tr\/index.php\/wp-json\/wp\/v2\/product_cat?post=729046"},{"taxonomy":"product_tag","embeddable":true,"href":"https:\/\/roveyayinevi.com.tr\/index.php\/wp-json\/wp\/v2\/product_tag?post=729046"}],"curies":[{"name":"wp","href":"https:\/\/api.w.org\/{rel}","templated":true}]}}