{"id":729045,"date":"2025-08-27T20:49:20","date_gmt":"2025-08-27T17:49:20","guid":{"rendered":"https:\/\/roveyayinevi.com.tr\/index.php\/urun\/erken-bosalma\/"},"modified":"2026-03-12T02:47:17","modified_gmt":"2026-03-11T23:47:17","slug":"erken-bosalma","status":"publish","type":"product","link":"https:\/\/roveyayinevi.com.tr\/index.php\/urun\/erken-bosalma\/","title":{"rendered":"Erken Bo\u015falma"},"content":{"rendered":"<p>&#8220;Kaliteli  cinsellik  ki\u015finin kendisinde ba\u015flar &#8220;Seksofonksiyonel Terapi Enstit\u00fcs\u00fc cinsellikle  ilgili ara\u015ft\u0131rma,e\u011fitim ve dan\u0131\u015fmanl\u0131k faaliyetleri ger\u00e7ekle\u015ftirmektedir.\u00c7al\u0131\u015fmalar\u0131nda ,Dr.Fran\u00e7ois de Carufel taraf\u0131ndan seksolojik \u00e7er\u00e7evede geli\u015ftirilmi\u015ftir.Klinik Psikolog Dr.Ertu\u011frul Ta\u015f taraf\u0131ndan T\u00fcrk\u00e7eye uyarlanm\u0131\u015f ve Op. Dr.Mustafa \u00c7a\u011flar taraf\u0131ndan klinik uygulama ve uyarlamalar\u0131 yap\u0131lm\u0131\u015f seksofonksiyonel kuram\u0131 referans almaktad\u0131r.<\/p>\n","protected":false},"excerpt":{"rendered":"<p>&#8220;Kaliteli cinsellik ki\u015finin kendisinde ba\u015flar &#8220;Seksofonksiyonel Terapi Enstit\u00fcs\u00fc cinsellikle ilgili ara\u015ft\u0131rma,e\u011fitim ve dan\u0131\u015fmanl\u0131k faaliyetleri ger\u00e7ekle\u015ftirmektedir.\u00c7al\u0131\u015fmalar\u0131nda ,Dr.Fran\u00e7ois de Carufel taraf\u0131ndan seksolojik \u00e7er\u00e7evede geli\u015ftirilmi\u015ftir.Klinik Psikolog Dr.Ertu\u011frul Ta\u015f taraf\u0131ndan<span class=\"excerpt-hellip\"> [\u2026]<\/span><\/p>\n","protected":false},"featured_media":0,"template":"","meta":{"_monsterinsights_skip_tracking":false,"_monsterinsights_sitenote_active":false,"_monsterinsights_sitenote_note":"","_monsterinsights_sitenote_category":0},"product_brand":[],"product_cat":[35288,13365],"product_tag":[],"class_list":{"0":"post-729045","1":"product","2":"type-product","3":"status-publish","5":"product_cat-cinsellik-saglik","6":"product_cat-saglik","7":"pa_cilt-ciltsiz","8":"pa_tur-kitap","9":"pa_yayinevi-kirmizi-cati-yayinlari","10":"pa_yazar-francois-de-carufel","12":"first","13":"instock","14":"sale","15":"shipping-taxable","16":"purchasable","17":"product-type-simple"},"_links":{"self":[{"href":"https:\/\/roveyayinevi.com.tr\/index.php\/wp-json\/wp\/v2\/product\/729045","targetHints":{"allow":["GET"]}}],"collection":[{"href":"https:\/\/roveyayinevi.com.tr\/index.php\/wp-json\/wp\/v2\/product"}],"about":[{"href":"https:\/\/roveyayinevi.com.tr\/index.php\/wp-json\/wp\/v2\/types\/product"}],"wp:attachment":[{"href":"https:\/\/roveyayinevi.com.tr\/index.php\/wp-json\/wp\/v2\/media?parent=729045"}],"wp:term":[{"taxonomy":"product_brand","embeddable":true,"href":"https:\/\/roveyayinevi.com.tr\/index.php\/wp-json\/wp\/v2\/product_brand?post=729045"},{"taxonomy":"product_cat","embeddable":true,"href":"https:\/\/roveyayinevi.com.tr\/index.php\/wp-json\/wp\/v2\/product_cat?post=729045"},{"taxonomy":"product_tag","embeddable":true,"href":"https:\/\/roveyayinevi.com.tr\/index.php\/wp-json\/wp\/v2\/product_tag?post=729045"}],"curies":[{"name":"wp","href":"https:\/\/api.w.org\/{rel}","templated":true}]}}