{"id":729044,"date":"2025-08-27T20:49:19","date_gmt":"2025-08-27T17:49:19","guid":{"rendered":"https:\/\/roveyayinevi.com.tr\/index.php\/urun\/elma-suratin-akilalmaz-hayati\/"},"modified":"2026-04-16T02:36:44","modified_gmt":"2026-04-15T23:36:44","slug":"elma-suratin-akilalmaz-hayati","status":"publish","type":"product","link":"https:\/\/roveyayinevi.com.tr\/index.php\/urun\/elma-suratin-akilalmaz-hayati\/","title":{"rendered":"Elma Surat&#8217;\u0131n Ak\u0131lalmaz Hayat\u0131"},"content":{"rendered":"<p>Dostluk iki y\u00fcrek aras\u0131nda k\u00f6k salan bir a\u011fa\u00e7 gibidir&#8230;Elma Surat&#8217;\u0131n Ak\u0131lalmaz Hayat\u0131, d\u00fcnyaca \u00fcnl\u00fc Frans\u0131z karikat\u00fcrist Jean-Jacques Semp\u00e9&#8217;nin zarif \u00e7izgileriyle \u00f6r\u00fclm\u00fc\u015f, enfes bir dostluk hik\u00e2yesi.Z\u0131tl\u0131klar\u0131n m\u00fckemmel uyumundan ilham alan ve farkl\u0131l\u0131klar\u0131n birlikteli\u011fine vurgu yapan kitap, kalplerde ye\u015fertti\u011fi duygularla b\u00fcy\u00fck k\u00fc\u00e7\u00fck herkesin y\u00fcz\u00fcn\u00fc g\u00fcl\u00fcmsetmeyi ba\u015far\u0131yor.Okurlar\u0131n\u0131, s\u0131rad\u0131\u015f\u0131 iki \u00e7ocu\u011fun an\u0131lar\u0131na ortak edip nostaljik bir yolculu\u011fa \u00e7\u0131karan Semp\u00e9; hayat ser\u00fcvenimizi anlaml\u0131 ve katlan\u0131l\u0131r k\u0131lan dostlar\u0131m\u0131z\u0131 y\u00e2d etmeye f\u0131rsat tan\u0131yor, &#8221;edeb\u00ee&#8221; dostlu\u011fun s\u0131rlar\u0131n\u0131 yeni ba\u015ftan ke\u015ffetmenin hazz\u0131n\u0131 ya\u015fat\u0131yor.K\u00fc\u00e7\u00fck Sava\u015f K\u0131z\u0131lta\u015f&#8217;\u0131n, nam\u0131di\u011fer Elma Surat&#8217;\u0131n hayat\u0131 epey zordur. Y\u00fcz\u00fcn\u00fc &#8221;k\u0131zart\u0131p&#8221; duran, tuhaf bir hastal\u0131ktan mustariptir. &#8221;Utand\u0131\u011f\u0131nda ya da sa\u00e7malad\u0131\u011f\u0131nda her \u00e7ocuk az\u0131c\u0131k k\u0131zar\u0131r,&#8221; diyecek olsan\u0131z da, Sava\u015f&#8217;\u0131n durumu farkl\u0131d\u0131r. \u00c7\u00fcnk\u00fc onun y\u00fcz\u00fc, ortada hi\u00e7bir neden yokken k\u0131zar\u0131p bozarmaktad\u0131r. Bu y\u00fczden \u00e7ok s\u0131k\u0131nt\u0131 \u00e7eker, hatta yaln\u0131zla\u015f\u0131r. Kendini bildi bileli akl\u0131nda hep ayn\u0131 soru d\u00f6ner durur: Y\u00fcz\u00fc neden k\u0131zar\u0131yordur? Acaba sihirli de\u011fne\u011fi olan bir Orman Perisi ya da h\u00fcnerli bir doktor onu bu dertten kurtarabilir mi? Ama nafile&#8230; \u015eimdiye dek ne bir periye ne de kendisini iyile\u015ftirebilecek bir doktora rastlam\u0131\u015ft\u0131r. Belki de eksili\u011fini hissetti\u011fi \u015fey, onu hayata ba\u011flayacak bir dosttur. Hani mesela, apartmanlar\u0131na yeni ta\u015f\u0131nan, s\u00fcrekli hap\u015f\u0131r\u0131p duran \u015fu Bar\u0131\u015f Bah\u00e7et\u0131rm\u0131\u011f\u0131 gibi biri&#8230;Zaman r\u00fczg\u00e2r\u0131yla savrulup gitmi\u015f nice dosta selam g\u00f6nderen bu naif hik\u00e2ye; hi\u00e7bir kar\u015f\u0131la\u015fman\u0131n tesad\u00fcf olmad\u0131\u011f\u0131n\u0131n alt\u0131n\u0131 \u00e7iziyor; kar\u015f\u0131l\u0131kl\u0131 sayg\u0131, sevgi ve ho\u015fg\u00f6r\u00fc temeline dayanan &#8221;dostluk sanat\u0131&#8221;n\u0131n incelikleri \u00fczerine d\u00fc\u015f\u00fcnd\u00fcr\u00fcyor.\u00c7oksatan kitaplar\u0131 ve sansasyonel karikat\u00fcr \u00e7al\u0131\u015fmalar\u0131n\u0131n yan\u0131 s\u0131ra New York Times, Paris Match, New Yorker gibi gazete ve dergilere yapt\u0131\u011f\u0131 \u00e7izimleriyle tan\u0131nan Semp\u00e9, Elma Surat&#8217;\u0131n Ak\u0131lalmaz Hayat\u0131 ile ger\u00e7ek dostlu\u011fun engel tan\u0131mad\u0131\u011f\u0131na tan\u0131kl\u0131k ettiriyor, bizi biz yapan \u00f6zelliklerimizin dostluk ili\u015fkilerimizi nas\u0131l da renkli k\u0131labilece\u011fini g\u00f6zler \u00f6n\u00fcne seriyor.&#8221;Bazen sohbet ediyor, bazen susuyorlard\u0131, \u00e7\u00fcnk\u00fc birlikteyken asla s\u0131k\u0131lm\u0131yorlard\u0131&#8230;&#8221;Her Ya\u015f<\/p>\n","protected":false},"excerpt":{"rendered":"<p>Dostluk iki y\u00fcrek aras\u0131nda k\u00f6k salan bir a\u011fa\u00e7 gibidir&#8230;Elma Surat&#8217;\u0131n Ak\u0131lalmaz Hayat\u0131, d\u00fcnyaca \u00fcnl\u00fc Frans\u0131z karikat\u00fcrist Jean-Jacques Semp\u00e9&#8217;nin zarif \u00e7izgileriyle \u00f6r\u00fclm\u00fc\u015f, enfes bir dostluk hik\u00e2yesi.Z\u0131tl\u0131klar\u0131n m\u00fckemmel<span class=\"excerpt-hellip\"> [\u2026]<\/span><\/p>\n","protected":false},"featured_media":0,"template":"","meta":{"_monsterinsights_skip_tracking":false,"_monsterinsights_sitenote_active":false,"_monsterinsights_sitenote_note":"","_monsterinsights_sitenote_category":0},"product_brand":[],"product_cat":[12291,12711],"product_tag":[],"class_list":{"0":"post-729044","1":"product","2":"type-product","3":"status-publish","5":"product_cat-edebiyat","6":"product_cat-roman-oyku","7":"pa_cilt-ciltsiz","8":"pa_tur-kitap","9":"pa_yayinevi-desen-yayinlari","10":"pa_yazar-jean-jacques-sempe","12":"first","13":"instock","14":"sale","15":"shipping-taxable","16":"purchasable","17":"product-type-simple"},"_links":{"self":[{"href":"https:\/\/roveyayinevi.com.tr\/index.php\/wp-json\/wp\/v2\/product\/729044","targetHints":{"allow":["GET"]}}],"collection":[{"href":"https:\/\/roveyayinevi.com.tr\/index.php\/wp-json\/wp\/v2\/product"}],"about":[{"href":"https:\/\/roveyayinevi.com.tr\/index.php\/wp-json\/wp\/v2\/types\/product"}],"wp:attachment":[{"href":"https:\/\/roveyayinevi.com.tr\/index.php\/wp-json\/wp\/v2\/media?parent=729044"}],"wp:term":[{"taxonomy":"product_brand","embeddable":true,"href":"https:\/\/roveyayinevi.com.tr\/index.php\/wp-json\/wp\/v2\/product_brand?post=729044"},{"taxonomy":"product_cat","embeddable":true,"href":"https:\/\/roveyayinevi.com.tr\/index.php\/wp-json\/wp\/v2\/product_cat?post=729044"},{"taxonomy":"product_tag","embeddable":true,"href":"https:\/\/roveyayinevi.com.tr\/index.php\/wp-json\/wp\/v2\/product_tag?post=729044"}],"curies":[{"name":"wp","href":"https:\/\/api.w.org\/{rel}","templated":true}]}}