{"id":729042,"date":"2025-08-27T20:49:17","date_gmt":"2025-08-27T17:49:17","guid":{"rendered":"https:\/\/roveyayinevi.com.tr\/index.php\/urun\/son-agac-ciltli\/"},"modified":"2026-04-16T02:36:44","modified_gmt":"2026-04-15T23:36:44","slug":"son-agac-ciltli","status":"publish","type":"product","link":"https:\/\/roveyayinevi.com.tr\/index.php\/urun\/son-agac-ciltli\/","title":{"rendered":"Son A\u011fa\u00e7 (Ciltli)"},"content":{"rendered":"<p>Filiz K\u00fc\u00e7\u00fck Y\u00fccel\u2019in kaleminden \u00e7ocuklara bilim merak\u0131n\u0131 ve dostlu\u011fu a\u015f\u0131layacak renkli bir eser&#8230; K\u00fc\u00e7\u00fck gezgin Merlin i\u015f bas\u0327\u0131nda! Ne var ki Merlin, daha \u00f6nce tan\u0131d\u0131\u011f\u0131n\u0131z gezginlere benzemiyor. \u00c7\u00fcnk\u00fc o, u\u00e7an dairesine atlay\u0131p gezegenler aras\u0131 bir yolculu\u011fa \u00e7\u0131kabildi\u011fi gibi, zaman yolculu\u011fu da yapabiliyor. Fakat t\u00fcm bu seyahatlerin bir amac\u0131 var: Merlin, yery\u00fcz\u00fcndeki son a\u011fac\u0131 kurtarmak istiyor. Bakal\u0131m, Merlin ve arkada\u015flar\u0131 bu heyecan dolu macerada labuntlara kar\u015f\u0131 koyup son a\u011fac\u0131 kurtarabilecek mi? <\/p>\n","protected":false},"excerpt":{"rendered":"<p>Filiz K\u00fc\u00e7\u00fck Y\u00fccel\u2019in kaleminden \u00e7ocuklara bilim merak\u0131n\u0131 ve dostlu\u011fu a\u015f\u0131layacak renkli bir eser&#8230; K\u00fc\u00e7\u00fck gezgin Merlin i\u015f bas\u0327\u0131nda! Ne var ki Merlin, daha \u00f6nce tan\u0131d\u0131\u011f\u0131n\u0131z gezginlere<span class=\"excerpt-hellip\"> [\u2026]<\/span><\/p>\n","protected":false},"featured_media":0,"template":"","meta":{"_monsterinsights_skip_tracking":false,"_monsterinsights_sitenote_active":false,"_monsterinsights_sitenote_note":"","_monsterinsights_sitenote_category":0},"product_brand":[],"product_cat":[12275,12274],"product_tag":[],"class_list":{"0":"post-729042","1":"product","2":"type-product","3":"status-publish","5":"product_cat-6-12-yas-kitaplari","6":"product_cat-cocuk-ve-genclik-kitaplari","7":"pa_cilt-ciltli","8":"pa_tur-kitap","9":"pa_yayinevi-epsilon-yayinlari","10":"pa_yazar-filiz-kucuk-yucel","12":"first","13":"instock","14":"sale","15":"shipping-taxable","16":"purchasable","17":"product-type-simple"},"_links":{"self":[{"href":"https:\/\/roveyayinevi.com.tr\/index.php\/wp-json\/wp\/v2\/product\/729042","targetHints":{"allow":["GET"]}}],"collection":[{"href":"https:\/\/roveyayinevi.com.tr\/index.php\/wp-json\/wp\/v2\/product"}],"about":[{"href":"https:\/\/roveyayinevi.com.tr\/index.php\/wp-json\/wp\/v2\/types\/product"}],"wp:attachment":[{"href":"https:\/\/roveyayinevi.com.tr\/index.php\/wp-json\/wp\/v2\/media?parent=729042"}],"wp:term":[{"taxonomy":"product_brand","embeddable":true,"href":"https:\/\/roveyayinevi.com.tr\/index.php\/wp-json\/wp\/v2\/product_brand?post=729042"},{"taxonomy":"product_cat","embeddable":true,"href":"https:\/\/roveyayinevi.com.tr\/index.php\/wp-json\/wp\/v2\/product_cat?post=729042"},{"taxonomy":"product_tag","embeddable":true,"href":"https:\/\/roveyayinevi.com.tr\/index.php\/wp-json\/wp\/v2\/product_tag?post=729042"}],"curies":[{"name":"wp","href":"https:\/\/api.w.org\/{rel}","templated":true}]}}