{"id":729040,"date":"2025-08-27T20:49:16","date_gmt":"2025-08-27T17:49:16","guid":{"rendered":"https:\/\/roveyayinevi.com.tr\/index.php\/urun\/karmakarisik-1-gun-ve-15-bilmece\/"},"modified":"2026-04-16T02:36:44","modified_gmt":"2026-04-15T23:36:44","slug":"karmakarisik-1-gun-ve-15-bilmece","status":"publish","type":"product","link":"https:\/\/roveyayinevi.com.tr\/index.php\/urun\/karmakarisik-1-gun-ve-15-bilmece\/","title":{"rendered":"Karmakar\u0131\u015f\u0131k 1 G\u00fcn ve 15 Bilmece"},"content":{"rendered":"<p>&#8221;Bir\u00e7ok tuhafl\u0131k, akla yatmayan pek \u00e7ok \u015fey ve ilgin\u00e7 sorularla dolu bir \u00f6yk\u00fc bu. G\u00f6z\u00fcn\u00fcz\u00fc d\u00f6rt a\u00e7\u0131n! Baz\u0131lar\u0131n\u0131 hemen fark edeceksiniz, baz\u0131lar\u0131ysa usul usul girecekler \u00f6yk\u00fcye. M\u0131z\u0131k\u00e7\u0131l\u0131k yapmak isterseniz, se\u00e7im sizin. Yan\u0131tlar\u0131n yaz\u0131ld\u0131\u011f\u0131 son sayfadan ba\u015flayabilirsiniz okumaya. Ama bence, size d\u00fc\u015f\u00fcnmeyi \u00f6\u011f\u00fctleyen bu \u00f6yk\u00fcye bir \u015fans verin. Az\u0131c\u0131k d\u00fc\u015f\u00fcnerek \u00e7\u00f6z\u00fclemeyecek bir soru ya da sorun var m\u0131 ki d\u00fcnyada?&#8221; Walter Benjamin Walter Benjamin, \u00e7a\u011f\u0131m\u0131z\u0131n en b\u00fcy\u00fck d\u00fc\u015f\u00fcn\u00fcrlerinden biri. \u00c7ocuklar i\u00e7in haz\u0131rlad\u0131\u011f\u0131 bir radyo program\u0131ndan uyarlanan bu kitap, felsefeyi g\u00fcndelik hayata ta\u015f\u0131yor. Karmakar\u0131\u015f\u0131k 1 G\u00fcn ve 15 Bilmece, her ya\u015fta \u00e7ocu\u011fu e\u011flenceli bir beyin jimnasti\u011fine, etkin bir okuma ser\u00fcvenine davet ediyor. <\/p>\n","protected":false},"excerpt":{"rendered":"<p>&#8221;Bir\u00e7ok tuhafl\u0131k, akla yatmayan pek \u00e7ok \u015fey ve ilgin\u00e7 sorularla dolu bir \u00f6yk\u00fc bu. G\u00f6z\u00fcn\u00fcz\u00fc d\u00f6rt a\u00e7\u0131n! Baz\u0131lar\u0131n\u0131 hemen fark edeceksiniz, baz\u0131lar\u0131ysa usul usul girecekler \u00f6yk\u00fcye.<span class=\"excerpt-hellip\"> [\u2026]<\/span><\/p>\n","protected":false},"featured_media":0,"template":"","meta":{"_monsterinsights_skip_tracking":false,"_monsterinsights_sitenote_active":false,"_monsterinsights_sitenote_note":"","_monsterinsights_sitenote_category":0},"product_brand":[],"product_cat":[12492,12274],"product_tag":[],"class_list":{"0":"post-729040","1":"product","2":"type-product","3":"status-publish","5":"product_cat-bilmece-bulmaca","6":"product_cat-cocuk-ve-genclik-kitaplari","7":"pa_cilt-ciltsiz","8":"pa_tur-kitap","9":"pa_yayinevi-nesin-yayinlari","10":"pa_yazar-walter-benjamin","12":"first","13":"instock","14":"sale","15":"shipping-taxable","16":"purchasable","17":"product-type-simple"},"_links":{"self":[{"href":"https:\/\/roveyayinevi.com.tr\/index.php\/wp-json\/wp\/v2\/product\/729040","targetHints":{"allow":["GET"]}}],"collection":[{"href":"https:\/\/roveyayinevi.com.tr\/index.php\/wp-json\/wp\/v2\/product"}],"about":[{"href":"https:\/\/roveyayinevi.com.tr\/index.php\/wp-json\/wp\/v2\/types\/product"}],"wp:attachment":[{"href":"https:\/\/roveyayinevi.com.tr\/index.php\/wp-json\/wp\/v2\/media?parent=729040"}],"wp:term":[{"taxonomy":"product_brand","embeddable":true,"href":"https:\/\/roveyayinevi.com.tr\/index.php\/wp-json\/wp\/v2\/product_brand?post=729040"},{"taxonomy":"product_cat","embeddable":true,"href":"https:\/\/roveyayinevi.com.tr\/index.php\/wp-json\/wp\/v2\/product_cat?post=729040"},{"taxonomy":"product_tag","embeddable":true,"href":"https:\/\/roveyayinevi.com.tr\/index.php\/wp-json\/wp\/v2\/product_tag?post=729040"}],"curies":[{"name":"wp","href":"https:\/\/api.w.org\/{rel}","templated":true}]}}