{"id":729039,"date":"2025-08-27T20:49:15","date_gmt":"2025-08-27T17:49:15","guid":{"rendered":"https:\/\/roveyayinevi.com.tr\/index.php\/urun\/ayicik-mur-ciltli\/"},"modified":"2026-04-16T02:36:44","modified_gmt":"2026-04-15T23:36:44","slug":"ayicik-mur-ciltli","status":"publish","type":"product","link":"https:\/\/roveyayinevi.com.tr\/index.php\/urun\/ayicik-mur-ciltli\/","title":{"rendered":"Ay\u0131c\u0131k Mur (Ciltli)"},"content":{"rendered":"<p>\u00c7ocuk edebiyat\u0131 denildi\u011finde \u00e7izimlerinin masals\u0131l\u0131\u011f\u0131 ile meslekta\u015flar\u0131n\u0131 g\u00f6lgede b\u0131rakan Anne Vasko ve bu renkli d\u00fcnyay\u0131 \u00f6yk\u00fcleyen Kaisa Happonen\u2019den harika bir i\u015f birli\u011fi\u2026 K\u0131\u015f uykusuna yatmamak i\u00e7in direnen merakl\u0131 ay\u0131c\u0131k Mur\u2019un maceras\u0131na ortak olmak ister misiniz? Gelgelelim, Mur\u2019un uykuya direnmek i\u00e7in hakl\u0131 bir sebebi var: Ay\u0131c\u0131k Mur k\u0131\u015f mevsimini ke\u015ffetmek istiyor!  \u00c7ocuklar, k\u0131\u015f uykusuna yatmak istemeyen Ay\u0131c\u0131k Mur ile harika bir k\u0131\u015f masal\u0131 dinleyecek ve bu mevsimin g\u00fczelliklerini ke\u015ffedecek! <\/p>\n","protected":false},"excerpt":{"rendered":"<p>\u00c7ocuk edebiyat\u0131 denildi\u011finde \u00e7izimlerinin masals\u0131l\u0131\u011f\u0131 ile meslekta\u015flar\u0131n\u0131 g\u00f6lgede b\u0131rakan Anne Vasko ve bu renkli d\u00fcnyay\u0131 \u00f6yk\u00fcleyen Kaisa Happonen\u2019den harika bir i\u015f birli\u011fi\u2026 K\u0131\u015f uykusuna yatmamak i\u00e7in<span class=\"excerpt-hellip\"> [\u2026]<\/span><\/p>\n","protected":false},"featured_media":0,"template":"","meta":{"_monsterinsights_skip_tracking":false,"_monsterinsights_sitenote_active":false,"_monsterinsights_sitenote_note":"","_monsterinsights_sitenote_category":0},"product_brand":[],"product_cat":[12274,12284],"product_tag":[],"class_list":{"0":"post-729039","1":"product","2":"type-product","3":"status-publish","5":"product_cat-cocuk-ve-genclik-kitaplari","6":"product_cat-hikayeler","7":"pa_cilt-ciltli","8":"pa_tur-kitap","9":"pa_yayinevi-ucan-fil-yayinlari","10":"pa_yazar-kaisa-happonen-anne-vasko","12":"first","13":"instock","14":"sale","15":"shipping-taxable","16":"purchasable","17":"product-type-simple"},"_links":{"self":[{"href":"https:\/\/roveyayinevi.com.tr\/index.php\/wp-json\/wp\/v2\/product\/729039","targetHints":{"allow":["GET"]}}],"collection":[{"href":"https:\/\/roveyayinevi.com.tr\/index.php\/wp-json\/wp\/v2\/product"}],"about":[{"href":"https:\/\/roveyayinevi.com.tr\/index.php\/wp-json\/wp\/v2\/types\/product"}],"wp:attachment":[{"href":"https:\/\/roveyayinevi.com.tr\/index.php\/wp-json\/wp\/v2\/media?parent=729039"}],"wp:term":[{"taxonomy":"product_brand","embeddable":true,"href":"https:\/\/roveyayinevi.com.tr\/index.php\/wp-json\/wp\/v2\/product_brand?post=729039"},{"taxonomy":"product_cat","embeddable":true,"href":"https:\/\/roveyayinevi.com.tr\/index.php\/wp-json\/wp\/v2\/product_cat?post=729039"},{"taxonomy":"product_tag","embeddable":true,"href":"https:\/\/roveyayinevi.com.tr\/index.php\/wp-json\/wp\/v2\/product_tag?post=729039"}],"curies":[{"name":"wp","href":"https:\/\/api.w.org\/{rel}","templated":true}]}}