{"id":729036,"date":"2025-08-27T20:49:11","date_gmt":"2025-08-27T17:49:11","guid":{"rendered":"https:\/\/roveyayinevi.com.tr\/index.php\/urun\/uc-yaprakli-ahududu-ciltli\/"},"modified":"2026-04-16T02:36:43","modified_gmt":"2026-04-15T23:36:43","slug":"uc-yaprakli-ahududu-ciltli","status":"publish","type":"product","link":"https:\/\/roveyayinevi.com.tr\/index.php\/urun\/uc-yaprakli-ahududu-ciltli\/","title":{"rendered":"\u00dc\u00e7 Yaprakl\u0131 Ahududu (ciltli)"},"content":{"rendered":"<p>\u201cPoyraz Sar\u0131cal\u0131 yedi\u011fim elmadan \u00e7\u0131kan kurttu. Tam evden \u00e7\u0131kacakken ka\u00e7\u0131veren kalitesiz naylon \u00e7orapt\u0131. Lunaparklardaki hi\u00e7bir \u015fey kazanamad\u0131\u011f\u0131n\u0131z, para tuza\u011f\u0131 olan o sinir bozucu oyuncaklardand\u0131. \u00c7ok sevdi\u011finiz dizinin senaristinin de\u011fi\u015fmesi ve her \u015feyin, b\u00fct\u00fcn karakterlerin mahvolmas\u0131yd\u0131. Nefret etti\u011fim her \u015feydi k\u0131sacas\u0131.\u201d     Pansiyonumun hemen yan\u0131 ba\u015f\u0131nda gece kul\u00fcb\u00fc a\u00e7ma giri\u015fiminde bulunan bu adamdan daha ilk bak\u0131\u015fta, hatta ad\u0131n\u0131 duydu\u011fum ilk anda nefret etmi\u015ftim. Hem de b\u00fct\u00fcn kalbimle ve inan\u0131lmaz bir \u015fiddetle.   E\u011fer i\u00e7inde ya\u015fad\u0131\u011f\u0131m\u0131z d\u00fcnyan\u0131n d\u00fczenini biraz olsun kabullendiyseniz \u015funu bilirdiniz; b\u00f6yle ani ve b\u00fcy\u00fck nefretlerin yaln\u0131zca iki sonucu vard\u0131r. Ya siz silahlar\u0131n\u0131z\u0131 ku\u015fan\u0131p nefret etti\u011finiz ki\u015fiyi mahvedersiniz ya da hi\u00e7 hesapta yokken ona \u00e2\u015f\u0131k olursunuz ve o sizi mahveder.   Benim ba\u015f\u0131ma hangisinin geldi\u011fini tahmin etmek hi\u00e7 de zor de\u011fil. Ama hik\u00e2yemin b\u00fct\u00fcn detaylar\u0131n\u0131 sizinle payla\u015ft\u0131\u011f\u0131mda ve nihayetinde beni yak\u0131ndan tan\u0131d\u0131\u011f\u0131n\u0131zda art\u0131k \u00e7ok yak\u0131n iki arkada\u015f olaca\u011f\u0131m\u0131z\u0131 ve beni anlayaca\u011f\u0131n\u0131z\u0131 \u00fcmit ediyorum. Ba\u015flayal\u0131m m\u0131?   <\/p>\n","protected":false},"excerpt":{"rendered":"<p>\u201cPoyraz Sar\u0131cal\u0131 yedi\u011fim elmadan \u00e7\u0131kan kurttu. Tam evden \u00e7\u0131kacakken ka\u00e7\u0131veren kalitesiz naylon \u00e7orapt\u0131. Lunaparklardaki hi\u00e7bir \u015fey kazanamad\u0131\u011f\u0131n\u0131z, para tuza\u011f\u0131 olan o sinir bozucu oyuncaklardand\u0131. \u00c7ok sevdi\u011finiz<span class=\"excerpt-hellip\"> [\u2026]<\/span><\/p>\n","protected":false},"featured_media":0,"template":"","meta":{"_monsterinsights_skip_tracking":false,"_monsterinsights_sitenote_active":false,"_monsterinsights_sitenote_note":"","_monsterinsights_sitenote_category":0},"product_brand":[],"product_cat":[14643,12291],"product_tag":[],"class_list":{"0":"post-729036","1":"product","2":"type-product","3":"status-publish","5":"product_cat-ask","6":"product_cat-edebiyat","7":"pa_cilt-ciltli","8":"pa_tur-kitap","9":"pa_yayinevi-ren-kitap","10":"pa_yazar-kubra-nur","12":"first","13":"instock","14":"sale","15":"shipping-taxable","16":"purchasable","17":"product-type-simple"},"_links":{"self":[{"href":"https:\/\/roveyayinevi.com.tr\/index.php\/wp-json\/wp\/v2\/product\/729036","targetHints":{"allow":["GET"]}}],"collection":[{"href":"https:\/\/roveyayinevi.com.tr\/index.php\/wp-json\/wp\/v2\/product"}],"about":[{"href":"https:\/\/roveyayinevi.com.tr\/index.php\/wp-json\/wp\/v2\/types\/product"}],"wp:attachment":[{"href":"https:\/\/roveyayinevi.com.tr\/index.php\/wp-json\/wp\/v2\/media?parent=729036"}],"wp:term":[{"taxonomy":"product_brand","embeddable":true,"href":"https:\/\/roveyayinevi.com.tr\/index.php\/wp-json\/wp\/v2\/product_brand?post=729036"},{"taxonomy":"product_cat","embeddable":true,"href":"https:\/\/roveyayinevi.com.tr\/index.php\/wp-json\/wp\/v2\/product_cat?post=729036"},{"taxonomy":"product_tag","embeddable":true,"href":"https:\/\/roveyayinevi.com.tr\/index.php\/wp-json\/wp\/v2\/product_tag?post=729036"}],"curies":[{"name":"wp","href":"https:\/\/api.w.org\/{rel}","templated":true}]}}