{"id":729035,"date":"2025-08-27T20:49:11","date_gmt":"2025-08-27T17:49:11","guid":{"rendered":"https:\/\/roveyayinevi.com.tr\/index.php\/urun\/senin-ruhun-butun-dunyadir\/"},"modified":"2026-04-16T02:36:43","modified_gmt":"2026-04-15T23:36:43","slug":"senin-ruhun-butun-dunyadir","status":"publish","type":"product","link":"https:\/\/roveyayinevi.com.tr\/index.php\/urun\/senin-ruhun-butun-dunyadir\/","title":{"rendered":"Senin Ruhun B\u00fct\u00fcn D\u00fcnyad\u0131r"},"content":{"rendered":"<p>\u201cT\u00fcm ac\u0131n\u0131n ve \u0131st\u0131rab\u0131n sebebi cehalettir.\u201dBudizm\u2019in kurucusu, ruhani \u00f6\u011fretmen Siddhartha Gautama\u2019n\u0131n binlerce y\u0131l \u00f6ncesinden g\u00fcn\u00fcm\u00fcz\u00fcn d\u00fc\u015f\u00fcnce d\u00fcnyas\u0131na \u0131\u015f\u0131k tutmaya devam eden k\u00f6kl\u00fc bilgeli\u011fiyle, yirmi birinci asr\u0131n bilim insan\u0131 ve filozofu bir araya geldi\u011finde neler olur dersiniz?Bilimle bilgeli\u011fin, bilgiyle iradenin, eylemle inanc\u0131n, zihinle ruhun bulu\u015ftu\u011fu e\u015fsiz bir yolculuk bu&#8230;\u0130leti\u015fim bilimleri uzman\u0131 Prof. U\u011fur Bat\u0131 ve Uzman Doktor N\u00f6rolog Timur Y\u0131lmaz\u2019\u0131n birlikte kaleme ald\u0131\u011f\u0131 Senin Ruhun B\u00fct\u00fcn D\u00fcnyad\u0131r felsefeyle bilimi, binlerce y\u0131ll\u0131k \u00f6\u011fretisiyle g\u00fcn\u00fcm\u00fczde de \u0131\u015f\u0131ldamaya devam eden Siddhartha\u2019n\u0131n bilgeli\u011fiyle kar\u015f\u0131 kar\u015f\u0131ya getirerek bulu\u015fturuyor.Bilim ve anlam aras\u0131ndaki ak\u0131l almaz ba\u011f\u0131, bir bilgeyle profes\u00f6r aras\u0131ndaki konu\u015fmalar \u00fczerinden aktaran kitap, g\u00fcn\u00fcm\u00fcz insan\u0131n\u0131n d\u00fc\u015f\u00fcnce d\u00fcnyas\u0131nda yepyeni bir pencere aralayacak&#8230;<\/p>\n","protected":false},"excerpt":{"rendered":"<p>\u201cT\u00fcm ac\u0131n\u0131n ve \u0131st\u0131rab\u0131n sebebi cehalettir.\u201dBudizm\u2019in kurucusu, ruhani \u00f6\u011fretmen Siddhartha Gautama\u2019n\u0131n binlerce y\u0131l \u00f6ncesinden g\u00fcn\u00fcm\u00fcz\u00fcn d\u00fc\u015f\u00fcnce d\u00fcnyas\u0131na \u0131\u015f\u0131k tutmaya devam eden k\u00f6kl\u00fc bilgeli\u011fiyle, yirmi birinci asr\u0131n<span class=\"excerpt-hellip\"> [\u2026]<\/span><\/p>\n","protected":false},"featured_media":0,"template":"","meta":{"_monsterinsights_skip_tracking":false,"_monsterinsights_sitenote_active":false,"_monsterinsights_sitenote_note":"","_monsterinsights_sitenote_category":0},"product_brand":[],"product_cat":[12364,12376],"product_tag":[],"class_list":{"0":"post-729035","1":"product","2":"type-product","3":"status-publish","5":"product_cat-genel-konular","6":"product_cat-kisisel-gelisim","7":"pa_cilt-ciltsiz","8":"pa_tur-kitap","9":"pa_yayinevi-destek-yayinlari","10":"pa_yazar-ugur-bati-timur-yilmaz","12":"first","13":"instock","14":"sale","15":"shipping-taxable","16":"purchasable","17":"product-type-simple"},"_links":{"self":[{"href":"https:\/\/roveyayinevi.com.tr\/index.php\/wp-json\/wp\/v2\/product\/729035","targetHints":{"allow":["GET"]}}],"collection":[{"href":"https:\/\/roveyayinevi.com.tr\/index.php\/wp-json\/wp\/v2\/product"}],"about":[{"href":"https:\/\/roveyayinevi.com.tr\/index.php\/wp-json\/wp\/v2\/types\/product"}],"wp:attachment":[{"href":"https:\/\/roveyayinevi.com.tr\/index.php\/wp-json\/wp\/v2\/media?parent=729035"}],"wp:term":[{"taxonomy":"product_brand","embeddable":true,"href":"https:\/\/roveyayinevi.com.tr\/index.php\/wp-json\/wp\/v2\/product_brand?post=729035"},{"taxonomy":"product_cat","embeddable":true,"href":"https:\/\/roveyayinevi.com.tr\/index.php\/wp-json\/wp\/v2\/product_cat?post=729035"},{"taxonomy":"product_tag","embeddable":true,"href":"https:\/\/roveyayinevi.com.tr\/index.php\/wp-json\/wp\/v2\/product_tag?post=729035"}],"curies":[{"name":"wp","href":"https:\/\/api.w.org\/{rel}","templated":true}]}}