{"id":729031,"date":"2025-08-27T20:49:06","date_gmt":"2025-08-27T17:49:06","guid":{"rendered":"https:\/\/roveyayinevi.com.tr\/index.php\/urun\/benim-adim-afet\/"},"modified":"2026-04-16T02:36:43","modified_gmt":"2026-04-15T23:36:43","slug":"benim-adim-afet","status":"publish","type":"product","link":"https:\/\/roveyayinevi.com.tr\/index.php\/urun\/benim-adim-afet\/","title":{"rendered":"Benim Ad\u0131m Afet"},"content":{"rendered":"<p>\u015eehir \u015fehir gezilen ilkgen\u00e7lik y\u0131llar\u0131 ve \u00f6\u011fretmenlik mesle\u011fi&#8230; Mustafa Kemal Atat\u00fcrk&#8217;le tan\u0131\u015fman\u0131n ard\u0131ndan bamba\u015fka bir y\u00f6nde ilerleyen e\u011fitim hayat\u0131&#8230; \u0130svi\u00e7re&#8217;ye uzanan bir \u00f6m\u00fcr, T\u00fcrk Tarih Kurumu&#8217;nun kurulmas\u0131 ve kad\u0131n haklar\u0131 i\u00e7in y\u00fcr\u00fct\u00fclen nice \u00e7al\u0131\u015fmalar&#8230;Gazeteci yazar \u00d6zlem \u00d6zdemir, Cumhuriyet&#8217;in ilk tarih profes\u00f6rlerinden Afet \u0130nan&#8217;\u0131n hayat\u0131n\u0131 \u00e7ocuklar i\u00e7in kaleme ald\u0131. Afet ad\u0131ndaki k\u00fc\u00e7\u00fck bir k\u0131z\u0131n ada\u015f\u0131n\u0131n hayat\u0131n\u0131 merak etmesiyle ba\u015flayan roman, tarihle i\u00e7 i\u00e7e bir yolculu\u011fa davet ediyor.<\/p>\n","protected":false},"excerpt":{"rendered":"<p>\u015eehir \u015fehir gezilen ilkgen\u00e7lik y\u0131llar\u0131 ve \u00f6\u011fretmenlik mesle\u011fi&#8230; Mustafa Kemal Atat\u00fcrk&#8217;le tan\u0131\u015fman\u0131n ard\u0131ndan bamba\u015fka bir y\u00f6nde ilerleyen e\u011fitim hayat\u0131&#8230; \u0130svi\u00e7re&#8217;ye uzanan bir \u00f6m\u00fcr, T\u00fcrk Tarih Kurumu&#8217;nun<span class=\"excerpt-hellip\"> [\u2026]<\/span><\/p>\n","protected":false},"featured_media":0,"template":"","meta":{"_monsterinsights_skip_tracking":false,"_monsterinsights_sitenote_active":false,"_monsterinsights_sitenote_note":"","_monsterinsights_sitenote_category":0},"product_brand":[],"product_cat":[12275,12274],"product_tag":[],"class_list":{"0":"post-729031","1":"product","2":"type-product","3":"status-publish","5":"product_cat-6-12-yas-kitaplari","6":"product_cat-cocuk-ve-genclik-kitaplari","7":"pa_cilt-ciltsiz","8":"pa_tur-kitap","9":"pa_yayinevi-kirmizi-kedi-yayinevi","10":"pa_yazar-ozlem-ozdemir","12":"first","13":"instock","14":"sale","15":"shipping-taxable","16":"purchasable","17":"product-type-simple"},"_links":{"self":[{"href":"https:\/\/roveyayinevi.com.tr\/index.php\/wp-json\/wp\/v2\/product\/729031","targetHints":{"allow":["GET"]}}],"collection":[{"href":"https:\/\/roveyayinevi.com.tr\/index.php\/wp-json\/wp\/v2\/product"}],"about":[{"href":"https:\/\/roveyayinevi.com.tr\/index.php\/wp-json\/wp\/v2\/types\/product"}],"wp:attachment":[{"href":"https:\/\/roveyayinevi.com.tr\/index.php\/wp-json\/wp\/v2\/media?parent=729031"}],"wp:term":[{"taxonomy":"product_brand","embeddable":true,"href":"https:\/\/roveyayinevi.com.tr\/index.php\/wp-json\/wp\/v2\/product_brand?post=729031"},{"taxonomy":"product_cat","embeddable":true,"href":"https:\/\/roveyayinevi.com.tr\/index.php\/wp-json\/wp\/v2\/product_cat?post=729031"},{"taxonomy":"product_tag","embeddable":true,"href":"https:\/\/roveyayinevi.com.tr\/index.php\/wp-json\/wp\/v2\/product_tag?post=729031"}],"curies":[{"name":"wp","href":"https:\/\/api.w.org\/{rel}","templated":true}]}}