{"id":729030,"date":"2025-08-27T20:49:05","date_gmt":"2025-08-27T17:49:05","guid":{"rendered":"https:\/\/roveyayinevi.com.tr\/index.php\/urun\/dinleyin-size-bir-sey-soyluyorum\/"},"modified":"2026-04-16T02:36:43","modified_gmt":"2026-04-15T23:36:43","slug":"dinleyin-size-bir-sey-soyluyorum","status":"publish","type":"product","link":"https:\/\/roveyayinevi.com.tr\/index.php\/urun\/dinleyin-size-bir-sey-soyluyorum\/","title":{"rendered":"Dinleyin, Size Bir \u015eey S\u00f6yl\u00fcyorum"},"content":{"rendered":"<p>Kelebek Ge\u00e7emedi tel \u00f6rg\u00fcy\u00fc Hoyrat muhaf\u0131z\u0131 \u00d6yle duruyor g\u00f6ky\u00fcz\u00fcnde Bir k\u00fcl halinde duruyor Hercai menek\u015fe bir renk halinde Sonunda inecek Ye\u015filin i\u00e7ine ku\u015flar\u0131n aras\u0131na \u201cOk\u015fayacak\u201d deniz\u2019in dedesi Kelebe\u011fi \u201cYanacak elleri\u201d<\/p>\n","protected":false},"excerpt":{"rendered":"<p>Kelebek Ge\u00e7emedi tel \u00f6rg\u00fcy\u00fc Hoyrat muhaf\u0131z\u0131 \u00d6yle duruyor g\u00f6ky\u00fcz\u00fcnde Bir k\u00fcl halinde duruyor Hercai menek\u015fe bir renk halinde Sonunda inecek Ye\u015filin i\u00e7ine ku\u015flar\u0131n aras\u0131na \u201cOk\u015fayacak\u201d deniz\u2019in<span class=\"excerpt-hellip\"> [\u2026]<\/span><\/p>\n","protected":false},"featured_media":0,"template":"","meta":{"_monsterinsights_skip_tracking":false,"_monsterinsights_sitenote_active":false,"_monsterinsights_sitenote_note":"","_monsterinsights_sitenote_category":0},"product_brand":[],"product_cat":[12291,12509],"product_tag":[],"class_list":{"0":"post-729030","1":"product","2":"type-product","3":"status-publish","5":"product_cat-edebiyat","6":"product_cat-siir","7":"pa_cilt-ciltsiz","8":"pa_tur-kitap","9":"pa_yayinevi-kirmizi-kedi-yayinevi","10":"pa_yazar-guray-oz","12":"first","13":"instock","14":"sale","15":"shipping-taxable","16":"purchasable","17":"product-type-simple"},"_links":{"self":[{"href":"https:\/\/roveyayinevi.com.tr\/index.php\/wp-json\/wp\/v2\/product\/729030","targetHints":{"allow":["GET"]}}],"collection":[{"href":"https:\/\/roveyayinevi.com.tr\/index.php\/wp-json\/wp\/v2\/product"}],"about":[{"href":"https:\/\/roveyayinevi.com.tr\/index.php\/wp-json\/wp\/v2\/types\/product"}],"wp:attachment":[{"href":"https:\/\/roveyayinevi.com.tr\/index.php\/wp-json\/wp\/v2\/media?parent=729030"}],"wp:term":[{"taxonomy":"product_brand","embeddable":true,"href":"https:\/\/roveyayinevi.com.tr\/index.php\/wp-json\/wp\/v2\/product_brand?post=729030"},{"taxonomy":"product_cat","embeddable":true,"href":"https:\/\/roveyayinevi.com.tr\/index.php\/wp-json\/wp\/v2\/product_cat?post=729030"},{"taxonomy":"product_tag","embeddable":true,"href":"https:\/\/roveyayinevi.com.tr\/index.php\/wp-json\/wp\/v2\/product_tag?post=729030"}],"curies":[{"name":"wp","href":"https:\/\/api.w.org\/{rel}","templated":true}]}}