{"id":729029,"date":"2025-08-27T20:48:57","date_gmt":"2025-08-27T17:48:57","guid":{"rendered":"https:\/\/roveyayinevi.com.tr\/index.php\/urun\/kopek-dusu\/"},"modified":"2026-04-16T02:36:43","modified_gmt":"2026-04-15T23:36:43","slug":"kopek-dusu","status":"publish","type":"product","link":"https:\/\/roveyayinevi.com.tr\/index.php\/urun\/kopek-dusu\/","title":{"rendered":"K\u00f6pek D\u00fc\u015f\u00fc"},"content":{"rendered":"<p>Ankara\u2019y\u0131 mesken tutmu\u015f mart\u0131lardan Galapagoslu Yaln\u0131z George\u2019a, Tarlaba\u015f\u0131\u2019n\u0131n karanl\u0131k k\u00f6\u015fe bucaklar\u0131ndan Balat\u2019\u0131n ayazmalar\u0131na, b\u00fcy\u00fck kentin kalabal\u0131\u011f\u0131ndaki kimsesizlerden ayn\u0131 \u015fehrin sokaklar\u0131nda kendi cemaatini olu\u015fturmu\u015f, kula\u011f\u0131 k\u00fcpeli k\u00f6peklere\u2026 Ger\u00e7ek\u00fcst\u00fc bir d\u00fc\u015ften, reng\u00e2renk dokuz sahne.Elvan \u00c7ubuk\u00e7u yeni kitab\u0131 K\u00f6pek D\u00fc\u015f\u00fc\u2019yle \u00f6yk\u00fcdeki yerinin kal\u0131c\u0131 oldu\u011funu g\u00f6steriyor.<\/p>\n","protected":false},"excerpt":{"rendered":"<p>Ankara\u2019y\u0131 mesken tutmu\u015f mart\u0131lardan Galapagoslu Yaln\u0131z George\u2019a, Tarlaba\u015f\u0131\u2019n\u0131n karanl\u0131k k\u00f6\u015fe bucaklar\u0131ndan Balat\u2019\u0131n ayazmalar\u0131na, b\u00fcy\u00fck kentin kalabal\u0131\u011f\u0131ndaki kimsesizlerden ayn\u0131 \u015fehrin sokaklar\u0131nda kendi cemaatini olu\u015fturmu\u015f, kula\u011f\u0131 k\u00fcpeli k\u00f6peklere\u2026<span class=\"excerpt-hellip\"> [\u2026]<\/span><\/p>\n","protected":false},"featured_media":0,"template":"","meta":{"_monsterinsights_skip_tracking":false,"_monsterinsights_sitenote_active":false,"_monsterinsights_sitenote_note":"","_monsterinsights_sitenote_category":0},"product_brand":[],"product_cat":[12291,12711],"product_tag":[],"class_list":{"0":"post-729029","1":"product","2":"type-product","3":"status-publish","5":"product_cat-edebiyat","6":"product_cat-roman-oyku","7":"pa_cilt-ciltsiz","8":"pa_tur-kitap","9":"pa_yayinevi-kirmizi-kedi-yayinevi","10":"pa_yazar-elvan-cubukcu","12":"first","13":"instock","14":"sale","15":"shipping-taxable","16":"purchasable","17":"product-type-simple"},"_links":{"self":[{"href":"https:\/\/roveyayinevi.com.tr\/index.php\/wp-json\/wp\/v2\/product\/729029","targetHints":{"allow":["GET"]}}],"collection":[{"href":"https:\/\/roveyayinevi.com.tr\/index.php\/wp-json\/wp\/v2\/product"}],"about":[{"href":"https:\/\/roveyayinevi.com.tr\/index.php\/wp-json\/wp\/v2\/types\/product"}],"wp:attachment":[{"href":"https:\/\/roveyayinevi.com.tr\/index.php\/wp-json\/wp\/v2\/media?parent=729029"}],"wp:term":[{"taxonomy":"product_brand","embeddable":true,"href":"https:\/\/roveyayinevi.com.tr\/index.php\/wp-json\/wp\/v2\/product_brand?post=729029"},{"taxonomy":"product_cat","embeddable":true,"href":"https:\/\/roveyayinevi.com.tr\/index.php\/wp-json\/wp\/v2\/product_cat?post=729029"},{"taxonomy":"product_tag","embeddable":true,"href":"https:\/\/roveyayinevi.com.tr\/index.php\/wp-json\/wp\/v2\/product_tag?post=729029"}],"curies":[{"name":"wp","href":"https:\/\/api.w.org\/{rel}","templated":true}]}}