{"id":729027,"date":"2025-08-27T20:48:56","date_gmt":"2025-08-27T17:48:56","guid":{"rendered":"https:\/\/roveyayinevi.com.tr\/index.php\/urun\/budalalarin-serefine-gurciyev-ve-performans\/"},"modified":"2026-04-16T02:36:43","modified_gmt":"2026-04-15T23:36:43","slug":"budalalarin-serefine-gurciyev-ve-performans","status":"publish","type":"product","link":"https:\/\/roveyayinevi.com.tr\/index.php\/urun\/budalalarin-serefine-gurciyev-ve-performans\/","title":{"rendered":"Budalalar\u0131n \u015eerefine &#8211; G\u00fcrciyev ve Performans"},"content":{"rendered":"<p>G\u00fcrciyev, \u201c93 Harbi\u201d diye ge\u00e7en Osmanl\u0131-Rus Sava\u015f\u0131\u2019n\u0131n etkisi alt\u0131nda, Kapadokyal\u0131 bir saz \u015fairinin o\u011flu olarak, ailecek g\u00f6\u00e7 ettikleri Kars \u015fehrinde b\u00fcy\u00fcy\u00fcp yeti\u015fir. Tahminen 18 ya\u015f\u0131ndayken \u00e7\u0131kt\u0131\u011f\u0131 yirmi y\u0131ll\u0131k muammal\u0131 bir yolculu\u011fun ard\u0131ndan \u00f6nce Moskova sonra Tiflis ve \u0130stanbul derken sonunda Avrupa\u2019n\u0131n yolunu tutup Paris\u2019i kendine yurt edinir. Zihin, beden ve duygu b\u00fct\u00fcnl\u00fc\u011f\u00fc ideali ve yeni insan, yeni bir evrensel dil ve sanat \u015fiar\u0131yla geli\u015ftirdi\u011fi Metodu ve \u00f6\u011frencilerine kom\u00fcnal bir \u00e7al\u0131\u015fma d\u00fczeni, ortak bir ya\u015fam alan\u0131 sunan Enstit\u00fc ortam\u0131yla, \u00e7ok ge\u00e7meden etkisini okyanus \u00f6tesinde de hissettiren bir \u00e7ekim merkezi haline gelir. Estetik de\u011fer, ki\u015fisel be\u011feni ve k\u00fclt\u00fcrel formasyon etraf\u0131nda geli\u015fen al\u0131\u015fkanl\u0131klar\u0131, kemikle\u015fen \u00f6nyarg\u0131lar\u0131 k\u0131rmay\u0131 ama\u00e7layan \u00f6zg\u00fcrle\u015ftirici sanat anlay\u0131\u015f\u0131yla, d\u00f6nemin avangart sanat\u00e7\u0131lar\u0131 aras\u0131nda da yank\u0131 bulur. Thomas de Hartmann ile birlikte y\u00fcr\u00fctt\u00fc\u011f\u00fc deneysel m\u00fczik \u00e7al\u0131\u015fmalar\u0131, sanat\u0131n \u00fcretim ve al\u0131m s\u00fcre\u00e7lerini tersy\u00fcz ederek icrac\u0131y\u0131 da izleyiciyi de o konforlu alan\u0131ndan \u00e7\u0131karan, disiplinleraras\u0131 olarak nitelendirebilece\u011fimiz uygulamalar\u0131, Avrupa\u2019da performans sanat\u0131n\u0131n erken d\u00f6nem \u00f6rneklerini anlamam\u0131z\u0131 sa\u011flayacak \u00f6nemli ipu\u00e7lar\u0131 bar\u0131nd\u0131r\u0131r.Hale Birg\u00fcl Ak\u00e7akmak, daha d\u00fcne kadar T\u00fcrkiye\u2019de akademik camiada bile bir meczup olarak g\u00f6r\u00fclen ve d\u00fcnyada da s\u0131kl\u0131kla belli aidiyetler i\u00e7erisine s\u0131k\u0131\u015ft\u0131r\u0131lan G\u00fcrciyev\u2019in, \u00f6\u011fretisinin beslendi\u011fi ezoterizmi yads\u0131mayan ama onun \u00f6tesinde, d\u0131\u015fa kapal\u0131 de\u011fil, aksine kategori d\u0131\u015f\u0131 taraflar\u0131yla t\u00fcm okumalara a\u00e7\u0131k, kar\u015f\u0131la\u015ft\u0131r\u0131labilir bir y\u00f6n\u00fcn\u00fc ortaya koyuyor: performans sanat\u0131.<\/p>\n","protected":false},"excerpt":{"rendered":"<p>G\u00fcrciyev, \u201c93 Harbi\u201d diye ge\u00e7en Osmanl\u0131-Rus Sava\u015f\u0131\u2019n\u0131n etkisi alt\u0131nda, Kapadokyal\u0131 bir saz \u015fairinin o\u011flu olarak, ailecek g\u00f6\u00e7 ettikleri Kars \u015fehrinde b\u00fcy\u00fcy\u00fcp yeti\u015fir. Tahminen 18 ya\u015f\u0131ndayken \u00e7\u0131kt\u0131\u011f\u0131<span class=\"excerpt-hellip\"> [\u2026]<\/span><\/p>\n","protected":false},"featured_media":0,"template":"","meta":{"_monsterinsights_skip_tracking":false,"_monsterinsights_sitenote_active":false,"_monsterinsights_sitenote_note":"","_monsterinsights_sitenote_category":0},"product_brand":[],"product_cat":[44608,12408],"product_tag":[],"class_list":{"0":"post-729027","1":"product","2":"type-product","3":"status-publish","5":"product_cat-diger-sanat","6":"product_cat-sanat","7":"pa_cilt-ciltsiz","8":"pa_tur-kitap","9":"pa_yayinevi-kirmizi-kedi-yayinevi","10":"pa_yazar-hale-birgul-akcakmak","12":"first","13":"instock","14":"sale","15":"shipping-taxable","16":"purchasable","17":"product-type-simple"},"_links":{"self":[{"href":"https:\/\/roveyayinevi.com.tr\/index.php\/wp-json\/wp\/v2\/product\/729027","targetHints":{"allow":["GET"]}}],"collection":[{"href":"https:\/\/roveyayinevi.com.tr\/index.php\/wp-json\/wp\/v2\/product"}],"about":[{"href":"https:\/\/roveyayinevi.com.tr\/index.php\/wp-json\/wp\/v2\/types\/product"}],"wp:attachment":[{"href":"https:\/\/roveyayinevi.com.tr\/index.php\/wp-json\/wp\/v2\/media?parent=729027"}],"wp:term":[{"taxonomy":"product_brand","embeddable":true,"href":"https:\/\/roveyayinevi.com.tr\/index.php\/wp-json\/wp\/v2\/product_brand?post=729027"},{"taxonomy":"product_cat","embeddable":true,"href":"https:\/\/roveyayinevi.com.tr\/index.php\/wp-json\/wp\/v2\/product_cat?post=729027"},{"taxonomy":"product_tag","embeddable":true,"href":"https:\/\/roveyayinevi.com.tr\/index.php\/wp-json\/wp\/v2\/product_tag?post=729027"}],"curies":[{"name":"wp","href":"https:\/\/api.w.org\/{rel}","templated":true}]}}