{"id":729025,"date":"2025-08-27T20:48:54","date_gmt":"2025-08-27T17:48:54","guid":{"rendered":"https:\/\/roveyayinevi.com.tr\/index.php\/urun\/cocuklugumu-bindirdim-tramvaya-o-gitti-ben-kaldim-yaya\/"},"modified":"2026-04-16T02:36:43","modified_gmt":"2026-04-15T23:36:43","slug":"cocuklugumu-bindirdim-tramvaya-o-gitti-ben-kaldim-yaya","status":"publish","type":"product","link":"https:\/\/roveyayinevi.com.tr\/index.php\/urun\/cocuklugumu-bindirdim-tramvaya-o-gitti-ben-kaldim-yaya\/","title":{"rendered":"\u00c7ocuklu\u011fumu Bindirdim Tramvaya O Gitti Ben Kald\u0131m Yaya"},"content":{"rendered":"<p>M\u00fcjdat\u2019la Fatih\u2019te do\u011fduk, Karag\u00fcmr\u00fck Ortaokulu ve Vefa Lisesi\u2019nde okuduk. Bu nedenle bir\u00e7ok ortak arkada\u015f\u0131m\u0131z oldu. Ge\u00e7enlerde bunlardan biri olan Ataman\u2019la (Dilgin) konu\u015fuyorduk. S\u00f6z d\u00f6nd\u00fc dola\u015ft\u0131, her zaman oldu\u011fu gibi M\u00fcjdat\u2019a geldi. Onun tiyatroya, \u00f6\u011frenci yeti\u015ftirmeye, e\u011fitime ve iyiliklere adanm\u0131\u015f ya\u015fam\u0131ndan s\u00f6z ederken, nas\u0131l oldu anlamad\u0131m, ikimiz de ayn\u0131 anda \u201cM\u00fcjdat adamd\u0131r. Hem de \u00e7ok iyi bir adamd\u0131r\u201d dedik.TRT\u2019de \u00e7al\u0131\u015f\u0131rken Tunceli Ovac\u0131k\u2019a gitmi\u015ftik. Bizi Munzur Nehri\u2019nin k\u0131rk g\u00f6zeden adeta s\u00fct gibi, bembeyaz k\u00f6p\u00fckler sa\u00e7arak do\u011fdu\u011fu yere g\u00f6t\u00fcrd\u00fcler. E\u011filip kana kana i\u00e7ti\u011fim \u00e7ok so\u011fuk ve berrak suyun tad\u0131n\u0131 h\u00e2l\u00e2 dama\u011f\u0131mda hissederim.Ben M\u00fcjdat\u2019\u0131n hayat\u0131n\u0131, o kaynaktaki gibi hi\u00e7bir kirin kar\u0131\u015fmad\u0131\u011f\u0131 bir akarsuya benzetirim. Kitab\u0131 okurken g\u00fcr\u00fcl g\u00fcr\u00fcl akmaya devam eden bu tertemiz sudan, siz de bir yudum alacak ve tad\u0131na doyamayacaks\u0131n\u0131z\u2026G\u00f6zle g\u00f6r\u00fcnmeyen \u00f6l\u00fcmc\u00fcl vir\u00fcsle sava\u015ft\u0131\u011f\u0131m\u0131z s\u00fcre\u00e7te yay\u0131mlanan bu kitab\u0131n en sevdi\u011fim yan\u0131; hem kolay okunmas\u0131 hem de umut verici olmas\u0131\u2026 \u201cUmutsuz ya\u015fanmaz. Hele bir sanat\u00e7\u0131n\u0131n umudu yoksa gelece\u011fi de yoktur. Umut sanat\u0131n ekme\u011fidir, suyudur. Umutsuz olursan sanat yapamazs\u0131n. Sanat umutla beslenir. G\u0131das\u0131d\u0131r umut sanat\u0131n. Sanat\u00e7\u0131 hi\u00e7bir durumda umudunu yitirmez. \u00c7\u00fcnk\u00fc umut biterse d\u00fcnya durur. Umut ayr\u0131ca emek de ister. Emeksiz olmaz. Hayat da emek ister\u201d diyor M\u00fcjdat. Ve hayata verdi\u011fi eme\u011fi anlat\u0131yor. Son d\u00f6nemde eme\u011fine yap\u0131lan haks\u0131zl\u0131\u011f\u0131 da\u2026B\u00fcy\u00fck konu\u015fmadan, ahk\u00e2m kesmeden, bilgi\u00e7lik taslamadan, tam tersine kendisiyle dalga ge\u00e7erek hayat\u0131ndan kesitler, an\u0131lar ve dostlar\u0131ndan portreler sunuyor. Ben d\u00f6rt saatte bitirdi\u011fimde i\u00e7imden \u201cKe\u015fke daha \u00e7ok yazsaym\u0131\u015f\u201d dedim. Bakal\u0131m siz ne diyeceksiniz?..U\u011fur D\u00fcndar<\/p>\n","protected":false},"excerpt":{"rendered":"<p>M\u00fcjdat\u2019la Fatih\u2019te do\u011fduk, Karag\u00fcmr\u00fck Ortaokulu ve Vefa Lisesi\u2019nde okuduk. Bu nedenle bir\u00e7ok ortak arkada\u015f\u0131m\u0131z oldu. Ge\u00e7enlerde bunlardan biri olan Ataman\u2019la (Dilgin) konu\u015fuyorduk. S\u00f6z d\u00f6nd\u00fc dola\u015ft\u0131, her<span class=\"excerpt-hellip\"> [\u2026]<\/span><\/p>\n","protected":false},"featured_media":0,"template":"","meta":{"_monsterinsights_skip_tracking":false,"_monsterinsights_sitenote_active":false,"_monsterinsights_sitenote_note":"","_monsterinsights_sitenote_category":0},"product_brand":[],"product_cat":[13701,12291],"product_tag":[],"class_list":{"0":"post-729025","1":"product","2":"type-product","3":"status-publish","5":"product_cat-ani-mektup-gunluk","6":"product_cat-edebiyat","7":"pa_cilt-ciltsiz","8":"pa_tur-kitap","9":"pa_yayinevi-kirmizi-kedi-yayinevi","10":"pa_yazar-mujdat-gezen","12":"first","13":"instock","14":"sale","15":"shipping-taxable","16":"purchasable","17":"product-type-simple"},"_links":{"self":[{"href":"https:\/\/roveyayinevi.com.tr\/index.php\/wp-json\/wp\/v2\/product\/729025","targetHints":{"allow":["GET"]}}],"collection":[{"href":"https:\/\/roveyayinevi.com.tr\/index.php\/wp-json\/wp\/v2\/product"}],"about":[{"href":"https:\/\/roveyayinevi.com.tr\/index.php\/wp-json\/wp\/v2\/types\/product"}],"wp:attachment":[{"href":"https:\/\/roveyayinevi.com.tr\/index.php\/wp-json\/wp\/v2\/media?parent=729025"}],"wp:term":[{"taxonomy":"product_brand","embeddable":true,"href":"https:\/\/roveyayinevi.com.tr\/index.php\/wp-json\/wp\/v2\/product_brand?post=729025"},{"taxonomy":"product_cat","embeddable":true,"href":"https:\/\/roveyayinevi.com.tr\/index.php\/wp-json\/wp\/v2\/product_cat?post=729025"},{"taxonomy":"product_tag","embeddable":true,"href":"https:\/\/roveyayinevi.com.tr\/index.php\/wp-json\/wp\/v2\/product_tag?post=729025"}],"curies":[{"name":"wp","href":"https:\/\/api.w.org\/{rel}","templated":true}]}}