{"id":729024,"date":"2025-08-27T20:48:53","date_gmt":"2025-08-27T17:48:53","guid":{"rendered":"https:\/\/roveyayinevi.com.tr\/index.php\/urun\/cok-kucugum-daha-ben\/"},"modified":"2026-04-16T02:36:43","modified_gmt":"2026-04-15T23:36:43","slug":"cok-kucugum-daha-ben","status":"publish","type":"product","link":"https:\/\/roveyayinevi.com.tr\/index.php\/urun\/cok-kucugum-daha-ben\/","title":{"rendered":"\u00c7ok K\u00fc\u00e7\u00fc\u011f\u00fcm Daha Ben"},"content":{"rendered":"<p>Defne\u2019nin ne g\u00fczel oyuncaklar\u0131 varAma bunlar\u0131n hi\u00e7biri\u00c7ar\u015f\u0131da sat\u0131lmazParayla da al\u0131nmazDefne oyuncaklar\u0131n\u0131 kendi yapar Deniz k\u0131y\u0131s\u0131na gitti miEn g\u00fczel ta\u015flar\u0131 o toplar\u00c7ok becerikli k\u0131zd\u0131r oEvler yapar kutulardanMakaralardan arabaS\u0327i\u015fe mantar\u0131ndan adam yaparAdam\u0131n \u015fapkas\u0131 da varHababam S\u0131n\u0131f\u0131\u2019n\u0131n yazar\u0131 edebiyat\u0131m\u0131z\u0131n Koca C\u0327\u0131nar\u2019\u0131 R\u0131fat Ilgaz\u2019\u0131n c\u0327ocuk s\u0327iirlerinden sec\u0327meler bu kitapta bir araya getirildi. Ilgaz\u2019\u0131n c\u0327ocuk d\u00fcnyas\u0131n\u0131, b\u00fcy\u00fcmeyi anlatt\u0131\u011f\u0131 s\u0327iirleri c\u0327ocukluk d\u00f6nemine tutulmus\u0327 bir aynad\u0131r.<\/p>\n","protected":false},"excerpt":{"rendered":"<p>Defne\u2019nin ne g\u00fczel oyuncaklar\u0131 varAma bunlar\u0131n hi\u00e7biri\u00c7ar\u015f\u0131da sat\u0131lmazParayla da al\u0131nmazDefne oyuncaklar\u0131n\u0131 kendi yapar Deniz k\u0131y\u0131s\u0131na gitti miEn g\u00fczel ta\u015flar\u0131 o toplar\u00c7ok becerikli k\u0131zd\u0131r oEvler yapar kutulardanMakaralardan<span class=\"excerpt-hellip\"> [\u2026]<\/span><\/p>\n","protected":false},"featured_media":0,"template":"","meta":{"_monsterinsights_skip_tracking":false,"_monsterinsights_sitenote_active":false,"_monsterinsights_sitenote_note":"","_monsterinsights_sitenote_category":0},"product_brand":[],"product_cat":[12274,12284],"product_tag":[],"class_list":{"0":"post-729024","1":"product","2":"type-product","3":"status-publish","5":"product_cat-cocuk-ve-genclik-kitaplari","6":"product_cat-hikayeler","7":"pa_cilt-ciltsiz","8":"pa_tur-kitap","9":"pa_yayinevi-cinar-yayinlari","10":"pa_yazar-rifat-ilgaz","12":"first","13":"instock","14":"sale","15":"shipping-taxable","16":"purchasable","17":"product-type-simple"},"_links":{"self":[{"href":"https:\/\/roveyayinevi.com.tr\/index.php\/wp-json\/wp\/v2\/product\/729024","targetHints":{"allow":["GET"]}}],"collection":[{"href":"https:\/\/roveyayinevi.com.tr\/index.php\/wp-json\/wp\/v2\/product"}],"about":[{"href":"https:\/\/roveyayinevi.com.tr\/index.php\/wp-json\/wp\/v2\/types\/product"}],"wp:attachment":[{"href":"https:\/\/roveyayinevi.com.tr\/index.php\/wp-json\/wp\/v2\/media?parent=729024"}],"wp:term":[{"taxonomy":"product_brand","embeddable":true,"href":"https:\/\/roveyayinevi.com.tr\/index.php\/wp-json\/wp\/v2\/product_brand?post=729024"},{"taxonomy":"product_cat","embeddable":true,"href":"https:\/\/roveyayinevi.com.tr\/index.php\/wp-json\/wp\/v2\/product_cat?post=729024"},{"taxonomy":"product_tag","embeddable":true,"href":"https:\/\/roveyayinevi.com.tr\/index.php\/wp-json\/wp\/v2\/product_tag?post=729024"}],"curies":[{"name":"wp","href":"https:\/\/api.w.org\/{rel}","templated":true}]}}