{"id":729023,"date":"2025-08-27T20:48:52","date_gmt":"2025-08-27T17:48:52","guid":{"rendered":"https:\/\/roveyayinevi.com.tr\/index.php\/urun\/utku-siirleri\/"},"modified":"2026-04-16T02:36:43","modified_gmt":"2026-04-15T23:36:43","slug":"utku-siirleri","status":"publish","type":"product","link":"https:\/\/roveyayinevi.com.tr\/index.php\/urun\/utku-siirleri\/","title":{"rendered":"Utku \u015eiirleri"},"content":{"rendered":"<p>H\u00fcmanist d\u00fc\u015f\u00fcncenin atalar\u0131ndan, b\u00fcy\u00fck \u0130talyan \u015fairi Francesco Petrarca\u2019n\u0131n ellili ya\u015flar\u0131nda ba\u015flad\u0131\u011f\u0131 ve tamamlamadan b\u0131rakt\u0131\u011f\u0131 Utku \u015eiirleri, kavramsal ve bi\u00e7imsel tutkular\u0131 a\u00e7\u0131s\u0131ndan, olgunluk \u00e7a\u011f\u0131ndaki \u00fcnl\u00fc bir yazar\u0131n tipik verimli g\u00f6r\u00fcn\u00fcm\u00fcn\u00fc sunuyor. Ba\u015fka bir deyi\u015fle, \u015fairin ki\u015fisel-entelekt\u00fcel deneyimleri, neredeyse bilin\u00e7d\u0131\u015f\u0131 bir yolla ideal, a\u015fk\u0131n bir yolculuk tasar\u0131m\u0131 i\u00e7inde bi\u00e7im kazan\u0131r; bu deneyimler birer mite, birer simgeye d\u00f6n\u00fc\u015f\u00fcr, \u00f6rnek bir insanl\u0131k durumunun \u00e7ehresine ve anlam\u0131na b\u00fcr\u00fcn\u00fcyor.<\/p>\n","protected":false},"excerpt":{"rendered":"<p>H\u00fcmanist d\u00fc\u015f\u00fcncenin atalar\u0131ndan, b\u00fcy\u00fck \u0130talyan \u015fairi Francesco Petrarca\u2019n\u0131n ellili ya\u015flar\u0131nda ba\u015flad\u0131\u011f\u0131 ve tamamlamadan b\u0131rakt\u0131\u011f\u0131 Utku \u015eiirleri, kavramsal ve bi\u00e7imsel tutkular\u0131 a\u00e7\u0131s\u0131ndan, olgunluk \u00e7a\u011f\u0131ndaki \u00fcnl\u00fc bir yazar\u0131n<span class=\"excerpt-hellip\"> [\u2026]<\/span><\/p>\n","protected":false},"featured_media":0,"template":"","meta":{"_monsterinsights_skip_tracking":false,"_monsterinsights_sitenote_active":false,"_monsterinsights_sitenote_note":"","_monsterinsights_sitenote_category":0},"product_brand":[],"product_cat":[12291,12509],"product_tag":[],"class_list":{"0":"post-729023","1":"product","2":"type-product","3":"status-publish","5":"product_cat-edebiyat","6":"product_cat-siir","7":"pa_cilt-ciltsiz","8":"pa_tur-kitap","9":"pa_yayinevi-yapi-kredi-yayinlari","10":"pa_yazar-francesco-petrarca","12":"first","13":"instock","14":"sale","15":"shipping-taxable","16":"purchasable","17":"product-type-simple"},"_links":{"self":[{"href":"https:\/\/roveyayinevi.com.tr\/index.php\/wp-json\/wp\/v2\/product\/729023","targetHints":{"allow":["GET"]}}],"collection":[{"href":"https:\/\/roveyayinevi.com.tr\/index.php\/wp-json\/wp\/v2\/product"}],"about":[{"href":"https:\/\/roveyayinevi.com.tr\/index.php\/wp-json\/wp\/v2\/types\/product"}],"wp:attachment":[{"href":"https:\/\/roveyayinevi.com.tr\/index.php\/wp-json\/wp\/v2\/media?parent=729023"}],"wp:term":[{"taxonomy":"product_brand","embeddable":true,"href":"https:\/\/roveyayinevi.com.tr\/index.php\/wp-json\/wp\/v2\/product_brand?post=729023"},{"taxonomy":"product_cat","embeddable":true,"href":"https:\/\/roveyayinevi.com.tr\/index.php\/wp-json\/wp\/v2\/product_cat?post=729023"},{"taxonomy":"product_tag","embeddable":true,"href":"https:\/\/roveyayinevi.com.tr\/index.php\/wp-json\/wp\/v2\/product_tag?post=729023"}],"curies":[{"name":"wp","href":"https:\/\/api.w.org\/{rel}","templated":true}]}}