{"id":729022,"date":"2025-08-27T20:48:50","date_gmt":"2025-08-27T17:48:50","guid":{"rendered":"https:\/\/roveyayinevi.com.tr\/index.php\/urun\/yasasin-insanlik-kahrolsun-korona\/"},"modified":"2026-02-03T02:52:50","modified_gmt":"2026-02-02T23:52:50","slug":"yasasin-insanlik-kahrolsun-korona","status":"publish","type":"product","link":"https:\/\/roveyayinevi.com.tr\/index.php\/urun\/yasasin-insanlik-kahrolsun-korona\/","title":{"rendered":"Ya\u015fas\u0131n \u0130nsanl\u0131k Kahrolsun Korona"},"content":{"rendered":"<p>Korona vir\u00fcs salg\u0131n\u0131 nedeniyle hayat\u0131m\u0131z\u0131n ak\u0131\u015f\u0131 de\u011fi\u015fti. Hareket alan\u0131m\u0131z darald\u0131. \u0130leti\u015fim farkl\u0131la\u015ft\u0131. Dijital d\u00fcnya hayat\u0131m\u0131zda \u00e7ok yer almaya ba\u015flad\u0131. Samimiyetin g\u00f6stergesi olan tokala\u015fma, sar\u0131lma, \u00f6p\u00fc\u015fme gibi temaslar\u0131m\u0131z sosyal mesafeye kurban gitti. Korona vir\u00fcs sadece ili\u015fkilerimizi de\u011fil kavramlar\u0131m\u0131z\u0131, duygular\u0131m\u0131z\u0131 d\u00fc\u015f\u00fcncelerimizi de etkiledi. Zorunlu olarak evde kald\u0131\u011f\u0131m\u0131z vakitlerde \u201cZorunlu \u0130nziva G\u00fcnl\u00fc\u011f\u00fc\u201d ba\u015fl\u0131\u011f\u0131yla yaz\u0131lar yazd\u0131m. \u0130nsani bir bak\u0131\u015fla ya\u015fananlar\u0131 not ettim. Sonra Covid-19\u2019a ben de yakaland\u0131m. Yo\u011fun bak\u0131mda yatt\u0131m.  Hastanede ya\u015fad\u0131klar\u0131m\u0131 ve neler hissetti\u011fimi  \u201cCovid G\u00fcnl\u00fc\u011f\u00fc\u201d ba\u015fl\u0131\u011f\u0131yla yazd\u0131m.   Korona g\u00fcnlerinin getirdi\u011fi \u00e7aresizlik ve ac\u0131lar\u0131 \u201cti\u201dye alarak mizah\u0131n\u0131 yapt\u0131m.   Tarih elbette bu g\u00fcnlere ait resmi bilgileri kaydedecektir.  Ama bir insan\u0131n ya\u015fad\u0131\u011f\u0131 duygular \u00e7ok \u00f6zel ve \u00f6zg\u00fcn olup ancak bir edebiyat eserinde kendini g\u00f6sterebilir. \u0130\u015fte bu nedenle deneyimlerimi, duygular\u0131m\u0131 ve d\u00fc\u015f\u00fcncelerimi hem \u00e7a\u011fda\u015flar\u0131ma hem de gelecek nesillere aktarmak istedim.  Kitap b\u00f6yle do\u011fdu. Bu zamanda ya\u015fayan ve kitab\u0131 okuyanlar mutlaka kendilerinden bir \u015fey bulacaklar, h\u00fcz\u00fcnlenecekler ve g\u00fcleceklerdir. Kitab\u0131 okuyanlar pandeminin biz insanlar\u0131 ayn\u0131 safta birle\u015ftirerek bizleri nas\u0131l duyguda\u015f yapt\u0131\u011f\u0131n\u0131 fark edeceklerdir. <\/p>\n","protected":false},"excerpt":{"rendered":"<p>Korona vir\u00fcs salg\u0131n\u0131 nedeniyle hayat\u0131m\u0131z\u0131n ak\u0131\u015f\u0131 de\u011fi\u015fti. Hareket alan\u0131m\u0131z darald\u0131. \u0130leti\u015fim farkl\u0131la\u015ft\u0131. Dijital d\u00fcnya hayat\u0131m\u0131zda \u00e7ok yer almaya ba\u015flad\u0131. Samimiyetin g\u00f6stergesi olan tokala\u015fma, sar\u0131lma, \u00f6p\u00fc\u015fme gibi<span class=\"excerpt-hellip\"> [\u2026]<\/span><\/p>\n","protected":false},"featured_media":0,"template":"","meta":{"_monsterinsights_skip_tracking":false,"_monsterinsights_sitenote_active":false,"_monsterinsights_sitenote_note":"","_monsterinsights_sitenote_category":0},"product_brand":[],"product_cat":[12291,14825],"product_tag":[],"class_list":{"0":"post-729022","1":"product","2":"type-product","3":"status-publish","5":"product_cat-edebiyat","6":"product_cat-mizah","7":"pa_cilt-ciltsiz","8":"pa_tur-kitap","9":"pa_yayinevi-gulnar-yayinlari","10":"pa_yazar-durdu-gunes","12":"first","13":"instock","14":"sale","15":"shipping-taxable","16":"purchasable","17":"product-type-simple"},"_links":{"self":[{"href":"https:\/\/roveyayinevi.com.tr\/index.php\/wp-json\/wp\/v2\/product\/729022","targetHints":{"allow":["GET"]}}],"collection":[{"href":"https:\/\/roveyayinevi.com.tr\/index.php\/wp-json\/wp\/v2\/product"}],"about":[{"href":"https:\/\/roveyayinevi.com.tr\/index.php\/wp-json\/wp\/v2\/types\/product"}],"wp:attachment":[{"href":"https:\/\/roveyayinevi.com.tr\/index.php\/wp-json\/wp\/v2\/media?parent=729022"}],"wp:term":[{"taxonomy":"product_brand","embeddable":true,"href":"https:\/\/roveyayinevi.com.tr\/index.php\/wp-json\/wp\/v2\/product_brand?post=729022"},{"taxonomy":"product_cat","embeddable":true,"href":"https:\/\/roveyayinevi.com.tr\/index.php\/wp-json\/wp\/v2\/product_cat?post=729022"},{"taxonomy":"product_tag","embeddable":true,"href":"https:\/\/roveyayinevi.com.tr\/index.php\/wp-json\/wp\/v2\/product_tag?post=729022"}],"curies":[{"name":"wp","href":"https:\/\/api.w.org\/{rel}","templated":true}]}}