{"id":729021,"date":"2025-08-27T20:48:50","date_gmt":"2025-08-27T17:48:50","guid":{"rendered":"https:\/\/roveyayinevi.com.tr\/index.php\/urun\/penceremden-kelimeler\/"},"modified":"2026-02-03T02:52:50","modified_gmt":"2026-02-02T23:52:50","slug":"penceremden-kelimeler","status":"publish","type":"product","link":"https:\/\/roveyayinevi.com.tr\/index.php\/urun\/penceremden-kelimeler\/","title":{"rendered":"Penceremden Kelimeler"},"content":{"rendered":"<p>\u2018Penceremden kelimeler\u2019 bir etimolojik s\u00f6zl\u00fck de\u011fildir, akademik bir \u00e7al\u0131\u015fma da de\u011fildir. Bir kelime sevdal\u0131s\u0131n\u0131n kelimelerle anlam pe\u015finde yapt\u0131\u011f\u0131 yolcuktur. Bu nedenle kelimelerle yolculukta onlar\u0131 tan\u0131yacak ve \u00e7ok seveceksiniz. Kitab\u0131 okurken her kelimenin d\u00fc\u015f\u00fcn\u00fcnce d\u00fcnyas\u0131nda ve ileti\u015fim alan\u0131nda size yeni bir pencere a\u00e7t\u0131\u011f\u0131n\u0131 fark edeceksiniz. Kitap; kelime d\u00fc\u015f\u00fcnce ve ileti\u015fim alan\u0131n\u0131za yeni bir fark\u0131ndal\u0131k katacakt\u0131r.Bence kitap kapa\u011f\u0131ndan kitab\u0131n mahiyetini \u00f6\u011frenmekle yetinmeyin. Ancak kitab\u0131n i\u00e7ine girip kelimelerle yolculuk ederek kitab\u0131n tad\u0131n\u0131 \u00e7\u0131karabilirsiniz. Her kelimenin ser\u00fcveni sizde yeni bir \u00f6\u011frenme zevki olu\u015fturacakt\u0131r. Ben yazarken zevk ald\u0131m, eminim siz de okurken zevk alacaks\u0131n\u0131z. <\/p>\n","protected":false},"excerpt":{"rendered":"<p>\u2018Penceremden kelimeler\u2019 bir etimolojik s\u00f6zl\u00fck de\u011fildir, akademik bir \u00e7al\u0131\u015fma da de\u011fildir. Bir kelime sevdal\u0131s\u0131n\u0131n kelimelerle anlam pe\u015finde yapt\u0131\u011f\u0131 yolcuktur. Bu nedenle kelimelerle yolculukta onlar\u0131 tan\u0131yacak ve<span class=\"excerpt-hellip\"> [\u2026]<\/span><\/p>\n","protected":false},"featured_media":0,"template":"","meta":{"_monsterinsights_skip_tracking":false,"_monsterinsights_sitenote_active":false,"_monsterinsights_sitenote_note":"","_monsterinsights_sitenote_category":0},"product_brand":[],"product_cat":[12364,12376],"product_tag":[],"class_list":{"0":"post-729021","1":"product","2":"type-product","3":"status-publish","5":"product_cat-genel-konular","6":"product_cat-kisisel-gelisim","7":"pa_cilt-ciltsiz","8":"pa_tur-kitap","9":"pa_yayinevi-gulnar-yayinlari","10":"pa_yazar-durdu-gunes","12":"first","13":"instock","14":"sale","15":"shipping-taxable","16":"purchasable","17":"product-type-simple"},"_links":{"self":[{"href":"https:\/\/roveyayinevi.com.tr\/index.php\/wp-json\/wp\/v2\/product\/729021","targetHints":{"allow":["GET"]}}],"collection":[{"href":"https:\/\/roveyayinevi.com.tr\/index.php\/wp-json\/wp\/v2\/product"}],"about":[{"href":"https:\/\/roveyayinevi.com.tr\/index.php\/wp-json\/wp\/v2\/types\/product"}],"wp:attachment":[{"href":"https:\/\/roveyayinevi.com.tr\/index.php\/wp-json\/wp\/v2\/media?parent=729021"}],"wp:term":[{"taxonomy":"product_brand","embeddable":true,"href":"https:\/\/roveyayinevi.com.tr\/index.php\/wp-json\/wp\/v2\/product_brand?post=729021"},{"taxonomy":"product_cat","embeddable":true,"href":"https:\/\/roveyayinevi.com.tr\/index.php\/wp-json\/wp\/v2\/product_cat?post=729021"},{"taxonomy":"product_tag","embeddable":true,"href":"https:\/\/roveyayinevi.com.tr\/index.php\/wp-json\/wp\/v2\/product_tag?post=729021"}],"curies":[{"name":"wp","href":"https:\/\/api.w.org\/{rel}","templated":true}]}}