{"id":729020,"date":"2025-08-27T20:48:49","date_gmt":"2025-08-27T17:48:49","guid":{"rendered":"https:\/\/roveyayinevi.com.tr\/index.php\/urun\/ikindi-yalnizligi\/"},"modified":"2026-04-16T02:36:43","modified_gmt":"2026-04-15T23:36:43","slug":"ikindi-yalnizligi","status":"publish","type":"product","link":"https:\/\/roveyayinevi.com.tr\/index.php\/urun\/ikindi-yalnizligi\/","title":{"rendered":"\u0130kindi Yaln\u0131zl\u0131\u011f\u0131"},"content":{"rendered":"<p>\u0130kindi Yaln\u0131zl\u0131\u011f\u0131\u2019n\u0131n hik\u00e2yesi bir dram \u00fczerine kurulmu\u015ftur. Hik\u00e2yenin ana kurgusu, taraf\u0131mca, daha \u00f6nce tamamlanmas\u0131na ra\u011fmen, say\u0131s\u0131 y\u00fczleri bulan notlar\u0131m\u0131n bir araya getirilerek bilgisayar ortam\u0131na aktar\u0131lmas\u0131 2020 y\u0131l\u0131n\u0131n A\u011fustos ay\u0131na rastlamaktad\u0131r. Aradan ge\u00e7en zaman i\u00e7erisinde, t\u0131pk\u0131 di\u011fer hik\u00e2yelerimde oldu\u011fu gibi, sessizce kaderinin ne olaca\u011f\u0131na karar vermemi bekleyen senaryo, nihai a\u015famada son d\u00fczenlemeler ile birlikte bir kitap olarak yay\u0131nlatma karar\u0131ma boyun b\u00fckerek kendi kaderine raz\u0131 oldu. Hik\u00e2ye, sosyal ili\u015fkiler a\u00e7\u0131s\u0131ndan \u00e7ok fazla gelecek sunmayan Akif\u2019in ya\u015fam\u0131n\u0131n son \u00fc\u00e7 ay\u0131n\u0131 konu almaktad\u0131r. Hayattan beklediklerini elde edemeyen Akif\u2019in kendi karar\u0131 ile hayat\u0131na son vermesinin sosyal ve psikolojik sebeplerini derinlemesine inceleyen bu senaryo, hayat\u0131n kendisinden beklenileni de\u011fil, beklenmeyen geli\u015fmelerle olmas\u0131 gerekeni kurgulad\u0131\u011f\u0131 \u00fczerine ele\u015ftirel bir analiz yapmaktad\u0131r. <\/p>\n","protected":false},"excerpt":{"rendered":"<p>\u0130kindi Yaln\u0131zl\u0131\u011f\u0131\u2019n\u0131n hik\u00e2yesi bir dram \u00fczerine kurulmu\u015ftur. Hik\u00e2yenin ana kurgusu, taraf\u0131mca, daha \u00f6nce tamamlanmas\u0131na ra\u011fmen, say\u0131s\u0131 y\u00fczleri bulan notlar\u0131m\u0131n bir araya getirilerek bilgisayar ortam\u0131na aktar\u0131lmas\u0131 2020<span class=\"excerpt-hellip\"> [\u2026]<\/span><\/p>\n","protected":false},"featured_media":0,"template":"","meta":{"_monsterinsights_skip_tracking":false,"_monsterinsights_sitenote_active":false,"_monsterinsights_sitenote_note":"","_monsterinsights_sitenote_category":0},"product_brand":[],"product_cat":[12291,12332],"product_tag":[],"class_list":{"0":"post-729020","1":"product","2":"type-product","3":"status-publish","5":"product_cat-edebiyat","6":"product_cat-senaryo","7":"pa_cilt-ciltsiz","8":"pa_tur-kitap","9":"pa_yayinevi-gulnar-yayinlari","10":"pa_yazar-konur-alp-demir","12":"first","13":"instock","14":"sale","15":"shipping-taxable","16":"purchasable","17":"product-type-simple"},"_links":{"self":[{"href":"https:\/\/roveyayinevi.com.tr\/index.php\/wp-json\/wp\/v2\/product\/729020","targetHints":{"allow":["GET"]}}],"collection":[{"href":"https:\/\/roveyayinevi.com.tr\/index.php\/wp-json\/wp\/v2\/product"}],"about":[{"href":"https:\/\/roveyayinevi.com.tr\/index.php\/wp-json\/wp\/v2\/types\/product"}],"wp:attachment":[{"href":"https:\/\/roveyayinevi.com.tr\/index.php\/wp-json\/wp\/v2\/media?parent=729020"}],"wp:term":[{"taxonomy":"product_brand","embeddable":true,"href":"https:\/\/roveyayinevi.com.tr\/index.php\/wp-json\/wp\/v2\/product_brand?post=729020"},{"taxonomy":"product_cat","embeddable":true,"href":"https:\/\/roveyayinevi.com.tr\/index.php\/wp-json\/wp\/v2\/product_cat?post=729020"},{"taxonomy":"product_tag","embeddable":true,"href":"https:\/\/roveyayinevi.com.tr\/index.php\/wp-json\/wp\/v2\/product_tag?post=729020"}],"curies":[{"name":"wp","href":"https:\/\/api.w.org\/{rel}","templated":true}]}}