{"id":729019,"date":"2025-08-27T20:48:47","date_gmt":"2025-08-27T17:48:47","guid":{"rendered":"https:\/\/roveyayinevi.com.tr\/index.php\/urun\/murekkep-izleri\/"},"modified":"2026-04-16T02:36:43","modified_gmt":"2026-04-15T23:36:43","slug":"murekkep-izleri","status":"publish","type":"product","link":"https:\/\/roveyayinevi.com.tr\/index.php\/urun\/murekkep-izleri\/","title":{"rendered":"M\u00fcrekkep \u0130zleri"},"content":{"rendered":"<p>\u015eiir bireyselle\u015ftirilemeyecek kadar sahipsiz ve bir o kadar da herkesin sahiplenebilece\u011fi kadar sihirlidir.  Her ki\u015fi okudu\u011fu her \u015fiirde kendisini bulabiliyor veya kendisinden bir par\u00e7an\u0131n \u015fiirin gizemli do\u011fas\u0131nda yer ald\u0131\u011f\u0131n\u0131 fark edebiliyorsa, yaz\u0131lan kelimeler amac\u0131na ula\u015fm\u0131\u015ft\u0131r. \u015eiir bireyin gece kadar karanl\u0131k veya sabah\u0131n ilk \u0131\u015f\u0131klar\u0131 kadar ayd\u0131nl\u0131k ve soyut d\u00fc\u015flerinden s\u0131yr\u0131larak k\u00e2\u011f\u0131da damlayan m\u00fcrekkep par\u00e7alar\u0131n\u0131n b\u0131rakt\u0131\u011f\u0131 iz olmaktan uzakla\u015farak, her bireyin ruhunda  bir yer edinerek hayali bir d\u00fcnyan\u0131n kap\u0131lar\u0131n\u0131 aralayabilecek g\u00fc\u00e7tedir. Bu duygular i\u00e7erisinde \u015fiire bir y\u00fck\u00fcml\u00fc atamak yerine, bu gizemli sat\u0131r b\u00fct\u00fcnl\u00fc\u011f\u00fcne insanlar\u0131n duygular\u0131 i\u00e7erisinde kaybolan ve kendisinden bir par\u00e7a bulan herkes taraf\u0131ndan sahiplenilen mucizevi sat\u0131rlar olarak yakla\u015fmak gerekmektedir. \u0130\u015fte bu sebepten dolay\u0131 \u015fiir ya\u015fanm\u0131\u015fl\u0131klar\u0131 de\u011fil, biraz da hi\u00e7 ya\u015fanmam\u0131\u015fl\u0131klar\u0131 konu al\u0131r.<\/p>\n","protected":false},"excerpt":{"rendered":"<p>\u015eiir bireyselle\u015ftirilemeyecek kadar sahipsiz ve bir o kadar da herkesin sahiplenebilece\u011fi kadar sihirlidir. Her ki\u015fi okudu\u011fu her \u015fiirde kendisini bulabiliyor veya kendisinden bir par\u00e7an\u0131n \u015fiirin gizemli<span class=\"excerpt-hellip\"> [\u2026]<\/span><\/p>\n","protected":false},"featured_media":0,"template":"","meta":{"_monsterinsights_skip_tracking":false,"_monsterinsights_sitenote_active":false,"_monsterinsights_sitenote_note":"","_monsterinsights_sitenote_category":0},"product_brand":[],"product_cat":[12291,12509],"product_tag":[],"class_list":{"0":"post-729019","1":"product","2":"type-product","3":"status-publish","5":"product_cat-edebiyat","6":"product_cat-siir","7":"pa_cilt-ciltsiz","8":"pa_tur-kitap","9":"pa_yayinevi-gulnar-yayinlari","10":"pa_yazar-konur-alp-demir","12":"first","13":"instock","14":"sale","15":"shipping-taxable","16":"purchasable","17":"product-type-simple"},"_links":{"self":[{"href":"https:\/\/roveyayinevi.com.tr\/index.php\/wp-json\/wp\/v2\/product\/729019","targetHints":{"allow":["GET"]}}],"collection":[{"href":"https:\/\/roveyayinevi.com.tr\/index.php\/wp-json\/wp\/v2\/product"}],"about":[{"href":"https:\/\/roveyayinevi.com.tr\/index.php\/wp-json\/wp\/v2\/types\/product"}],"wp:attachment":[{"href":"https:\/\/roveyayinevi.com.tr\/index.php\/wp-json\/wp\/v2\/media?parent=729019"}],"wp:term":[{"taxonomy":"product_brand","embeddable":true,"href":"https:\/\/roveyayinevi.com.tr\/index.php\/wp-json\/wp\/v2\/product_brand?post=729019"},{"taxonomy":"product_cat","embeddable":true,"href":"https:\/\/roveyayinevi.com.tr\/index.php\/wp-json\/wp\/v2\/product_cat?post=729019"},{"taxonomy":"product_tag","embeddable":true,"href":"https:\/\/roveyayinevi.com.tr\/index.php\/wp-json\/wp\/v2\/product_tag?post=729019"}],"curies":[{"name":"wp","href":"https:\/\/api.w.org\/{rel}","templated":true}]}}