{"id":729018,"date":"2025-08-27T20:48:46","date_gmt":"2025-08-27T17:48:46","guid":{"rendered":"https:\/\/roveyayinevi.com.tr\/index.php\/urun\/senin-baskentinde\/"},"modified":"2026-04-16T02:36:43","modified_gmt":"2026-04-15T23:36:43","slug":"senin-baskentinde","status":"publish","type":"product","link":"https:\/\/roveyayinevi.com.tr\/index.php\/urun\/senin-baskentinde\/","title":{"rendered":"Senin Ba\u015fkentinde"},"content":{"rendered":"<p>Herkes hayatta mutlulu\u011fa kendi kalbinin derinlikle rine yapt\u0131\u011f\u0131 yolculuklarla ula\u015f\u0131r. \u00c7\u00fcnk\u00fc y\u00fcre\u011fimizin t\u00fcm  r\u00fczg\u00e2rlar\u0131 bizi devaml\u0131 oraya s\u00fcr\u00fckler. Hermann Hesse der ki: \u201c Her insan\u0131n hayat\u0131 onu kendisine g\u00f6t\u00fcren bir yoldur&#8221; A\u015fk kendine yapt\u0131\u011f\u0131n bu yolculukta sana yol arkada\u015fl\u0131\u011f\u0131 yapan ve seni \u00f6z\u00fcne g\u00f6t\u00fcren en \u00f6nemli enstr\u00fcmand\u0131r. Ama bu yolda ger\u00e7ek a\u015fk\u0131, ger\u00e7ek sevgiyi buluna kadar \u00e7e\u015fitli zorluklardan ge\u00e7er ve s\u0131nan\u0131r\u0131z.  Bu yol emek ister, sab\u0131r ister ve \u00e7o\u011fu zaman ac\u0131 deneyimlerin bize ya\u015fatt\u0131\u011f\u0131 zorluklara g\u00f6\u011f\u00fcs germeyi ister&#8230; Yani; \u015eiir tad\u0131nda bir a\u015fkta sakl\u0131d\u0131r ger\u00e7ek mutluluk&#8230;   Yani; Sevdi\u011finin a\u015fk ba\u015fkentini kendi kalbinin ba\u015fkenti eylemektir&#8230; Ve \u015fiirler; Tam da bu a\u015fk enstr\u00fcman\u0131ndan \u00e7\u0131kan en lezzetli melodileri, dizelere d\u00f6ken muazzam bir mutluluk kayna\u011f\u0131,  \u015fahane bir i\u00e7sel gezintidir&#8230; Serhat Ertu\u011frul  <\/p>\n","protected":false},"excerpt":{"rendered":"<p>Herkes hayatta mutlulu\u011fa kendi kalbinin derinlikle rine yapt\u0131\u011f\u0131 yolculuklarla ula\u015f\u0131r. \u00c7\u00fcnk\u00fc y\u00fcre\u011fimizin t\u00fcm r\u00fczg\u00e2rlar\u0131 bizi devaml\u0131 oraya s\u00fcr\u00fckler. Hermann Hesse der ki: \u201c Her insan\u0131n hayat\u0131<span class=\"excerpt-hellip\"> [\u2026]<\/span><\/p>\n","protected":false},"featured_media":0,"template":"","meta":{"_monsterinsights_skip_tracking":false,"_monsterinsights_sitenote_active":false,"_monsterinsights_sitenote_note":"","_monsterinsights_sitenote_category":0},"product_brand":[],"product_cat":[12291,12509],"product_tag":[],"class_list":{"0":"post-729018","1":"product","2":"type-product","3":"status-publish","5":"product_cat-edebiyat","6":"product_cat-siir","7":"pa_cilt-ciltsiz","8":"pa_tur-kitap","9":"pa_yayinevi-gulnar-yayinlari","10":"pa_yazar-serhat-ertugrul","12":"first","13":"instock","14":"sale","15":"shipping-taxable","16":"purchasable","17":"product-type-simple"},"_links":{"self":[{"href":"https:\/\/roveyayinevi.com.tr\/index.php\/wp-json\/wp\/v2\/product\/729018","targetHints":{"allow":["GET"]}}],"collection":[{"href":"https:\/\/roveyayinevi.com.tr\/index.php\/wp-json\/wp\/v2\/product"}],"about":[{"href":"https:\/\/roveyayinevi.com.tr\/index.php\/wp-json\/wp\/v2\/types\/product"}],"wp:attachment":[{"href":"https:\/\/roveyayinevi.com.tr\/index.php\/wp-json\/wp\/v2\/media?parent=729018"}],"wp:term":[{"taxonomy":"product_brand","embeddable":true,"href":"https:\/\/roveyayinevi.com.tr\/index.php\/wp-json\/wp\/v2\/product_brand?post=729018"},{"taxonomy":"product_cat","embeddable":true,"href":"https:\/\/roveyayinevi.com.tr\/index.php\/wp-json\/wp\/v2\/product_cat?post=729018"},{"taxonomy":"product_tag","embeddable":true,"href":"https:\/\/roveyayinevi.com.tr\/index.php\/wp-json\/wp\/v2\/product_tag?post=729018"}],"curies":[{"name":"wp","href":"https:\/\/api.w.org\/{rel}","templated":true}]}}