{"id":729015,"date":"2025-08-27T20:48:43","date_gmt":"2025-08-27T17:48:43","guid":{"rendered":"https:\/\/roveyayinevi.com.tr\/index.php\/urun\/collere-fidan-dikerim\/"},"modified":"2026-04-16T02:36:43","modified_gmt":"2026-04-15T23:36:43","slug":"collere-fidan-dikerim","status":"publish","type":"product","link":"https:\/\/roveyayinevi.com.tr\/index.php\/urun\/collere-fidan-dikerim\/","title":{"rendered":"\u00c7\u00f6llere Fidan Dikerim"},"content":{"rendered":"<p>Ben demedim i\u00e7im s\u00f6yler D\u00fcnyas\u0131 G\u00fczel\u2019im inler Kervanlar dizilmi\u015f gider \u00c7\u00f6llere fidan dikerim\u2026 <\/p>\n","protected":false},"excerpt":{"rendered":"<p>Ben demedim i\u00e7im s\u00f6yler D\u00fcnyas\u0131 G\u00fczel\u2019im inler Kervanlar dizilmi\u015f gider \u00c7\u00f6llere fidan dikerim\u2026<\/p>\n","protected":false},"featured_media":0,"template":"","meta":{"_monsterinsights_skip_tracking":false,"_monsterinsights_sitenote_active":false,"_monsterinsights_sitenote_note":"","_monsterinsights_sitenote_category":0},"product_brand":[],"product_cat":[12291,12509],"product_tag":[],"class_list":{"0":"post-729015","1":"product","2":"type-product","3":"status-publish","5":"product_cat-edebiyat","6":"product_cat-siir","7":"pa_cilt-ciltsiz","8":"pa_tur-kitap","9":"pa_yayinevi-kuytu-yayinlari","10":"pa_yazar-ergun-kose","12":"first","13":"instock","14":"sale","15":"shipping-taxable","16":"purchasable","17":"product-type-simple"},"_links":{"self":[{"href":"https:\/\/roveyayinevi.com.tr\/index.php\/wp-json\/wp\/v2\/product\/729015","targetHints":{"allow":["GET"]}}],"collection":[{"href":"https:\/\/roveyayinevi.com.tr\/index.php\/wp-json\/wp\/v2\/product"}],"about":[{"href":"https:\/\/roveyayinevi.com.tr\/index.php\/wp-json\/wp\/v2\/types\/product"}],"wp:attachment":[{"href":"https:\/\/roveyayinevi.com.tr\/index.php\/wp-json\/wp\/v2\/media?parent=729015"}],"wp:term":[{"taxonomy":"product_brand","embeddable":true,"href":"https:\/\/roveyayinevi.com.tr\/index.php\/wp-json\/wp\/v2\/product_brand?post=729015"},{"taxonomy":"product_cat","embeddable":true,"href":"https:\/\/roveyayinevi.com.tr\/index.php\/wp-json\/wp\/v2\/product_cat?post=729015"},{"taxonomy":"product_tag","embeddable":true,"href":"https:\/\/roveyayinevi.com.tr\/index.php\/wp-json\/wp\/v2\/product_tag?post=729015"}],"curies":[{"name":"wp","href":"https:\/\/api.w.org\/{rel}","templated":true}]}}