{"id":729013,"date":"2025-08-27T20:48:41","date_gmt":"2025-08-27T17:48:41","guid":{"rendered":"https:\/\/roveyayinevi.com.tr\/index.php\/urun\/saftirik-15-cikmaza-girdik\/"},"modified":"2026-04-16T02:36:43","modified_gmt":"2026-04-15T23:36:43","slug":"saftirik-15-cikmaza-girdik","status":"publish","type":"product","link":"https:\/\/roveyayinevi.com.tr\/index.php\/urun\/saftirik-15-cikmaza-girdik\/","title":{"rendered":"Saftirik 15 &#8211; \u00c7\u0131kmaza Girdik"},"content":{"rendered":"<p>Jeff Kinney\u2019den Saftirik serisinin 15. kitab\u0131 \u00c7\u0131kmaza Girdik sizlerle! D\u00fcnya genelinde milyonlarca kopya satan Saftirik serisi yepyeni kitab\u0131yla yine \u00e7ok e\u011flenceli. Okurken kahkahalara bo\u011fulaca\u011f\u0131n\u0131z muhte\u015fem bir maceraya daha var m\u0131s\u0131n\u0131z? Greg Heffley ve ailesi bu kez uzun bir karavan yolculu\u011funda ama i\u015fler istedikleri gibi gitmiyor. \u00d6nce ba\u015flar\u0131 ay\u0131larla derde giriyor, sonra da cennet gibi bir yerde tatil yapacaklar\u0131n\u0131 zannederken kendilerini korkun\u00e7 bir karavan kamp\u0131nda buluyorlar. Berbat havuz partileri, havada u\u00e7u\u015fan karpuzlar, kamp alan\u0131n\u0131 basan kokarcalar\u2026 \u00dcst\u00fcne bir de g\u00f6k delinip ortal\u0131\u011f\u0131 sel g\u00f6t\u00fcrmesin mi? \u00c7at\u0131r \u00e7at\u0131r d\u00fc\u015fen y\u0131ld\u0131r\u0131mlar da cabas\u0131. Bir an \u00f6nce bu tatili kurtarman\u0131n bir yolunu bulmalar\u0131 laz\u0131m, yoksa her \u015fey i\u00e7in \u00e7ok ge\u00e7 olacak! <\/p>\n","protected":false},"excerpt":{"rendered":"<p>Jeff Kinney\u2019den Saftirik serisinin 15. kitab\u0131 \u00c7\u0131kmaza Girdik sizlerle! D\u00fcnya genelinde milyonlarca kopya satan Saftirik serisi yepyeni kitab\u0131yla yine \u00e7ok e\u011flenceli. Okurken kahkahalara bo\u011fulaca\u011f\u0131n\u0131z muhte\u015fem bir<span class=\"excerpt-hellip\"> [\u2026]<\/span><\/p>\n","protected":false},"featured_media":0,"template":"","meta":{"_monsterinsights_skip_tracking":false,"_monsterinsights_sitenote_active":false,"_monsterinsights_sitenote_note":"","_monsterinsights_sitenote_category":0},"product_brand":[],"product_cat":[12275,12274],"product_tag":[],"class_list":{"0":"post-729013","1":"product","2":"type-product","3":"status-publish","5":"product_cat-6-12-yas-kitaplari","6":"product_cat-cocuk-ve-genclik-kitaplari","7":"pa_cilt-ciltli","8":"pa_tur-kitap","9":"pa_yayinevi-epsilon-yayinlari","10":"pa_yazar-jeff-kinney","12":"first","13":"instock","14":"sale","15":"shipping-taxable","16":"purchasable","17":"product-type-simple"},"_links":{"self":[{"href":"https:\/\/roveyayinevi.com.tr\/index.php\/wp-json\/wp\/v2\/product\/729013","targetHints":{"allow":["GET"]}}],"collection":[{"href":"https:\/\/roveyayinevi.com.tr\/index.php\/wp-json\/wp\/v2\/product"}],"about":[{"href":"https:\/\/roveyayinevi.com.tr\/index.php\/wp-json\/wp\/v2\/types\/product"}],"wp:attachment":[{"href":"https:\/\/roveyayinevi.com.tr\/index.php\/wp-json\/wp\/v2\/media?parent=729013"}],"wp:term":[{"taxonomy":"product_brand","embeddable":true,"href":"https:\/\/roveyayinevi.com.tr\/index.php\/wp-json\/wp\/v2\/product_brand?post=729013"},{"taxonomy":"product_cat","embeddable":true,"href":"https:\/\/roveyayinevi.com.tr\/index.php\/wp-json\/wp\/v2\/product_cat?post=729013"},{"taxonomy":"product_tag","embeddable":true,"href":"https:\/\/roveyayinevi.com.tr\/index.php\/wp-json\/wp\/v2\/product_tag?post=729013"}],"curies":[{"name":"wp","href":"https:\/\/api.w.org\/{rel}","templated":true}]}}