{"id":729009,"date":"2025-08-27T20:48:37","date_gmt":"2025-08-27T17:48:37","guid":{"rendered":"https:\/\/roveyayinevi.com.tr\/index.php\/urun\/cocuk-bilim-insanlari\/"},"modified":"2026-04-16T02:36:43","modified_gmt":"2026-04-15T23:36:43","slug":"cocuk-bilim-insanlari","status":"publish","type":"product","link":"https:\/\/roveyayinevi.com.tr\/index.php\/urun\/cocuk-bilim-insanlari\/","title":{"rendered":"\u00c7ocuk Bilim \u0130nsanlar\u0131"},"content":{"rendered":"<p>Bilim insan\u0131n\u0131n g\u00f6revi sorular sormak ve cevaplar\u0131n pe\u015finden ko\u015fmakt\u0131r, peki bu i\u015fi bir \u00e7ocuktan daha iyi kim becerebilir? Bilim insanlar\u0131 i\u015fe \u201cneden?\u201d diye sorarak ba\u015flar ama sonunda \u201cnas\u0131l?\u201d sorusunun cevab\u0131na ula\u015f\u0131rlar. Bu kitaptaki baz\u0131 bilim insanlar\u0131n\u0131n adlar\u0131n\u0131 bilmiyor olabilirsiniz ama onlar sayesinde k\u00fctle \u00e7ekimini, DNA\u2019y\u0131, karanl\u0131k maddeyi ve kara delikleri \u00f6\u011frendik. Bilim insanlar\u0131, \u00e7\u0131\u011f\u0131r a\u00e7an ke\u015fiflerini ger\u00e7ekle\u015ftirmeden \u00f6nce \u00e7evrelerini merak eden s\u0131radan birer \u00e7ocuktu<\/p>\n","protected":false},"excerpt":{"rendered":"<p>Bilim insan\u0131n\u0131n g\u00f6revi sorular sormak ve cevaplar\u0131n pe\u015finden ko\u015fmakt\u0131r, peki bu i\u015fi bir \u00e7ocuktan daha iyi kim becerebilir? Bilim insanlar\u0131 i\u015fe \u201cneden?\u201d diye sorarak ba\u015flar ama<span class=\"excerpt-hellip\"> [\u2026]<\/span><\/p>\n","protected":false},"featured_media":0,"template":"","meta":{"_monsterinsights_skip_tracking":false,"_monsterinsights_sitenote_active":false,"_monsterinsights_sitenote_note":"","_monsterinsights_sitenote_category":0},"product_brand":[],"product_cat":[13829,12274],"product_tag":[],"class_list":{"0":"post-729009","1":"product","2":"type-product","3":"status-publish","5":"product_cat-bilimsel-kitaplar","6":"product_cat-cocuk-ve-genclik-kitaplari","7":"pa_cilt-ciltsiz","8":"pa_tur-kitap","9":"pa_yayinevi-hep-kitap","10":"pa_yazar-david-stabler","12":"first","13":"instock","14":"sale","15":"shipping-taxable","16":"purchasable","17":"product-type-simple"},"_links":{"self":[{"href":"https:\/\/roveyayinevi.com.tr\/index.php\/wp-json\/wp\/v2\/product\/729009","targetHints":{"allow":["GET"]}}],"collection":[{"href":"https:\/\/roveyayinevi.com.tr\/index.php\/wp-json\/wp\/v2\/product"}],"about":[{"href":"https:\/\/roveyayinevi.com.tr\/index.php\/wp-json\/wp\/v2\/types\/product"}],"wp:attachment":[{"href":"https:\/\/roveyayinevi.com.tr\/index.php\/wp-json\/wp\/v2\/media?parent=729009"}],"wp:term":[{"taxonomy":"product_brand","embeddable":true,"href":"https:\/\/roveyayinevi.com.tr\/index.php\/wp-json\/wp\/v2\/product_brand?post=729009"},{"taxonomy":"product_cat","embeddable":true,"href":"https:\/\/roveyayinevi.com.tr\/index.php\/wp-json\/wp\/v2\/product_cat?post=729009"},{"taxonomy":"product_tag","embeddable":true,"href":"https:\/\/roveyayinevi.com.tr\/index.php\/wp-json\/wp\/v2\/product_tag?post=729009"}],"curies":[{"name":"wp","href":"https:\/\/api.w.org\/{rel}","templated":true}]}}