{"id":729005,"date":"2025-08-27T20:48:33","date_gmt":"2025-08-27T17:48:33","guid":{"rendered":"https:\/\/roveyayinevi.com.tr\/index.php\/urun\/bu-kitap-gri\/"},"modified":"2026-04-16T02:36:43","modified_gmt":"2026-04-15T23:36:43","slug":"bu-kitap-gri","status":"publish","type":"product","link":"https:\/\/roveyayinevi.com.tr\/index.php\/urun\/bu-kitap-gri\/","title":{"rendered":"Bu Kitap Gri"},"content":{"rendered":"<p>Gri&#8217;nin tek istedi\u011fi, di\u011fer renklerle birlikte olmakm\u0131\u015f. Ama di\u011fer renkler onu hi\u00e7 bir zaman aralar\u0131na alm\u0131yorlarm\u0131\u015f. B\u00f6ylece Gri de kendi projesini yaratmaya karar vermi\u015f: Tamamen gri bir kitap. Bir varm\u0131\u015f bir yokmu\u015f, bir kurt, bir yavru kedi ve bir suayg\u0131r\u0131&#8230; Gri, kitab\u0131n m\u00fckemmel olaca\u011f\u0131n\u0131 biliyormu\u015f. Ama birbiri ard\u0131na sayfalar\u0131n\u0131 resimlerken ana ve ara renkler \u00e7\u0131kagelmi\u015fler&#8230; ve pek de mutlu de\u011fillermi\u015f.<\/p>\n","protected":false},"excerpt":{"rendered":"<p>Gri&#8217;nin tek istedi\u011fi, di\u011fer renklerle birlikte olmakm\u0131\u015f. Ama di\u011fer renkler onu hi\u00e7 bir zaman aralar\u0131na alm\u0131yorlarm\u0131\u015f. B\u00f6ylece Gri de kendi projesini yaratmaya karar vermi\u015f: Tamamen gri<span class=\"excerpt-hellip\"> [\u2026]<\/span><\/p>\n","protected":false},"featured_media":0,"template":"","meta":{"_monsterinsights_skip_tracking":false,"_monsterinsights_sitenote_active":false,"_monsterinsights_sitenote_note":"","_monsterinsights_sitenote_category":0},"product_brand":[],"product_cat":[12274,12518],"product_tag":[],"class_list":{"0":"post-729005","1":"product","2":"type-product","3":"status-publish","5":"product_cat-cocuk-ve-genclik-kitaplari","6":"product_cat-okul-oncesi-kitaplar","7":"pa_cilt-ciltsiz","8":"pa_tur-kitap","9":"pa_yayinevi-bilgi-yayinevi-cocuk","10":"pa_yazar-lindsay-ward","12":"first","13":"instock","14":"sale","15":"shipping-taxable","16":"purchasable","17":"product-type-simple"},"_links":{"self":[{"href":"https:\/\/roveyayinevi.com.tr\/index.php\/wp-json\/wp\/v2\/product\/729005","targetHints":{"allow":["GET"]}}],"collection":[{"href":"https:\/\/roveyayinevi.com.tr\/index.php\/wp-json\/wp\/v2\/product"}],"about":[{"href":"https:\/\/roveyayinevi.com.tr\/index.php\/wp-json\/wp\/v2\/types\/product"}],"wp:attachment":[{"href":"https:\/\/roveyayinevi.com.tr\/index.php\/wp-json\/wp\/v2\/media?parent=729005"}],"wp:term":[{"taxonomy":"product_brand","embeddable":true,"href":"https:\/\/roveyayinevi.com.tr\/index.php\/wp-json\/wp\/v2\/product_brand?post=729005"},{"taxonomy":"product_cat","embeddable":true,"href":"https:\/\/roveyayinevi.com.tr\/index.php\/wp-json\/wp\/v2\/product_cat?post=729005"},{"taxonomy":"product_tag","embeddable":true,"href":"https:\/\/roveyayinevi.com.tr\/index.php\/wp-json\/wp\/v2\/product_tag?post=729005"}],"curies":[{"name":"wp","href":"https:\/\/api.w.org\/{rel}","templated":true}]}}