{"id":729004,"date":"2025-08-27T20:48:32","date_gmt":"2025-08-27T17:48:32","guid":{"rendered":"https:\/\/roveyayinevi.com.tr\/index.php\/urun\/bes-benzemez-dinozorlar-sehri-bes-benzemezin-seruvenleri-2\/"},"modified":"2026-04-16T02:36:43","modified_gmt":"2026-04-15T23:36:43","slug":"bes-benzemez-dinozorlar-sehri-bes-benzemezin-seruvenleri-2","status":"publish","type":"product","link":"https:\/\/roveyayinevi.com.tr\/index.php\/urun\/bes-benzemez-dinozorlar-sehri-bes-benzemezin-seruvenleri-2\/","title":{"rendered":"Be\u015f Benzemez Dinozorlar \u015eehri &#8211; Be\u015f Benzemez&#8217;in Ser\u00fcvenleri 2"},"content":{"rendered":"<p>Bak sen \u015fu i\u015fe! Mahallenin tatl\u0131 Adile Teyzesinin Be\u015f Benzemez ad\u0131n\u0131 takt\u0131\u011f\u0131 afacan ekip yine i\u015f ba\u015f\u0131nda. \u00dcstelik bu kez \u00fcstlendikleri g\u00f6rev \u00e7ok daha kahkaha dolu.Kemerleri ba\u011flay\u0131n. \u0130lkinden de tuhaf ve e\u011flenceli bir ser\u00fcven ba\u015fl\u0131yor.<\/p>\n","protected":false},"excerpt":{"rendered":"<p>Bak sen \u015fu i\u015fe! Mahallenin tatl\u0131 Adile Teyzesinin Be\u015f Benzemez ad\u0131n\u0131 takt\u0131\u011f\u0131 afacan ekip yine i\u015f ba\u015f\u0131nda. \u00dcstelik bu kez \u00fcstlendikleri g\u00f6rev \u00e7ok daha kahkaha dolu.Kemerleri<span class=\"excerpt-hellip\"> [\u2026]<\/span><\/p>\n","protected":false},"featured_media":0,"template":"","meta":{"_monsterinsights_skip_tracking":false,"_monsterinsights_sitenote_active":false,"_monsterinsights_sitenote_note":"","_monsterinsights_sitenote_category":0},"product_brand":[],"product_cat":[12275,12274],"product_tag":[],"class_list":{"0":"post-729004","1":"product","2":"type-product","3":"status-publish","5":"product_cat-6-12-yas-kitaplari","6":"product_cat-cocuk-ve-genclik-kitaplari","7":"pa_cilt-ciltsiz","8":"pa_tur-kitap","9":"pa_yayinevi-bilgi-yayinevi-cocuk","10":"pa_yazar-askin-gungor","12":"first","13":"instock","14":"sale","15":"shipping-taxable","16":"purchasable","17":"product-type-simple"},"_links":{"self":[{"href":"https:\/\/roveyayinevi.com.tr\/index.php\/wp-json\/wp\/v2\/product\/729004","targetHints":{"allow":["GET"]}}],"collection":[{"href":"https:\/\/roveyayinevi.com.tr\/index.php\/wp-json\/wp\/v2\/product"}],"about":[{"href":"https:\/\/roveyayinevi.com.tr\/index.php\/wp-json\/wp\/v2\/types\/product"}],"wp:attachment":[{"href":"https:\/\/roveyayinevi.com.tr\/index.php\/wp-json\/wp\/v2\/media?parent=729004"}],"wp:term":[{"taxonomy":"product_brand","embeddable":true,"href":"https:\/\/roveyayinevi.com.tr\/index.php\/wp-json\/wp\/v2\/product_brand?post=729004"},{"taxonomy":"product_cat","embeddable":true,"href":"https:\/\/roveyayinevi.com.tr\/index.php\/wp-json\/wp\/v2\/product_cat?post=729004"},{"taxonomy":"product_tag","embeddable":true,"href":"https:\/\/roveyayinevi.com.tr\/index.php\/wp-json\/wp\/v2\/product_tag?post=729004"}],"curies":[{"name":"wp","href":"https:\/\/api.w.org\/{rel}","templated":true}]}}