{"id":729000,"date":"2025-08-27T20:48:27","date_gmt":"2025-08-27T17:48:27","guid":{"rendered":"https:\/\/roveyayinevi.com.tr\/index.php\/urun\/babiskomel-macera\/"},"modified":"2026-04-16T02:36:43","modified_gmt":"2026-04-15T23:36:43","slug":"babiskomel-macera","status":"publish","type":"product","link":"https:\/\/roveyayinevi.com.tr\/index.php\/urun\/babiskomel-macera\/","title":{"rendered":"Babi\u015fkomel Macera"},"content":{"rendered":"<p>Bazen en harika maceralar evimizin iki ad\u0131m uza\u011f\u0131ndad\u0131r\u2026Holly, annesi, k\u00fc\u00e7\u00fck karde\u015fi ve k\u00f6pekleriyle evde t\u0131k\u0131l\u0131p kal\u0131rken babas\u0131 d\u00fcnyan\u0131n d\u00f6rt yan\u0131nda maceralar ya\u015fayan bir gezgin! \u015eimdiyse yeni bir geziye \u00e7\u0131km\u0131\u015ft\u0131r ve Holly\u2019nin onuncu ya\u015f g\u00fcn\u00fcn\u00fc ka\u00e7\u0131racakt\u0131r. Holly bu durumdan hi\u00e7 memnun de\u011fildir\u2026 ta ki babas\u0131n\u0131n kendisine \u00f6zel haz\u0131rlad\u0131\u011f\u0131 ola\u011fan\u00fcst\u00fc hazine av\u0131n\u0131 \u00f6\u011frenene kadar. Kimi sa\u00e7ma, kimi zorlu, kimiyse b\u00fcsb\u00fct\u00fcn korkun\u00e7 on g\u00f6revi tamamlamak i\u00e7in on g\u00fcn\u00fc vard\u0131r.Evde hayat o kadar da s\u0131k\u0131c\u0131 de\u011fildir belki de.<\/p>\n","protected":false},"excerpt":{"rendered":"<p>Bazen en harika maceralar evimizin iki ad\u0131m uza\u011f\u0131ndad\u0131r\u2026Holly, annesi, k\u00fc\u00e7\u00fck karde\u015fi ve k\u00f6pekleriyle evde t\u0131k\u0131l\u0131p kal\u0131rken babas\u0131 d\u00fcnyan\u0131n d\u00f6rt yan\u0131nda maceralar ya\u015fayan bir gezgin! \u015eimdiyse yeni<span class=\"excerpt-hellip\"> [\u2026]<\/span><\/p>\n","protected":false},"featured_media":0,"template":"","meta":{"_monsterinsights_skip_tracking":false,"_monsterinsights_sitenote_active":false,"_monsterinsights_sitenote_note":"","_monsterinsights_sitenote_category":0},"product_brand":[],"product_cat":[12275,12274],"product_tag":[],"class_list":{"0":"post-729000","1":"product","2":"type-product","3":"status-publish","5":"product_cat-6-12-yas-kitaplari","6":"product_cat-cocuk-ve-genclik-kitaplari","7":"pa_cilt-ciltsiz","8":"pa_tur-kitap","9":"pa_yayinevi-bilgi-yayinevi-cocuk","10":"pa_yazar-dave-lowe","12":"first","13":"instock","14":"sale","15":"shipping-taxable","16":"purchasable","17":"product-type-simple"},"_links":{"self":[{"href":"https:\/\/roveyayinevi.com.tr\/index.php\/wp-json\/wp\/v2\/product\/729000","targetHints":{"allow":["GET"]}}],"collection":[{"href":"https:\/\/roveyayinevi.com.tr\/index.php\/wp-json\/wp\/v2\/product"}],"about":[{"href":"https:\/\/roveyayinevi.com.tr\/index.php\/wp-json\/wp\/v2\/types\/product"}],"wp:attachment":[{"href":"https:\/\/roveyayinevi.com.tr\/index.php\/wp-json\/wp\/v2\/media?parent=729000"}],"wp:term":[{"taxonomy":"product_brand","embeddable":true,"href":"https:\/\/roveyayinevi.com.tr\/index.php\/wp-json\/wp\/v2\/product_brand?post=729000"},{"taxonomy":"product_cat","embeddable":true,"href":"https:\/\/roveyayinevi.com.tr\/index.php\/wp-json\/wp\/v2\/product_cat?post=729000"},{"taxonomy":"product_tag","embeddable":true,"href":"https:\/\/roveyayinevi.com.tr\/index.php\/wp-json\/wp\/v2\/product_tag?post=729000"}],"curies":[{"name":"wp","href":"https:\/\/api.w.org\/{rel}","templated":true}]}}