{"id":728999,"date":"2025-08-27T20:48:26","date_gmt":"2025-08-27T17:48:26","guid":{"rendered":"https:\/\/roveyayinevi.com.tr\/index.php\/urun\/ben-ben-olumle-on-yedi-karsilasma\/"},"modified":"2026-04-16T02:36:43","modified_gmt":"2026-04-15T23:36:43","slug":"ben-ben-olumle-on-yedi-karsilasma","status":"publish","type":"product","link":"https:\/\/roveyayinevi.com.tr\/index.php\/urun\/ben-ben-olumle-on-yedi-karsilasma\/","title":{"rendered":"Ben Ben &#8211; \u00d6l\u00fcmle On Yedi Kar\u015f\u0131la\u015fma"},"content":{"rendered":"<p>\u201cYilin Kitabi\u201d Se\u00e7kilerinde  Sunday Times &#8211; Guardian &#8211; Times Observer -Telegraph    \u00d6l\u00fcmc\u00fcl Seyreden Bir \u00c7ocukluk Hastal\u0131\u011f\u0131, Neredeyse  Felaketle Sonlanacak Bir Ergenlik Isyan\u0131, Iss\u0131z Bir Patikada Bir Seri Katille Kar\u015f\u0131la\u015fma, Eksik Personelli Bir Hastanede Beceriksizce Yapt\u0131r\u0131lan Bir Do\u011fum. Bunlar \u00c7a\u011fda\u015f Edebiyat\u0131n \u00d6nemli Yazarlar\u0131ndan, Costa \u00d6d\u00fcl\u00fc Sahibi Maggie O\u2019farrell\u2019\u0131n Bizzat Ya\u015fad\u0131\u011f\u0131 Ve Bu S\u0131ra D\u0131\u015f\u0131 An\u0131 Kitab\u0131yla Okuruyla Payla\u015ft\u0131\u011f\u0131, \u00d6l\u00fcmle On Yedi Kar\u015f\u0131la\u015fmas\u0131ndan Sadece D\u00f6rd\u00fc. Ger\u00e7ek, Soluksuz B\u0131rakan Ama Hepsinden \u00d6te, Bizlere \u201cDerin Bir Nefes Al\u0131p Kalbimizin At\u0131\u015f\u0131n\u0131 Dinlememizi\u201d Hat\u0131rlatan Bir An\u0131-Roman.   &#8220;Nefes Kesecek Kadar Iyi.&#8221; Guardian \u201cO\u2019farrell Eline Okla Yay\u0131 Al\u0131p Do\u011frudan Kalbe Ni\u015fanl\u0131yor.\u201d  Times \u201c\u00d6l\u00fcm Hakk\u0131nda Olup Da Kendimi Bu Kadar Canl\u0131 Hissettiren Hi\u00e7bir Kitap Olmad\u0131.\u201d  Tracy Chevalier \u201cO\u2019farrell Her Manada Bir Mucize. Bu Kitab\u0131 Asla Unutamayaca\u011f\u0131m.\u201d  Ann Patchett Goodreads Okur \u00d6d\u00fclleri  Ani Kategorisi Yari Finalisti <\/p>\n","protected":false},"excerpt":{"rendered":"<p>\u201cYilin Kitabi\u201d Se\u00e7kilerinde Sunday Times &#8211; Guardian &#8211; Times Observer -Telegraph \u00d6l\u00fcmc\u00fcl Seyreden Bir \u00c7ocukluk Hastal\u0131\u011f\u0131, Neredeyse Felaketle Sonlanacak Bir Ergenlik Isyan\u0131, Iss\u0131z Bir Patikada Bir<span class=\"excerpt-hellip\"> [\u2026]<\/span><\/p>\n","protected":false},"featured_media":0,"template":"","meta":{"_monsterinsights_skip_tracking":false,"_monsterinsights_sitenote_active":false,"_monsterinsights_sitenote_note":"","_monsterinsights_sitenote_category":0},"product_brand":[],"product_cat":[13701,12291],"product_tag":[],"class_list":{"0":"post-728999","1":"product","2":"type-product","3":"status-publish","5":"product_cat-ani-mektup-gunluk","6":"product_cat-edebiyat","7":"pa_cilt-ciltsiz","8":"pa_tur-kitap","9":"pa_yayinevi-domingo-yayinevi","10":"pa_yazar-maggie-ofarrell","12":"first","13":"instock","14":"sale","15":"shipping-taxable","16":"purchasable","17":"product-type-simple"},"_links":{"self":[{"href":"https:\/\/roveyayinevi.com.tr\/index.php\/wp-json\/wp\/v2\/product\/728999","targetHints":{"allow":["GET"]}}],"collection":[{"href":"https:\/\/roveyayinevi.com.tr\/index.php\/wp-json\/wp\/v2\/product"}],"about":[{"href":"https:\/\/roveyayinevi.com.tr\/index.php\/wp-json\/wp\/v2\/types\/product"}],"wp:attachment":[{"href":"https:\/\/roveyayinevi.com.tr\/index.php\/wp-json\/wp\/v2\/media?parent=728999"}],"wp:term":[{"taxonomy":"product_brand","embeddable":true,"href":"https:\/\/roveyayinevi.com.tr\/index.php\/wp-json\/wp\/v2\/product_brand?post=728999"},{"taxonomy":"product_cat","embeddable":true,"href":"https:\/\/roveyayinevi.com.tr\/index.php\/wp-json\/wp\/v2\/product_cat?post=728999"},{"taxonomy":"product_tag","embeddable":true,"href":"https:\/\/roveyayinevi.com.tr\/index.php\/wp-json\/wp\/v2\/product_tag?post=728999"}],"curies":[{"name":"wp","href":"https:\/\/api.w.org\/{rel}","templated":true}]}}