{"id":728998,"date":"2025-08-27T20:48:25","date_gmt":"2025-08-27T17:48:25","guid":{"rendered":"https:\/\/roveyayinevi.com.tr\/index.php\/urun\/islam-tarihinde-iz-birakan-21-kadin\/"},"modified":"2026-04-16T02:36:43","modified_gmt":"2026-04-15T23:36:43","slug":"islam-tarihinde-iz-birakan-21-kadin","status":"publish","type":"product","link":"https:\/\/roveyayinevi.com.tr\/index.php\/urun\/islam-tarihinde-iz-birakan-21-kadin\/","title":{"rendered":"\u0130slam Tarihinde \u0130z B\u0131rakan 21 Kad\u0131n"},"content":{"rendered":"<p>\u0130slam Tarihinde \u0130z B\u0131rakan 21 Kad\u0131n kitab\u0131, on yedinci y\u00fczy\u0131l Mekke ve Medine\u2019sinde ba\u015flay\u0131p, on birinci y\u00fczy\u0131l Yemen ve Horasan\u2019\u0131na uzan\u0131r. Sonra on alt\u0131nc\u0131 y\u00fczy\u0131l \u0130spanya\u2019s\u0131n\u0131, \u0130stanbul\u2019unu ve Hindistan\u2019\u0131n\u0131 inceler. Oradan da, bug\u00fcn\u00fcn Avrupa ve Amerika\u2019s\u0131na varmadan \u00f6nce, on dokuzuncu y\u00fczy\u0131l \u0130ran\u2019\u0131n\u0131, Afrika \u00e7ay\u0131rlar\u0131n\u0131 dola\u015farak, yirminci y\u00fczy\u0131l\u0131n Rusya\u2019s\u0131na, T\u00fcrkiye\u2019sine, M\u0131s\u0131r\u2019\u0131na ve Irak\u2019\u0131na kadar uzanarak bize d\u00fcnyay\u0131 gezdirir.Hossein Kamaly, Hazreti Muhammed\u2019in e\u015fi Hatice\u2019den ve \u0130slam dininin yay\u0131lma y\u0131llar\u0131na tan\u0131kl\u0131k eden kad\u0131nlardan ba\u015flayarak, yirmi birinci y\u00fczy\u0131ldaki \u00f6d\u00fcll\u00fc mimar Zaha Hadid\u2019e kadar, \u0130slam tarihindeki bu s\u0131ra d\u0131\u015f\u0131 kad\u0131nlar\u0131n ya\u015famlar\u0131n\u0131 ve \u00e7\u0131\u011f\u0131r a\u00e7an ba\u015far\u0131lar\u0131n\u0131 anlat\u0131yor.\u0130slam tarihi daha \u00f6nce hi\u00e7 bu \u015fekilde sunulmam\u0131\u015ft\u0131: Yirmi bir \u00f6nemli kad\u0131n\u0131n hayat\u0131n\u0131n anlat\u0131m\u0131yla!Kamaly, \u0130slam d\u00fcnyas\u0131n\u0131n uzun ve \u00e7e\u015fitli tarihinin kilit noktalar\u0131n\u0131 zarafet ve bilgelikle canl\u0131 bir \u015fekilde yakalam\u0131\u015f; ilk inananlardan, mistik \u015fairlere, Orta \u00c7a\u011f krali\u00e7elerinden iktidardaki e\u015flere, Sufi casuslar\u0131ndan milliyet\u00e7i \u015fark\u0131c\u0131lara, Irakl\u0131 mimarlardan \u0130ranl\u0131 matematik\u00e7ilere kadar bu tarihi olu\u015fturan ve d\u00fcnyam\u0131z\u0131 d\u00f6n\u00fc\u015ft\u00fcren ola\u011fan\u00fcst\u00fc kad\u0131nlardan kimilerini hayata ge\u00e7irmi\u015ftir.L\u0131la Abu-LughodColumbia \u00dcniversitesi Antropoloji B\u00f6l\u00fcm\u00fcSosyal Bilim Profes\u00f6r\u00fcHossein Kamaly, olduk\u00e7a okunakl\u0131 ve ilgi \u00e7ekici bu kitapla dinin do\u011fu\u015fundan g\u00fcn\u00fcm\u00fcze yirmi bir ola\u011fan\u00fcst\u00fc kad\u0131n\u0131n hayatlar\u0131n\u0131 ve ba\u015far\u0131lar\u0131n\u0131 anlatarak bizi \u0130slam tarihini yeniden d\u00fc\u015f\u00fcnmeye davet ediyor. Bu, geleneksel erkek odakl\u0131 M\u00fcsl\u00fcman tarihi i\u00e7in \u00e7ok ihtiya\u00e7 duyulan bir d\u00fczeltmedir.Z\u0131ba M\u0131r-Hosse\u0131n\u0131Londra \u00dcniversitesi Temel Ara\u015ft\u0131rma G\u00f6revlisi<\/p>\n","protected":false},"excerpt":{"rendered":"<p>\u0130slam Tarihinde \u0130z B\u0131rakan 21 Kad\u0131n kitab\u0131, on yedinci y\u00fczy\u0131l Mekke ve Medine\u2019sinde ba\u015flay\u0131p, on birinci y\u00fczy\u0131l Yemen ve Horasan\u2019\u0131na uzan\u0131r. Sonra on alt\u0131nc\u0131 y\u00fczy\u0131l \u0130spanya\u2019s\u0131n\u0131,<span class=\"excerpt-hellip\"> [\u2026]<\/span><\/p>\n","protected":false},"featured_media":0,"template":"","meta":{"_monsterinsights_skip_tracking":false,"_monsterinsights_sitenote_active":false,"_monsterinsights_sitenote_note":"","_monsterinsights_sitenote_category":0},"product_brand":[],"product_cat":[12370,12304],"product_tag":[],"class_list":{"0":"post-728998","1":"product","2":"type-product","3":"status-publish","5":"product_cat-arastirma-inceleme","6":"product_cat-tarih","7":"pa_cilt-ciltsiz","8":"pa_tur-kitap","9":"pa_yayinevi-totem-yayinlari","10":"pa_yazar-hossein-kamaly","12":"first","13":"instock","14":"sale","15":"shipping-taxable","16":"purchasable","17":"product-type-simple"},"_links":{"self":[{"href":"https:\/\/roveyayinevi.com.tr\/index.php\/wp-json\/wp\/v2\/product\/728998","targetHints":{"allow":["GET"]}}],"collection":[{"href":"https:\/\/roveyayinevi.com.tr\/index.php\/wp-json\/wp\/v2\/product"}],"about":[{"href":"https:\/\/roveyayinevi.com.tr\/index.php\/wp-json\/wp\/v2\/types\/product"}],"wp:attachment":[{"href":"https:\/\/roveyayinevi.com.tr\/index.php\/wp-json\/wp\/v2\/media?parent=728998"}],"wp:term":[{"taxonomy":"product_brand","embeddable":true,"href":"https:\/\/roveyayinevi.com.tr\/index.php\/wp-json\/wp\/v2\/product_brand?post=728998"},{"taxonomy":"product_cat","embeddable":true,"href":"https:\/\/roveyayinevi.com.tr\/index.php\/wp-json\/wp\/v2\/product_cat?post=728998"},{"taxonomy":"product_tag","embeddable":true,"href":"https:\/\/roveyayinevi.com.tr\/index.php\/wp-json\/wp\/v2\/product_tag?post=728998"}],"curies":[{"name":"wp","href":"https:\/\/api.w.org\/{rel}","templated":true}]}}