{"id":728997,"date":"2025-08-27T20:48:24","date_gmt":"2025-08-27T17:48:24","guid":{"rendered":"https:\/\/roveyayinevi.com.tr\/index.php\/urun\/dunya-tarihinde-iz-birakan-21-kadin\/"},"modified":"2026-04-16T02:36:43","modified_gmt":"2026-04-15T23:36:43","slug":"dunya-tarihinde-iz-birakan-21-kadin","status":"publish","type":"product","link":"https:\/\/roveyayinevi.com.tr\/index.php\/urun\/dunya-tarihinde-iz-birakan-21-kadin\/","title":{"rendered":"D\u00fcnya Tarihinde \u0130z B\u0131rakan 21 Kad\u0131n"},"content":{"rendered":"<p>Ba\u015fkalar\u0131 sadece izlerken, onlar liderlik yapt\u0131lar. Aya\u011fa kalkt\u0131lar ve kimsenin tek s\u00f6z s\u00f6yleyemedi\u011fi zamanlarda konu\u015ftular. Bilim, sanat, edebiyat ve m\u00fczikte kal\u0131plar\u0131 k\u0131rd\u0131lar. Devlet y\u00f6netimi ve politika gibi erkek egemen alanlarda s\u00f6z sahibi oldular. Her biri de\u011fi\u015fim i\u00e7in kendi y\u00f6ntemleriyle sava\u015ft\u0131. Ge\u00e7mi\u015ften g\u00fcn\u00fcm\u00fcze sanat\u00e7\u0131lar\u0131, politikac\u0131lar\u0131, aktivistleri, muhabirleri, imparatori\u00e7eleri ve devlet ba\u015fkanlar\u0131n\u0131 kapsayan \u201cD\u00fcnya Tarihinde \u0130z B\u0131rakan 21 Kad\u0131n\u201d kitab\u0131nda yer alan, d\u00fcnyam\u0131z\u0131n \u015fekillenmesinde derin etkisi olan bu ola\u011fan\u00fcst\u00fc kad\u0131nlar\u0131n hayatlar\u0131n\u0131, m\u00fccadelelerini ve ba\u015far\u0131lar\u0131n\u0131 okurken hayranl\u0131k ve g\u0131pta duymamak neredeyse imk\u00e2ns\u0131z.Jenni Murray kad\u0131nlar\u0131n ba\u015far\u0131lar\u0131n\u0131 kutlama amac\u0131n\u0131 ba\u015fard\u0131. Ancak bu kitap ba\u015fl\u0131 ba\u015f\u0131na bir ba\u015far\u0131. Kendisini feminist olarak tan\u0131mlayan (ve fark\u0131nda olmayan) herkesin okumas\u0131 gereken bir kitap.Resurgence &amp; EcologistB\u00fcy\u00fcleyici &#8230; Murray\u2019in se\u00e7imi ho\u015f bir \u015fekilde \u00e7e\u015fitli. Ancak koleksiyonun g\u00fcc\u00fc, yazar\u0131n rahat ve samimi stilinde yatmakta. Ola\u011fan\u00fcst\u00fc kad\u0131nlar\u0131n ba\u015far\u0131lar\u0131n\u0131n ve karma\u015f\u0131k miraslar\u0131n\u0131n bir kan\u0131t\u0131d\u0131r bu kitap.BBC History MagazineH\u0131rsl\u0131, ilgi \u00e7ekici ve eri\u015filebilir &#8230; D\u00fcnyan\u0131n bu \u201c\u0131sl\u0131k dura\u011f\u0131\u201d turunun kurat\u00f6rl\u00fc\u011f\u00fcn\u00fc yapmak ve farkl\u0131 zamanlarda ve farkl\u0131 yerlerde farkl\u0131 olmaya cesaret eden 21 kad\u0131n\u0131 tan\u0131tmak i\u00e7in Jenni Murray\u2019den daha iyi kim var?Dr. Anna Whitelock (\u201cMary Tudor: \u0130ngiltere\u2019nin \u0130lk Krali\u00e7esi\u201d kitab\u0131n\u0131n yazar\u0131)<\/p>\n","protected":false},"excerpt":{"rendered":"<p>Ba\u015fkalar\u0131 sadece izlerken, onlar liderlik yapt\u0131lar. Aya\u011fa kalkt\u0131lar ve kimsenin tek s\u00f6z s\u00f6yleyemedi\u011fi zamanlarda konu\u015ftular. Bilim, sanat, edebiyat ve m\u00fczikte kal\u0131plar\u0131 k\u0131rd\u0131lar. Devlet y\u00f6netimi ve politika<span class=\"excerpt-hellip\"> [\u2026]<\/span><\/p>\n","protected":false},"featured_media":0,"template":"","meta":{"_monsterinsights_skip_tracking":false,"_monsterinsights_sitenote_active":false,"_monsterinsights_sitenote_note":"","_monsterinsights_sitenote_category":0},"product_brand":[],"product_cat":[12370,12304],"product_tag":[],"class_list":{"0":"post-728997","1":"product","2":"type-product","3":"status-publish","5":"product_cat-arastirma-inceleme","6":"product_cat-tarih","7":"pa_cilt-ciltsiz","8":"pa_tur-kitap","9":"pa_yayinevi-totem-yayinlari","10":"pa_yazar-jenni-murray","12":"first","13":"instock","14":"sale","15":"shipping-taxable","16":"purchasable","17":"product-type-simple"},"_links":{"self":[{"href":"https:\/\/roveyayinevi.com.tr\/index.php\/wp-json\/wp\/v2\/product\/728997","targetHints":{"allow":["GET"]}}],"collection":[{"href":"https:\/\/roveyayinevi.com.tr\/index.php\/wp-json\/wp\/v2\/product"}],"about":[{"href":"https:\/\/roveyayinevi.com.tr\/index.php\/wp-json\/wp\/v2\/types\/product"}],"wp:attachment":[{"href":"https:\/\/roveyayinevi.com.tr\/index.php\/wp-json\/wp\/v2\/media?parent=728997"}],"wp:term":[{"taxonomy":"product_brand","embeddable":true,"href":"https:\/\/roveyayinevi.com.tr\/index.php\/wp-json\/wp\/v2\/product_brand?post=728997"},{"taxonomy":"product_cat","embeddable":true,"href":"https:\/\/roveyayinevi.com.tr\/index.php\/wp-json\/wp\/v2\/product_cat?post=728997"},{"taxonomy":"product_tag","embeddable":true,"href":"https:\/\/roveyayinevi.com.tr\/index.php\/wp-json\/wp\/v2\/product_tag?post=728997"}],"curies":[{"name":"wp","href":"https:\/\/api.w.org\/{rel}","templated":true}]}}